{"id":134533,"date":"2024-07-23T13:32:47","date_gmt":"2024-07-23T20:32:47","guid":{"rendered":"https:\/\/glandine.com\/product\/p-a-r-o-s-h-chic-beige-trenchcoat-mantel\/"},"modified":"2024-11-29T14:24:43","modified_gmt":"2024-11-29T13:24:43","slug":"p-a-r-o-s-h-chic-beige-trenchcoat-mantel","status":"publish","type":"product","link":"https:\/\/tpmadalina42.supserv.cozmoslabs.com\/fi\/tuote-2\/p-a-r-o-s-h-chic-beige-trenchcoat-mantel\/","title":{"rendered":"PAROSH Chic Beige Trenditakki"},"content":{"rendered":"<p>Entdecken Sie den Inbegriff von Eleganz mit unserer exquisiten beigen Trenchcoat-Jacke, einem gesch\u00e4tzten St\u00fcck aus der gesch\u00e4tzten P.A.R.O.S.H.-Kollektion. Diese brandneue Jacke, komplett mit Originaletiketten, sorgt f\u00fcr einen Hauch von Luxus in Kombination mit funktionellem Design. Mit durchgehendem Rei\u00dfverschluss und stilvollem Knopfverschluss, erg\u00e4nzt durch einen taillenbetonten G\u00fcrtel und vier praktische Vordertaschen, ist sie die perfekte Mischung aus Mode und Funktionalit\u00e4t.<\/p>\n<p>V\u00e4ri: beige<br \/>\nAlkuper\u00e4maa: SE<br \/>\nMateriaali: 100% nylon<\/p>","protected":false},"excerpt":{"rendered":"<p>Entdecken Sie den Inbegriff von Eleganz mit unserer exquisiten beigen Trenchcoat-Jacke, einem gesch\u00e4tzten St\u00fcck aus der gesch\u00e4tzten P.A.R.O.S.H.-Kollektion. Diese brandneue Jacke, komplett mit Originaletiketten, sorgt f\u00fcr einen Hauch von Luxus in Kombination mit funktionellem Design. Mit durchgehendem Rei\u00dfverschluss und stilvollem Knopfverschluss, erg\u00e4nzt durch einen taillenbetonten G\u00fcrtel und vier praktische Vordertaschen, ist sie die perfekte Mischung [&hellip;]<\/p>","protected":false},"featured_media":134525,"template":"","meta":[],"product_brand":[2022],"product_cat":[1637,1670,1623],"product_tag":[],"class_list":{"0":"post-134533","1":"product","2":"type-product","3":"status-publish","4":"has-post-thumbnail","6":"product_brand-p-a-r-o-s-h","7":"product_cat-frauen-kleidung","8":"product_cat-jacken-maentel","9":"product_cat-kleidung","11":"first","12":"instock","13":"sale","14":"taxable","15":"shipping-taxable","16":"purchasable","17":"product-type-variable"},"_links":{"self":[{"href":"https:\/\/tpmadalina42.supserv.cozmoslabs.com\/fi\/wp-json\/wp\/v2\/product\/134533","targetHints":{"allow":["GET"]}}],"collection":[{"href":"https:\/\/tpmadalina42.supserv.cozmoslabs.com\/fi\/wp-json\/wp\/v2\/product"}],"about":[{"href":"https:\/\/tpmadalina42.supserv.cozmoslabs.com\/fi\/wp-json\/wp\/v2\/types\/product"}],"wp:featuredmedia":[{"embeddable":true,"href":"https:\/\/tpmadalina42.supserv.cozmoslabs.com\/fi\/wp-json\/wp\/v2\/media\/134525"}],"wp:attachment":[{"href":"https:\/\/tpmadalina42.supserv.cozmoslabs.com\/fi\/wp-json\/wp\/v2\/media?parent=134533"}],"wp:term":[{"taxonomy":"product_brand","embeddable":true,"href":"https:\/\/tpmadalina42.supserv.cozmoslabs.com\/fi\/wp-json\/wp\/v2\/product_brand?post=134533"},{"taxonomy":"product_cat","embeddable":true,"href":"https:\/\/tpmadalina42.supserv.cozmoslabs.com\/fi\/wp-json\/wp\/v2\/product_cat?post=134533"},{"taxonomy":"product_tag","embeddable":true,"href":"https:\/\/tpmadalina42.supserv.cozmoslabs.com\/fi\/wp-json\/wp\/v2\/product_tag?post=134533"}],"curies":[{"name":"wp","href":"https:\/\/api.w.org\/{rel}","templated":true}]}}