{"id":134844,"date":"2024-07-23T13:43:35","date_gmt":"2024-07-23T20:43:35","guid":{"rendered":"https:\/\/glandine.com\/product\/costume-national-schicke-rote-slim-fit-jeans\/"},"modified":"2024-11-29T14:28:13","modified_gmt":"2024-11-29T13:28:13","slug":"costume-national-schicke-rote-slim-fit-jeans","status":"publish","type":"product","link":"https:\/\/tpmadalina42.supserv.cozmoslabs.com\/fi\/tuote-2\/costume-national-schicke-rote-slim-fit-jeans\/","title":{"rendered":"Costume National Schicke rote Slim Fit Jeans"},"content":{"rendered":"<p>Bringen Sie Farbe in Ihre Denim-Kollektion mit dieser umwerfenden roten Jeans von Costume National. Die superschlanke Passform und die exquisite Baumwollmischung sorgen f\u00fcr eine schmeichelhafte Silhouette und h\u00f6chsten Tragekomfort. Die Jeans ist mit einem Rei\u00dfverschluss und einer Knopfleiste ausgestattet und verbindet so Funktionalit\u00e4t mit modischer Eleganz. Perfekt f\u00fcr den Alltag oder einen gewagten Abendlook!<\/p>\n<ul>\n<li>V\u00e4ri: punainen<\/li>\n<li>Materiaali: 98% puuvilla, 2% elastaani<\/li>\n<li>Alkuper\u00e4maa: SE<\/li>\n<li>Passform: Superschlank<\/li>\n<li>Schlitz: Rei\u00dfverschluss und Knopf<\/li>\n<li>Logon yksityiskohdat<\/li>\n<\/ul>","protected":false},"excerpt":{"rendered":"<p>Bringen Sie Farbe in Ihre Denim-Kollektion mit dieser umwerfenden roten Jeans von Costume National. Die superschlanke Passform und die exquisite Baumwollmischung sorgen f\u00fcr eine schmeichelhafte Silhouette und h\u00f6chsten Tragekomfort. Die Jeans ist mit einem Rei\u00dfverschluss und einer Knopfleiste ausgestattet und verbindet so Funktionalit\u00e4t mit modischer Eleganz. Perfekt f\u00fcr den Alltag oder einen gewagten Abendlook! Farbe: [&hellip;]<\/p>","protected":false},"featured_media":134836,"template":"","meta":[],"product_brand":[1790],"product_cat":[1637,1686,1623],"product_tag":[],"class_list":{"0":"post-134844","1":"product","2":"type-product","3":"status-publish","4":"has-post-thumbnail","6":"product_brand-costume-national","7":"product_cat-frauen-kleidung","8":"product_cat-jeans-hosen-frauen-kleidung","9":"product_cat-kleidung","11":"first","12":"instock","13":"sale","14":"taxable","15":"shipping-taxable","16":"purchasable","17":"product-type-variable"},"_links":{"self":[{"href":"https:\/\/tpmadalina42.supserv.cozmoslabs.com\/fi\/wp-json\/wp\/v2\/product\/134844","targetHints":{"allow":["GET"]}}],"collection":[{"href":"https:\/\/tpmadalina42.supserv.cozmoslabs.com\/fi\/wp-json\/wp\/v2\/product"}],"about":[{"href":"https:\/\/tpmadalina42.supserv.cozmoslabs.com\/fi\/wp-json\/wp\/v2\/types\/product"}],"wp:featuredmedia":[{"embeddable":true,"href":"https:\/\/tpmadalina42.supserv.cozmoslabs.com\/fi\/wp-json\/wp\/v2\/media\/134836"}],"wp:attachment":[{"href":"https:\/\/tpmadalina42.supserv.cozmoslabs.com\/fi\/wp-json\/wp\/v2\/media?parent=134844"}],"wp:term":[{"taxonomy":"product_brand","embeddable":true,"href":"https:\/\/tpmadalina42.supserv.cozmoslabs.com\/fi\/wp-json\/wp\/v2\/product_brand?post=134844"},{"taxonomy":"product_cat","embeddable":true,"href":"https:\/\/tpmadalina42.supserv.cozmoslabs.com\/fi\/wp-json\/wp\/v2\/product_cat?post=134844"},{"taxonomy":"product_tag","embeddable":true,"href":"https:\/\/tpmadalina42.supserv.cozmoslabs.com\/fi\/wp-json\/wp\/v2\/product_tag?post=134844"}],"curies":[{"name":"wp","href":"https:\/\/api.w.org\/{rel}","templated":true}]}}