{"id":135429,"date":"2024-07-23T14:03:33","date_gmt":"2024-07-23T21:03:33","guid":{"rendered":"https:\/\/glandine.com\/product\/ermanno-scervino-schicke-graue-laessige-baumwollhosen-2\/"},"modified":"2024-11-29T14:34:47","modified_gmt":"2024-11-29T13:34:47","slug":"ermanno-scervino-schicke-graue-laessige-baumwollhosen-2","status":"publish","type":"product","link":"https:\/\/tpmadalina42.supserv.cozmoslabs.com\/fi\/tuote-2\/ermanno-scervino-schicke-graue-laessige-baumwollhosen-2\/","title":{"rendered":"Ermanno Scervino Schicke graue l\u00e4ssige Baumwollhosen"},"content":{"rendered":"<p>Entdecken Sie die perfekte Mischung aus Komfort und Stil mit dieser Chic Gray Casual Cotton Pants von <strong>Ermanno Scervino<\/strong>. Diese in Italien mit Raffinesse gefertigte Jeans ist ein Zeugnis f\u00fcr tadellose Schneiderkunst und luxuri\u00f6ses Material. Wundersch\u00f6n und neu mit Etikett, versprechen sie, Ihre t\u00e4gliche Mode m\u00fchelos aufzuwerten.<\/p>\n<ul>\n<li>V\u00e4ri: Harmaa<\/li>\n<li>Materiaali: 100% puuvilla<\/li>\n<li>Alkuper\u00e4maa: Italia<\/li>\n<\/ul>","protected":false},"excerpt":{"rendered":"<p>Entdecken Sie die perfekte Mischung aus Komfort und Stil mit dieser Chic Gray Casual Cotton Pants von Ermanno Scervino. Diese in Italien mit Raffinesse gefertigte Jeans ist ein Zeugnis f\u00fcr tadellose Schneiderkunst und luxuri\u00f6ses Material. Wundersch\u00f6n und neu mit Etikett, versprechen sie, Ihre t\u00e4gliche Mode m\u00fchelos aufzuwerten. Farbe: Gray Material: 100% Baumwolle Herkunftsland: Italien<\/p>","protected":false},"featured_media":135421,"template":"","meta":[],"product_brand":[1831],"product_cat":[1637,1686,1623],"product_tag":[],"class_list":{"0":"post-135429","1":"product","2":"type-product","3":"status-publish","4":"has-post-thumbnail","6":"product_brand-ermanno-scervino","7":"product_cat-frauen-kleidung","8":"product_cat-jeans-hosen-frauen-kleidung","9":"product_cat-kleidung","11":"first","12":"instock","13":"sale","14":"taxable","15":"shipping-taxable","16":"purchasable","17":"product-type-variable"},"_links":{"self":[{"href":"https:\/\/tpmadalina42.supserv.cozmoslabs.com\/fi\/wp-json\/wp\/v2\/product\/135429","targetHints":{"allow":["GET"]}}],"collection":[{"href":"https:\/\/tpmadalina42.supserv.cozmoslabs.com\/fi\/wp-json\/wp\/v2\/product"}],"about":[{"href":"https:\/\/tpmadalina42.supserv.cozmoslabs.com\/fi\/wp-json\/wp\/v2\/types\/product"}],"wp:featuredmedia":[{"embeddable":true,"href":"https:\/\/tpmadalina42.supserv.cozmoslabs.com\/fi\/wp-json\/wp\/v2\/media\/135421"}],"wp:attachment":[{"href":"https:\/\/tpmadalina42.supserv.cozmoslabs.com\/fi\/wp-json\/wp\/v2\/media?parent=135429"}],"wp:term":[{"taxonomy":"product_brand","embeddable":true,"href":"https:\/\/tpmadalina42.supserv.cozmoslabs.com\/fi\/wp-json\/wp\/v2\/product_brand?post=135429"},{"taxonomy":"product_cat","embeddable":true,"href":"https:\/\/tpmadalina42.supserv.cozmoslabs.com\/fi\/wp-json\/wp\/v2\/product_cat?post=135429"},{"taxonomy":"product_tag","embeddable":true,"href":"https:\/\/tpmadalina42.supserv.cozmoslabs.com\/fi\/wp-json\/wp\/v2\/product_tag?post=135429"}],"curies":[{"name":"wp","href":"https:\/\/api.w.org\/{rel}","templated":true}]}}