{"id":135496,"date":"2024-07-23T14:05:54","date_gmt":"2024-07-23T21:05:54","guid":{"rendered":"https:\/\/glandine.com\/product\/ermanno-scervino-elegante-schwarze-straight-fit-jeans\/"},"modified":"2024-11-29T14:35:31","modified_gmt":"2024-11-29T13:35:31","slug":"ermanno-scervino-elegante-schwarze-straight-fit-jeans","status":"publish","type":"product","link":"https:\/\/tpmadalina42.supserv.cozmoslabs.com\/fi\/tuote-2\/ermanno-scervino-elegante-schwarze-straight-fit-jeans\/","title":{"rendered":"Ermanno Scervino Elegante schwarze Straight Fit Jeans"},"content":{"rendered":"<p>Stylen Sie sich mit dieser luxuri\u00f6sen schwarzen Jeans von Ermanno Scervino. Mit ihrer geraden Passform ist sie eine vielseitige Erg\u00e4nzung f\u00fcr Ihre Garderobe. Die in Italien mit viel Liebe zum Detail gefertigte Jeans ist ein Beispiel f\u00fcr Eleganz und Komfort f\u00fcr jeden Anlass.<\/p>\n<ul>\n<li>V\u00e4ri: Musta<\/li>\n<li>Modell: Gerade Passform<\/li>\n<li>Alkuper\u00e4maa: IT<\/li>\n<li>Materiaali: 100% puuvilla<\/li>\n<\/ul>","protected":false},"excerpt":{"rendered":"<p>Stylen Sie sich mit dieser luxuri\u00f6sen schwarzen Jeans von Ermanno Scervino. Mit ihrer geraden Passform ist sie eine vielseitige Erg\u00e4nzung f\u00fcr Ihre Garderobe. Die in Italien mit viel Liebe zum Detail gefertigte Jeans ist ein Beispiel f\u00fcr Eleganz und Komfort f\u00fcr jeden Anlass. Farbe: Schwarz Modell: Gerade Passform Herkunftsland: IT Material: 100% Baumwolle<\/p>","protected":false},"featured_media":135489,"template":"","meta":[],"product_brand":[1831],"product_cat":[1637,1686,1623],"product_tag":[],"class_list":{"0":"post-135496","1":"product","2":"type-product","3":"status-publish","4":"has-post-thumbnail","6":"product_brand-ermanno-scervino","7":"product_cat-frauen-kleidung","8":"product_cat-jeans-hosen-frauen-kleidung","9":"product_cat-kleidung","11":"first","12":"instock","13":"sale","14":"taxable","15":"shipping-taxable","16":"purchasable","17":"product-type-variable"},"_links":{"self":[{"href":"https:\/\/tpmadalina42.supserv.cozmoslabs.com\/fi\/wp-json\/wp\/v2\/product\/135496","targetHints":{"allow":["GET"]}}],"collection":[{"href":"https:\/\/tpmadalina42.supserv.cozmoslabs.com\/fi\/wp-json\/wp\/v2\/product"}],"about":[{"href":"https:\/\/tpmadalina42.supserv.cozmoslabs.com\/fi\/wp-json\/wp\/v2\/types\/product"}],"wp:featuredmedia":[{"embeddable":true,"href":"https:\/\/tpmadalina42.supserv.cozmoslabs.com\/fi\/wp-json\/wp\/v2\/media\/135489"}],"wp:attachment":[{"href":"https:\/\/tpmadalina42.supserv.cozmoslabs.com\/fi\/wp-json\/wp\/v2\/media?parent=135496"}],"wp:term":[{"taxonomy":"product_brand","embeddable":true,"href":"https:\/\/tpmadalina42.supserv.cozmoslabs.com\/fi\/wp-json\/wp\/v2\/product_brand?post=135496"},{"taxonomy":"product_cat","embeddable":true,"href":"https:\/\/tpmadalina42.supserv.cozmoslabs.com\/fi\/wp-json\/wp\/v2\/product_cat?post=135496"},{"taxonomy":"product_tag","embeddable":true,"href":"https:\/\/tpmadalina42.supserv.cozmoslabs.com\/fi\/wp-json\/wp\/v2\/product_tag?post=135496"}],"curies":[{"name":"wp","href":"https:\/\/api.w.org\/{rel}","templated":true}]}}