{"id":135710,"date":"2024-07-23T14:13:15","date_gmt":"2024-07-23T21:13:15","guid":{"rendered":"https:\/\/glandine.com\/product\/dolce-gabbana-elegante-beigefarbene-wildlederhandschuhe-in-ellbogenlaenge\/"},"modified":"2024-11-29T14:38:22","modified_gmt":"2024-11-29T13:38:22","slug":"dolce-gabbana-elegante-beigefarbene-wildlederhandschuhe-in-ellbogenlaenge","status":"publish","type":"product","link":"https:\/\/tpmadalina42.supserv.cozmoslabs.com\/fi\/tuote-2\/dolce-gabbana-elegante-beigefarbene-wildlederhandschuhe-in-ellbogenlaenge\/","title":{"rendered":"Dolce &amp; Gabbana Elegantti beige mokkanahka kyyn\u00e4rp\u00e4\u00e4h\u00e4n ulottuvat k\u00e4sineet"},"content":{"rendered":"<p>Hemmottele itse\u00e4si ylellisyydell\u00e4 <strong>Dolce &amp; Gabbana<\/strong> mit diesen exquisiten beigefarbenen ellenbogenlangen Handschuhen. Gefertigt aus feinstem Xiangao-Wildleder und gef\u00fcttert mit reiner Seide, sind diese Handschuhe der Inbegriff von Raffinesse und Eleganz. Sie sind perfekt, um jedes Outfit zu erg\u00e4nzen und zeugen von der Verpflichtung der Marke zu Luxus und Stil. Die in Italien hergestellten Handschuhe sind eine stolze Demonstration der Handwerkskunst und des hervorragenden Designs von Dolce &amp; Gabbana.<\/p>\n<ul>\n<li>Material: 100% Wildleder Xiangao Pelz<\/li>\n<li>Sis\u00e4vuori: 100% silkki<\/li>\n<li>V\u00e4ri: beige<\/li>\n<li>Alkuper\u00e4maa: Italia<\/li>\n<li>Logon yksityiskohdat<\/li>\n<\/ul>","protected":false},"excerpt":{"rendered":"<p>G\u00f6nnen Sie sich den Luxus von Dolce &amp; Gabbana mit diesen exquisiten beigefarbenen ellenbogenlangen Handschuhen. Gefertigt aus feinstem Xiangao-Wildleder und gef\u00fcttert mit reiner Seide, sind diese Handschuhe der Inbegriff von Raffinesse und Eleganz. Sie sind perfekt, um jedes Outfit zu erg\u00e4nzen und zeugen von der Verpflichtung der Marke zu Luxus und Stil. Die in Italien [&hellip;]<\/p>","protected":false},"featured_media":135702,"template":"","meta":[],"product_brand":[1620],"product_cat":[1621,1632,1663],"product_tag":[],"class_list":{"0":"post-135710","1":"product","2":"type-product","3":"status-publish","4":"has-post-thumbnail","6":"product_brand-dolce-gabbana","7":"product_cat-accessoire","8":"product_cat-frauen-zubehoer","9":"product_cat-handschuhe-frauen-zubehoer","11":"first","12":"instock","13":"sale","14":"taxable","15":"shipping-taxable","16":"purchasable","17":"product-type-variable"},"_links":{"self":[{"href":"https:\/\/tpmadalina42.supserv.cozmoslabs.com\/fi\/wp-json\/wp\/v2\/product\/135710","targetHints":{"allow":["GET"]}}],"collection":[{"href":"https:\/\/tpmadalina42.supserv.cozmoslabs.com\/fi\/wp-json\/wp\/v2\/product"}],"about":[{"href":"https:\/\/tpmadalina42.supserv.cozmoslabs.com\/fi\/wp-json\/wp\/v2\/types\/product"}],"wp:featuredmedia":[{"embeddable":true,"href":"https:\/\/tpmadalina42.supserv.cozmoslabs.com\/fi\/wp-json\/wp\/v2\/media\/135702"}],"wp:attachment":[{"href":"https:\/\/tpmadalina42.supserv.cozmoslabs.com\/fi\/wp-json\/wp\/v2\/media?parent=135710"}],"wp:term":[{"taxonomy":"product_brand","embeddable":true,"href":"https:\/\/tpmadalina42.supserv.cozmoslabs.com\/fi\/wp-json\/wp\/v2\/product_brand?post=135710"},{"taxonomy":"product_cat","embeddable":true,"href":"https:\/\/tpmadalina42.supserv.cozmoslabs.com\/fi\/wp-json\/wp\/v2\/product_cat?post=135710"},{"taxonomy":"product_tag","embeddable":true,"href":"https:\/\/tpmadalina42.supserv.cozmoslabs.com\/fi\/wp-json\/wp\/v2\/product_tag?post=135710"}],"curies":[{"name":"wp","href":"https:\/\/api.w.org\/{rel}","templated":true}]}}