{"id":135732,"date":"2024-07-23T14:14:02","date_gmt":"2024-07-23T21:14:02","guid":{"rendered":"https:\/\/glandine.com\/product\/dolce-gabbana-schwarzer-fuchspelz-chic-shoulder-wrap\/"},"modified":"2024-11-29T14:38:45","modified_gmt":"2024-11-29T13:38:45","slug":"dolce-gabbana-schwarzer-fuchspelz-chic-shoulder-wrap","status":"publish","type":"product","link":"https:\/\/tpmadalina42.supserv.cozmoslabs.com\/fi\/tuote-2\/dolce-gabbana-schwarzer-fuchspelz-chic-shoulder-wrap\/","title":{"rendered":"Dolce &amp; Gabbana Schwarzer Fuchspelz Chic Shoulder Wrap"},"content":{"rendered":"<p>H\u00fcllen Sie sich in den Inbegriff von Luxus mit diesem atemberaubenden schwarzen Fuchspelz Schulter Wrap von <em>Dolce &amp; Gabbana<\/em>. Dieses exquisite St\u00fcck ist perfekt, um einen Hauch von Glamour und Raffinesse zu Ihrer Abendgarderobe hinzuzuf\u00fcgen. Die pr\u00e4chtige Konstruktion aus 100% Argentata-Fuchsfell ist mit einem eleganten Seidenband versehen, das mit Logodetails als Beweis f\u00fcr die Authentizit\u00e4t und italienische Handwerkskunst versehen ist. Ein unglaublich exklusives und seltenes St\u00fcck, das verspricht, ein herausragendes Accessoire in jeder Garderobe zu sein.<\/p>\n<ul>\n<li>Sukupuoli: naiset<\/li>\n<li>V\u00e4ri: Musta<\/li>\n<li>Material: 100% Fuchsfell Argentata<\/li>\n<li>Alkuper\u00e4maa: IT<\/li>\n<li>Valmistettu Italiassa<\/li>\n<\/ul>","protected":false},"excerpt":{"rendered":"<p>H\u00fcllen Sie sich in den Inbegriff von Luxus mit diesem atemberaubenden schwarzen Fuchspelz Schulter Wrap von Dolce &amp; Gabbana. Dieses exquisite St\u00fcck ist perfekt, um einen Hauch von Glamour und Raffinesse zu Ihrer Abendgarderobe hinzuzuf\u00fcgen. Die pr\u00e4chtige Konstruktion aus 100% Argentata-Fuchsfell ist mit einem eleganten Seidenband versehen, das mit Logodetails als Beweis f\u00fcr die Authentizit\u00e4t [&hellip;]<\/p>","protected":false},"featured_media":135724,"template":"","meta":[],"product_brand":[1620],"product_cat":[1621,1632,1694],"product_tag":[],"class_list":{"0":"post-135732","1":"product","2":"type-product","3":"status-publish","4":"has-post-thumbnail","6":"product_brand-dolce-gabbana","7":"product_cat-accessoire","8":"product_cat-frauen-zubehoer","9":"product_cat-schals-frauen-zubehoer","11":"first","12":"instock","13":"sale","14":"taxable","15":"shipping-taxable","16":"purchasable","17":"product-type-variable"},"_links":{"self":[{"href":"https:\/\/tpmadalina42.supserv.cozmoslabs.com\/fi\/wp-json\/wp\/v2\/product\/135732","targetHints":{"allow":["GET"]}}],"collection":[{"href":"https:\/\/tpmadalina42.supserv.cozmoslabs.com\/fi\/wp-json\/wp\/v2\/product"}],"about":[{"href":"https:\/\/tpmadalina42.supserv.cozmoslabs.com\/fi\/wp-json\/wp\/v2\/types\/product"}],"wp:featuredmedia":[{"embeddable":true,"href":"https:\/\/tpmadalina42.supserv.cozmoslabs.com\/fi\/wp-json\/wp\/v2\/media\/135724"}],"wp:attachment":[{"href":"https:\/\/tpmadalina42.supserv.cozmoslabs.com\/fi\/wp-json\/wp\/v2\/media?parent=135732"}],"wp:term":[{"taxonomy":"product_brand","embeddable":true,"href":"https:\/\/tpmadalina42.supserv.cozmoslabs.com\/fi\/wp-json\/wp\/v2\/product_brand?post=135732"},{"taxonomy":"product_cat","embeddable":true,"href":"https:\/\/tpmadalina42.supserv.cozmoslabs.com\/fi\/wp-json\/wp\/v2\/product_cat?post=135732"},{"taxonomy":"product_tag","embeddable":true,"href":"https:\/\/tpmadalina42.supserv.cozmoslabs.com\/fi\/wp-json\/wp\/v2\/product_tag?post=135732"}],"curies":[{"name":"wp","href":"https:\/\/api.w.org\/{rel}","templated":true}]}}