{"id":135749,"date":"2024-07-23T14:14:33","date_gmt":"2024-07-23T21:14:33","guid":{"rendered":"https:\/\/glandine.com\/product\/dolce-gabbana-elegantes-schulterband-aus-schwarzem-fuchsfell-und-seide\/"},"modified":"2024-11-29T14:38:53","modified_gmt":"2024-11-29T13:38:53","slug":"dolce-gabbana-elegantes-schulterband-aus-schwarzem-fuchsfell-und-seide","status":"publish","type":"product","link":"https:\/\/tpmadalina42.supserv.cozmoslabs.com\/fi\/tuote-2\/dolce-gabbana-elegantes-schulterband-aus-schwarzem-fuchsfell-und-seide\/","title":{"rendered":"Dolce &amp; Gabbana Elegantes Schulterband aus schwarzem Fuchsfell und Seide"},"content":{"rendered":"<p>Erleben Sie Luxus mit diesem exquisiten <b>Dolce &amp; Gabbana<\/b> Schwarzfuchs Pelz Schulter Wrap. Dieses atemberaubende Accessoire, brandneu mit Etiketten, verleiht jedem Ensemble einen Hauch von Raffinesse und Eleganz. Es ist das ultimative Statement-St\u00fcck f\u00fcr die modebewusste Frau. Die hochwertige Qualit\u00e4t und das exklusive Design des in Italien gefertigten St\u00fccks machen es zu einem besonders seltenen Fund. Werten Sie Ihre Garderobe mit diesem zeitlosen St\u00fcck auf.<\/p>\n<ul>\n<li>Sukupuoli: naiset<\/li>\n<li>V\u00e4ri: Musta<\/li>\n<li>Material: 95% Fuchsfell Argentata, 5% Seide<\/li>\n<li>Alkuper\u00e4maa: IT<\/li>\n<li>Seidenband<\/li>\n<li>Logon yksityiskohdat<\/li>\n<\/ul>","protected":false},"excerpt":{"rendered":"<p>Erleben Sie Luxus mit diesem exquisiten Dolce &amp; Gabbana Schwarzfuchs Pelz Schulter Wrap. Dieses atemberaubende Accessoire, brandneu mit Etiketten, verleiht jedem Ensemble einen Hauch von Raffinesse und Eleganz. Es ist das ultimative Statement-St\u00fcck f\u00fcr die modebewusste Frau. Die hochwertige Qualit\u00e4t und das exklusive Design des in Italien gefertigten St\u00fccks machen es zu einem besonders seltenen [&hellip;]<\/p>","protected":false},"featured_media":135741,"template":"","meta":[],"product_brand":[1620],"product_cat":[1621,1632,1694],"product_tag":[],"class_list":{"0":"post-135749","1":"product","2":"type-product","3":"status-publish","4":"has-post-thumbnail","6":"product_brand-dolce-gabbana","7":"product_cat-accessoire","8":"product_cat-frauen-zubehoer","9":"product_cat-schals-frauen-zubehoer","11":"first","12":"instock","13":"sale","14":"taxable","15":"shipping-taxable","16":"purchasable","17":"product-type-variable"},"_links":{"self":[{"href":"https:\/\/tpmadalina42.supserv.cozmoslabs.com\/fi\/wp-json\/wp\/v2\/product\/135749","targetHints":{"allow":["GET"]}}],"collection":[{"href":"https:\/\/tpmadalina42.supserv.cozmoslabs.com\/fi\/wp-json\/wp\/v2\/product"}],"about":[{"href":"https:\/\/tpmadalina42.supserv.cozmoslabs.com\/fi\/wp-json\/wp\/v2\/types\/product"}],"wp:featuredmedia":[{"embeddable":true,"href":"https:\/\/tpmadalina42.supserv.cozmoslabs.com\/fi\/wp-json\/wp\/v2\/media\/135741"}],"wp:attachment":[{"href":"https:\/\/tpmadalina42.supserv.cozmoslabs.com\/fi\/wp-json\/wp\/v2\/media?parent=135749"}],"wp:term":[{"taxonomy":"product_brand","embeddable":true,"href":"https:\/\/tpmadalina42.supserv.cozmoslabs.com\/fi\/wp-json\/wp\/v2\/product_brand?post=135749"},{"taxonomy":"product_cat","embeddable":true,"href":"https:\/\/tpmadalina42.supserv.cozmoslabs.com\/fi\/wp-json\/wp\/v2\/product_cat?post=135749"},{"taxonomy":"product_tag","embeddable":true,"href":"https:\/\/tpmadalina42.supserv.cozmoslabs.com\/fi\/wp-json\/wp\/v2\/product_tag?post=135749"}],"curies":[{"name":"wp","href":"https:\/\/api.w.org\/{rel}","templated":true}]}}