{"id":135939,"date":"2024-07-23T14:20:28","date_gmt":"2024-07-23T21:20:28","guid":{"rendered":"https:\/\/glandine.com\/product\/gf-ferre-elegante-slim-fit-hose-aus-grauer-baumwolle\/"},"modified":"2024-11-29T14:41:12","modified_gmt":"2024-11-29T13:41:12","slug":"gf-ferre-elegante-slim-fit-hose-aus-grauer-baumwolle","status":"publish","type":"product","link":"https:\/\/tpmadalina42.supserv.cozmoslabs.com\/fi\/tuote-2\/gf-ferre-elegante-slim-fit-hose-aus-grauer-baumwolle\/","title":{"rendered":"GF Ferre Tyylikk\u00e4\u00e4t ohuet housut harmaata puuvillaa"},"content":{"rendered":"<p>Entdecken Sie den Inbegriff von Eleganz mit unserer grauen Slim-Fit-Hose von GF Ferre. Diese Hose ist perfekt, um Ihrer Garderobe einen Hauch von Raffinesse zu verleihen. Sie ist aus einer hochwertigen Baumwollmischung mit einem Hauch von Elastan gefertigt und bietet ganzt\u00e4gigen Komfort und Flexibilit\u00e4t. Das schlichte Design mit Vorder- und Ges\u00e4\u00dftaschen, Rei\u00dfverschluss und dezenten Logodetails ist der Inbegriff von Luxus und Stil f\u00fcr den modernen Mann.<\/p>\n<ul>\n<li>V\u00e4ri: Harmaa<\/li>\n<li>Istuvuus: Kapea istuvuus<\/li>\n<li>Materiaali: 97% puuvilla, 3% elastaani.<\/li>\n<li>Alkuper\u00e4maa: SE<\/li>\n<\/ul>","protected":false},"excerpt":{"rendered":"<p>Entdecken Sie den Inbegriff von Eleganz mit unserer grauen Slim-Fit-Hose von GF Ferre. Diese Hose ist perfekt, um Ihrer Garderobe einen Hauch von Raffinesse zu verleihen. Sie ist aus einer hochwertigen Baumwollmischung mit einem Hauch von Elastan gefertigt und bietet ganzt\u00e4gigen Komfort und Flexibilit\u00e4t. Das schlichte Design mit Vorder- und Ges\u00e4\u00dftaschen, Rei\u00dfverschluss und dezenten Logodetails [&hellip;]<\/p>","protected":false},"featured_media":135931,"template":"","meta":[],"product_brand":[1822],"product_cat":[1633,1671,1623],"product_tag":[],"class_list":{"0":"post-135939","1":"product","2":"type-product","3":"status-publish","4":"has-post-thumbnail","6":"product_brand-gf-ferre","7":"product_cat-maenner-kleidung","8":"product_cat-jeans-hosen","9":"product_cat-kleidung","11":"first","12":"instock","13":"sale","14":"taxable","15":"shipping-taxable","16":"purchasable","17":"product-type-variable"},"_links":{"self":[{"href":"https:\/\/tpmadalina42.supserv.cozmoslabs.com\/fi\/wp-json\/wp\/v2\/product\/135939","targetHints":{"allow":["GET"]}}],"collection":[{"href":"https:\/\/tpmadalina42.supserv.cozmoslabs.com\/fi\/wp-json\/wp\/v2\/product"}],"about":[{"href":"https:\/\/tpmadalina42.supserv.cozmoslabs.com\/fi\/wp-json\/wp\/v2\/types\/product"}],"wp:featuredmedia":[{"embeddable":true,"href":"https:\/\/tpmadalina42.supserv.cozmoslabs.com\/fi\/wp-json\/wp\/v2\/media\/135931"}],"wp:attachment":[{"href":"https:\/\/tpmadalina42.supserv.cozmoslabs.com\/fi\/wp-json\/wp\/v2\/media?parent=135939"}],"wp:term":[{"taxonomy":"product_brand","embeddable":true,"href":"https:\/\/tpmadalina42.supserv.cozmoslabs.com\/fi\/wp-json\/wp\/v2\/product_brand?post=135939"},{"taxonomy":"product_cat","embeddable":true,"href":"https:\/\/tpmadalina42.supserv.cozmoslabs.com\/fi\/wp-json\/wp\/v2\/product_cat?post=135939"},{"taxonomy":"product_tag","embeddable":true,"href":"https:\/\/tpmadalina42.supserv.cozmoslabs.com\/fi\/wp-json\/wp\/v2\/product_tag?post=135939"}],"curies":[{"name":"wp","href":"https:\/\/api.w.org\/{rel}","templated":true}]}}