{"id":135989,"date":"2024-07-23T14:22:16","date_gmt":"2024-07-23T21:22:16","guid":{"rendered":"https:\/\/glandine.com\/product\/dolce-gabbana-elegantes-lila-seidenspitzen-shiftkleid\/"},"modified":"2024-11-29T14:41:22","modified_gmt":"2024-11-29T13:41:22","slug":"dolce-gabbana-elegantes-lila-seidenspitzen-shiftkleid","status":"publish","type":"product","link":"https:\/\/tpmadalina42.supserv.cozmoslabs.com\/fi\/tuote-2\/dolce-gabbana-elegantes-lila-seidenspitzen-shiftkleid\/","title":{"rendered":"Dolce &amp; Gabbana Elegantes lila Seidenspitzen-Shiftkleid"},"content":{"rendered":"<p>Dieses wundersch\u00f6ne lilafarbene Kleid aus einer Seidenmischung mit zarter schwarzer Spitze von Dolce &amp; Gabbana verleiht jedem Anlass einen Hauch von Raffinesse. Dieses \u00fcber dem Knie liegende Mini-Etuikleid ist dank seines hochwertigen Materials und seiner exquisiten Verarbeitung perfekt f\u00fcr einen Abend geeignet und verbindet Luxus mit Komfort. Das in Italien gefertigte Kleid verf\u00fcgt \u00fcber einen praktischen Rei\u00dfverschluss auf der R\u00fcckseite, der das Tragen erleichtert, und dezente Logodetails, die seine Designerqualit\u00e4t unterstreichen. Erleben Sie die Spitze der High Fashion mit diesem exklusiven und fesselnden St\u00fcck.<\/p>\n<ul>\n<li>V\u00e4ri: violetti<\/li>\n<li>Material: 76% Seide, 18% Baumwolle, 4% Elasthan, 2% Nylon<\/li>\n<li>Alkuper\u00e4maa: IT<\/li>\n<\/ul>","protected":false},"excerpt":{"rendered":"<p>Dieses wundersch\u00f6ne lilafarbene Kleid aus einer Seidenmischung mit zarter schwarzer Spitze von Dolce &amp; Gabbana verleiht jedem Anlass einen Hauch von Raffinesse. Dieses \u00fcber dem Knie liegende Mini-Etuikleid ist dank seines hochwertigen Materials und seiner exquisiten Verarbeitung perfekt f\u00fcr einen Abend geeignet und verbindet Luxus mit Komfort. Das in Italien gefertigte Kleid verf\u00fcgt \u00fcber einen [&hellip;]<\/p>","protected":false},"featured_media":135981,"template":"","meta":[],"product_brand":[1620],"product_cat":[1637,1659,1623],"product_tag":[],"class_list":{"0":"post-135989","1":"product","2":"type-product","3":"status-publish","4":"has-post-thumbnail","6":"product_brand-dolce-gabbana","7":"product_cat-frauen-kleidung","8":"product_cat-kleider","9":"product_cat-kleidung","11":"first","12":"instock","13":"sale","14":"taxable","15":"shipping-taxable","16":"purchasable","17":"product-type-variable"},"_links":{"self":[{"href":"https:\/\/tpmadalina42.supserv.cozmoslabs.com\/fi\/wp-json\/wp\/v2\/product\/135989","targetHints":{"allow":["GET"]}}],"collection":[{"href":"https:\/\/tpmadalina42.supserv.cozmoslabs.com\/fi\/wp-json\/wp\/v2\/product"}],"about":[{"href":"https:\/\/tpmadalina42.supserv.cozmoslabs.com\/fi\/wp-json\/wp\/v2\/types\/product"}],"wp:featuredmedia":[{"embeddable":true,"href":"https:\/\/tpmadalina42.supserv.cozmoslabs.com\/fi\/wp-json\/wp\/v2\/media\/135981"}],"wp:attachment":[{"href":"https:\/\/tpmadalina42.supserv.cozmoslabs.com\/fi\/wp-json\/wp\/v2\/media?parent=135989"}],"wp:term":[{"taxonomy":"product_brand","embeddable":true,"href":"https:\/\/tpmadalina42.supserv.cozmoslabs.com\/fi\/wp-json\/wp\/v2\/product_brand?post=135989"},{"taxonomy":"product_cat","embeddable":true,"href":"https:\/\/tpmadalina42.supserv.cozmoslabs.com\/fi\/wp-json\/wp\/v2\/product_cat?post=135989"},{"taxonomy":"product_tag","embeddable":true,"href":"https:\/\/tpmadalina42.supserv.cozmoslabs.com\/fi\/wp-json\/wp\/v2\/product_tag?post=135989"}],"curies":[{"name":"wp","href":"https:\/\/api.w.org\/{rel}","templated":true}]}}