{"id":136000,"date":"2024-07-23T14:22:41","date_gmt":"2024-07-23T21:22:41","guid":{"rendered":"https:\/\/glandine.com\/product\/dolce-gabbana-aermelloses-gestreiftes-etuikleid\/"},"modified":"2024-11-29T14:41:29","modified_gmt":"2024-11-29T13:41:29","slug":"dolce-gabbana-aermelloses-gestreiftes-etuikleid","status":"publish","type":"product","link":"https:\/\/tpmadalina42.supserv.cozmoslabs.com\/fi\/tuote-2\/dolce-gabbana-aermelloses-gestreiftes-etuikleid\/","title":{"rendered":"Dolce &amp; Gabbana hihaton raidallinen tuppimekko"},"content":{"rendered":"<p>Betreten Sie die Welt der High Fashion mit diesem atemberaubenden \u00e4rmellosen Etuikleid von <strong>Dolce &amp; Gabbana<\/strong>. Das in tadelloser italienischer Handwerkskunst gefertigte Modell zeigt sich mit auff\u00e4lligen Streifen in Wei\u00df, Orange und Schwarz und sorgt daf\u00fcr, dass Sie bei jedem hochkar\u00e4tigen Event ein unvergessliches Statement abgeben. Es besteht aus einer luxuri\u00f6sen Mischung aus Wolle und Elastan, die f\u00fcr Komfort und einen Hauch von Stretchanteil sorgt, sowie einem eleganten Rei\u00dfverschluss am R\u00fccken f\u00fcr eine perfekte Passform. Dieses Kleid ist nicht nur ein Kleidungsst\u00fcck &#8211; es ist ein Zeugnis von Luxus und Exklusivit\u00e4t.<\/p>\n<ul>\n<li>V\u00e4ri: Moniv\u00e4rinen<\/li>\n<li>Material: 96% Wolle, 4% Elastan<\/li>\n<li>Innenfutter: 96% Seide, 4% Elastan<\/li>\n<li>Valmistettu Italiassa<\/li>\n<\/ul>","protected":false},"excerpt":{"rendered":"<p>Betreten Sie die Welt der High Fashion mit diesem atemberaubenden \u00e4rmellosen Etuikleid von Dolce &amp; Gabbana. Das in tadelloser italienischer Handwerkskunst gefertigte Modell zeigt sich mit auff\u00e4lligen Streifen in Wei\u00df, Orange und Schwarz und sorgt daf\u00fcr, dass Sie bei jedem hochkar\u00e4tigen Event ein unvergessliches Statement abgeben. Es besteht aus einer luxuri\u00f6sen Mischung aus Wolle und [&hellip;]<\/p>","protected":false},"featured_media":135992,"template":"","meta":[],"product_brand":[1620],"product_cat":[1637,1659,1623],"product_tag":[],"class_list":{"0":"post-136000","1":"product","2":"type-product","3":"status-publish","4":"has-post-thumbnail","6":"product_brand-dolce-gabbana","7":"product_cat-frauen-kleidung","8":"product_cat-kleider","9":"product_cat-kleidung","11":"first","12":"instock","13":"sale","14":"taxable","15":"shipping-taxable","16":"purchasable","17":"product-type-variable"},"_links":{"self":[{"href":"https:\/\/tpmadalina42.supserv.cozmoslabs.com\/fi\/wp-json\/wp\/v2\/product\/136000","targetHints":{"allow":["GET"]}}],"collection":[{"href":"https:\/\/tpmadalina42.supserv.cozmoslabs.com\/fi\/wp-json\/wp\/v2\/product"}],"about":[{"href":"https:\/\/tpmadalina42.supserv.cozmoslabs.com\/fi\/wp-json\/wp\/v2\/types\/product"}],"wp:featuredmedia":[{"embeddable":true,"href":"https:\/\/tpmadalina42.supserv.cozmoslabs.com\/fi\/wp-json\/wp\/v2\/media\/135992"}],"wp:attachment":[{"href":"https:\/\/tpmadalina42.supserv.cozmoslabs.com\/fi\/wp-json\/wp\/v2\/media?parent=136000"}],"wp:term":[{"taxonomy":"product_brand","embeddable":true,"href":"https:\/\/tpmadalina42.supserv.cozmoslabs.com\/fi\/wp-json\/wp\/v2\/product_brand?post=136000"},{"taxonomy":"product_cat","embeddable":true,"href":"https:\/\/tpmadalina42.supserv.cozmoslabs.com\/fi\/wp-json\/wp\/v2\/product_cat?post=136000"},{"taxonomy":"product_tag","embeddable":true,"href":"https:\/\/tpmadalina42.supserv.cozmoslabs.com\/fi\/wp-json\/wp\/v2\/product_tag?post=136000"}],"curies":[{"name":"wp","href":"https:\/\/api.w.org\/{rel}","templated":true}]}}