{"id":136160,"date":"2024-07-23T23:28:15","date_gmt":"2024-07-23T21:28:15","guid":{"rendered":"https:\/\/glandine.com\/product\/dolce-gabbana-elegantes-langaermeliges-etuikleid-in-orange-mit-voller-laenge\/"},"modified":"2024-11-29T14:42:57","modified_gmt":"2024-11-29T13:42:57","slug":"dolce-gabbana-elegantes-langaermeliges-etuikleid-in-orange-mit-voller-laenge","status":"publish","type":"product","link":"https:\/\/tpmadalina42.supserv.cozmoslabs.com\/fi\/tuote-2\/dolce-gabbana-elegantes-langaermeliges-etuikleid-in-orange-mit-voller-laenge\/","title":{"rendered":"Dolce &amp; Gabbana Elegantes lang\u00e4rmeliges Etuikleid in Orange mit voller L\u00e4nge"},"content":{"rendered":"<p><b>Exquisite Eleganz und Kunstfertigkeit.<\/b><\/p>\n<p>G\u00f6nnen Sie sich den Inbegriff von Luxus mit diesem atemberaubenden, bodenlangen Etuikleid von <b>Dolce &amp; Gabbana<\/b>. Perfekt, um Ihren Stil bei jedem High-End-Event zu unterstreichen, kombiniert dieses St\u00fcck Raffinesse mit der un\u00fcbertroffenen Handwerkskunst, die mit dem Prestige &#8222;Made in Italy&#8220; einhergeht. Das Kleid ist in einem wundersch\u00f6nen Orangeton gehalten, der Ihrem Ensemble einen leuchtenden und eleganten Touch verleiht. Ein beigefarbenes Stretch-Innenfutter aus Seide sorgt f\u00fcr Komfort, ohne dass die Eleganz darunter leidet. Der Rei\u00dfverschluss am R\u00fccken sorgt f\u00fcr einen guten Sitz und setzt Ihre Silhouette perfekt in Szene. Die dezenten Logodetails sorgen f\u00fcr einen Hauch von Markenprestige und lassen Ihren Look ebenso stilvoll wie auff\u00e4llig erscheinen.<\/p>\n<ul>\n<li>V\u00e4ri: Oranssi<\/li>\n<li>Material: 25% PA, 75% Viskose<\/li>\n<li>Futter: 76% Seide, 15% Baumwolle, 5% Nylon, 4% Elasthan<\/li>\n<li>Alkuper\u00e4maa: Italia<\/li>\n<li>Takana vetoketju<\/li>\n<\/ul>","protected":false},"excerpt":{"rendered":"<p>Exquisite Eleganz und Kunstfertigkeit. G\u00f6nnen Sie sich den Inbegriff von Luxus mit diesem atemberaubenden, bodenlangen Etuikleid von Dolce &amp; Gabbana. Perfekt, um Ihren Stil bei jedem High-End-Event zu unterstreichen, kombiniert dieses St\u00fcck Raffinesse mit der un\u00fcbertroffenen Handwerkskunst, die mit dem Prestige &#8222;Made in Italy&#8220; einhergeht. Das Kleid ist in einem wundersch\u00f6nen Orangeton gehalten, der Ihrem [&hellip;]<\/p>","protected":false},"featured_media":136152,"template":"","meta":[],"product_brand":[1620],"product_cat":[1637,1659,1623],"product_tag":[],"class_list":{"0":"post-136160","1":"product","2":"type-product","3":"status-publish","4":"has-post-thumbnail","6":"product_brand-dolce-gabbana","7":"product_cat-frauen-kleidung","8":"product_cat-kleider","9":"product_cat-kleidung","11":"first","12":"instock","13":"sale","14":"taxable","15":"shipping-taxable","16":"purchasable","17":"product-type-variable"},"_links":{"self":[{"href":"https:\/\/tpmadalina42.supserv.cozmoslabs.com\/fi\/wp-json\/wp\/v2\/product\/136160","targetHints":{"allow":["GET"]}}],"collection":[{"href":"https:\/\/tpmadalina42.supserv.cozmoslabs.com\/fi\/wp-json\/wp\/v2\/product"}],"about":[{"href":"https:\/\/tpmadalina42.supserv.cozmoslabs.com\/fi\/wp-json\/wp\/v2\/types\/product"}],"wp:featuredmedia":[{"embeddable":true,"href":"https:\/\/tpmadalina42.supserv.cozmoslabs.com\/fi\/wp-json\/wp\/v2\/media\/136152"}],"wp:attachment":[{"href":"https:\/\/tpmadalina42.supserv.cozmoslabs.com\/fi\/wp-json\/wp\/v2\/media?parent=136160"}],"wp:term":[{"taxonomy":"product_brand","embeddable":true,"href":"https:\/\/tpmadalina42.supserv.cozmoslabs.com\/fi\/wp-json\/wp\/v2\/product_brand?post=136160"},{"taxonomy":"product_cat","embeddable":true,"href":"https:\/\/tpmadalina42.supserv.cozmoslabs.com\/fi\/wp-json\/wp\/v2\/product_cat?post=136160"},{"taxonomy":"product_tag","embeddable":true,"href":"https:\/\/tpmadalina42.supserv.cozmoslabs.com\/fi\/wp-json\/wp\/v2\/product_tag?post=136160"}],"curies":[{"name":"wp","href":"https:\/\/api.w.org\/{rel}","templated":true}]}}