{"id":136250,"date":"2024-07-23T14:31:24","date_gmt":"2024-07-23T21:31:24","guid":{"rendered":"https:\/\/glandine.com\/product\/dolce-gabbana-elegantes-gruenes-kristallverziertes-etuikleid\/"},"modified":"2024-11-29T14:44:35","modified_gmt":"2024-11-29T13:44:35","slug":"dolce-gabbana-elegantes-gruenes-kristallverziertes-etuikleid","status":"publish","type":"product","link":"https:\/\/tpmadalina42.supserv.cozmoslabs.com\/fi\/tuote-2\/dolce-gabbana-elegantes-gruenes-kristallverziertes-etuikleid\/","title":{"rendered":"Dolce &amp; Gabbana Elegantes Gr\u00fcnes Kristallverziertes Etuikleid"},"content":{"rendered":"<p>Erleben Sie Luxus mit diesem atemberaubenden <strong>Dolce &amp; Gabbana<\/strong> Kleid, brandneu mit Etikett. Dieses elegante Kleid mit 3\/4-\u00c4rmeln erstrahlt in einem kr\u00e4ftigen Gr\u00fcnton mit schillernden, klaren Kristallverzierungen. Die nahtlose Mischung aus High-End-Mode und exquisiter Handwerkskunst zeigt sich in jedem Detail, vom glatten schwarzen Seiden-Stretch-Innenfutter bis zum raffinierten R\u00fcckenrei\u00dfverschluss und den dezenten Logo-Akzenten. Dieses in Italien gefertigte Modell ist ein Zeugnis f\u00fcr Stil und Exklusivit\u00e4t.<\/p>\n<ul>\n<li>V\u00e4ri: Vihre\u00e4<\/li>\n<li>Material: 40% Baumwolle, 15% PA, 15% Viskose, 10% Kristall, 20% RE<\/li>\n<li>Innenfutter: Seide, Elastan<\/li>\n<li>Alkuper\u00e4maa: IT<\/li>\n<\/ul>","protected":false},"excerpt":{"rendered":"<p>Erleben Sie Luxus mit diesem atemberaubenden Dolce &amp; Gabbana Kleid, brandneu mit Etikett. Dieses elegante Kleid mit 3\/4-\u00c4rmeln erstrahlt in einem kr\u00e4ftigen Gr\u00fcnton mit schillernden, klaren Kristallverzierungen. Die nahtlose Mischung aus High-End-Mode und exquisiter Handwerkskunst zeigt sich in jedem Detail, vom glatten schwarzen Seiden-Stretch-Innenfutter bis zum raffinierten R\u00fcckenrei\u00dfverschluss und den dezenten Logo-Akzenten. Dieses in Italien [&hellip;]<\/p>","protected":false},"featured_media":136242,"template":"","meta":[],"product_brand":[1620],"product_cat":[1637,1659,1623],"product_tag":[],"class_list":{"0":"post-136250","1":"product","2":"type-product","3":"status-publish","4":"has-post-thumbnail","6":"product_brand-dolce-gabbana","7":"product_cat-frauen-kleidung","8":"product_cat-kleider","9":"product_cat-kleidung","11":"first","12":"instock","13":"sale","14":"taxable","15":"shipping-taxable","16":"purchasable","17":"product-type-variable"},"_links":{"self":[{"href":"https:\/\/tpmadalina42.supserv.cozmoslabs.com\/fi\/wp-json\/wp\/v2\/product\/136250","targetHints":{"allow":["GET"]}}],"collection":[{"href":"https:\/\/tpmadalina42.supserv.cozmoslabs.com\/fi\/wp-json\/wp\/v2\/product"}],"about":[{"href":"https:\/\/tpmadalina42.supserv.cozmoslabs.com\/fi\/wp-json\/wp\/v2\/types\/product"}],"wp:featuredmedia":[{"embeddable":true,"href":"https:\/\/tpmadalina42.supserv.cozmoslabs.com\/fi\/wp-json\/wp\/v2\/media\/136242"}],"wp:attachment":[{"href":"https:\/\/tpmadalina42.supserv.cozmoslabs.com\/fi\/wp-json\/wp\/v2\/media?parent=136250"}],"wp:term":[{"taxonomy":"product_brand","embeddable":true,"href":"https:\/\/tpmadalina42.supserv.cozmoslabs.com\/fi\/wp-json\/wp\/v2\/product_brand?post=136250"},{"taxonomy":"product_cat","embeddable":true,"href":"https:\/\/tpmadalina42.supserv.cozmoslabs.com\/fi\/wp-json\/wp\/v2\/product_cat?post=136250"},{"taxonomy":"product_tag","embeddable":true,"href":"https:\/\/tpmadalina42.supserv.cozmoslabs.com\/fi\/wp-json\/wp\/v2\/product_tag?post=136250"}],"curies":[{"name":"wp","href":"https:\/\/api.w.org\/{rel}","templated":true}]}}