{"id":136294,"date":"2024-07-23T14:33:03","date_gmt":"2024-07-23T21:33:03","guid":{"rendered":"https:\/\/glandine.com\/product\/dolce-gabbana-elegantes-florales-etuikleid-aus-mehrfarbiger-seidenmischung\/"},"modified":"2024-11-29T14:45:01","modified_gmt":"2024-11-29T13:45:01","slug":"dolce-gabbana-elegantes-florales-etuikleid-aus-mehrfarbiger-seidenmischung","status":"publish","type":"product","link":"https:\/\/tpmadalina42.supserv.cozmoslabs.com\/fi\/tuote-2\/dolce-gabbana-elegantes-florales-etuikleid-aus-mehrfarbiger-seidenmischung\/","title":{"rendered":"Dolce &amp; Gabbana Tyylik\u00e4s kukkainen vaihtomekko moniv\u00e4rist\u00e4 silkkisekoitetta"},"content":{"rendered":"<p>Sukella sis\u00e4\u00e4n t\u00e4m\u00e4n upean tuppimekon kanssa <strong>Kirjailija: Dolce &amp; Gabbana<\/strong> maailmaan, joka on t\u00e4ynn\u00e4 luksusta. Ohut, lattiapituinen mekko on kirkas, moniv\u00e4rinen kukkaprintti klassisella mustalla taustalla. Laadukkaasta silkkisekoitteesta valmistettu mekko lupaa paitsi tyyli\u00e4 my\u00f6s poikkeuksellisen istuvuuden ja mukavuuden. Italiassa valmistettu mekko esittelee vertaansa vailla olevaa ammattitaitoa ja huomiota yksityiskohtiin. Siin\u00e4 on sile\u00e4 musta silkkivuori ja k\u00e4yt\u00e4nn\u00f6llinen vetoketju takana vaivatonta eleganssia. Huippumuodin ruumiillistuma, t\u00e4m\u00e4 vaate lis\u00e4\u00e4 ripauksen kiitorataa vaatekaappiisi.<\/p>\n<ul>\n<li>V\u00e4ri: Moniv\u00e4rinen<\/li>\n<li>Materiaali: 70% silkki, 25% nylon, 5% elastaani<\/li>\n<li>Sis\u00e4vuori: 100% silkki<\/li>\n<li>Alkuper\u00e4maa: Italia<\/li>\n<\/ul>","protected":false},"excerpt":{"rendered":"<p>Tauchen Sie mit diesem exquisiten Etuikleid von Dolce &amp; Gabbana in eine Welt voller Luxus ein. Das schlanke, bodenlange Kleid besticht durch seinen lebhaften, mehrfarbigen Blumendruck auf einem klassischen schwarzen Hintergrund. Das aus einer hochwertigen Seidenmischung gefertigte Kleid verspricht nicht nur Stil, sondern auch eine au\u00dfergew\u00f6hnliche Passform und Komfort. Das in Italien gefertigte Kleid zeugt [&hellip;]<\/p>","protected":false},"featured_media":136286,"template":"","meta":[],"product_brand":[1620],"product_cat":[1637,1659,1623],"product_tag":[],"class_list":{"0":"post-136294","1":"product","2":"type-product","3":"status-publish","4":"has-post-thumbnail","6":"product_brand-dolce-gabbana","7":"product_cat-frauen-kleidung","8":"product_cat-kleider","9":"product_cat-kleidung","11":"first","12":"instock","13":"sale","14":"taxable","15":"shipping-taxable","16":"purchasable","17":"product-type-variable"},"_links":{"self":[{"href":"https:\/\/tpmadalina42.supserv.cozmoslabs.com\/fi\/wp-json\/wp\/v2\/product\/136294","targetHints":{"allow":["GET"]}}],"collection":[{"href":"https:\/\/tpmadalina42.supserv.cozmoslabs.com\/fi\/wp-json\/wp\/v2\/product"}],"about":[{"href":"https:\/\/tpmadalina42.supserv.cozmoslabs.com\/fi\/wp-json\/wp\/v2\/types\/product"}],"wp:featuredmedia":[{"embeddable":true,"href":"https:\/\/tpmadalina42.supserv.cozmoslabs.com\/fi\/wp-json\/wp\/v2\/media\/136286"}],"wp:attachment":[{"href":"https:\/\/tpmadalina42.supserv.cozmoslabs.com\/fi\/wp-json\/wp\/v2\/media?parent=136294"}],"wp:term":[{"taxonomy":"product_brand","embeddable":true,"href":"https:\/\/tpmadalina42.supserv.cozmoslabs.com\/fi\/wp-json\/wp\/v2\/product_brand?post=136294"},{"taxonomy":"product_cat","embeddable":true,"href":"https:\/\/tpmadalina42.supserv.cozmoslabs.com\/fi\/wp-json\/wp\/v2\/product_cat?post=136294"},{"taxonomy":"product_tag","embeddable":true,"href":"https:\/\/tpmadalina42.supserv.cozmoslabs.com\/fi\/wp-json\/wp\/v2\/product_tag?post=136294"}],"curies":[{"name":"wp","href":"https:\/\/api.w.org\/{rel}","templated":true}]}}