{"id":136587,"date":"2024-07-23T14:42:53","date_gmt":"2024-07-23T21:42:53","guid":{"rendered":"https:\/\/glandine.com\/product\/ermanno-scervino-schicke-schwarze-slim-fit-hose\/"},"modified":"2024-11-29T14:48:47","modified_gmt":"2024-11-29T13:48:47","slug":"ermanno-scervino-schicke-schwarze-slim-fit-hose","status":"publish","type":"product","link":"https:\/\/tpmadalina42.supserv.cozmoslabs.com\/fi\/tuote-2\/ermanno-scervino-schicke-schwarze-slim-fit-hose\/","title":{"rendered":"Ermanno Scervino Chic mustat slim fit -housut"},"content":{"rendered":"<p>Mit dieser umwerfenden Hose von Ermanno Scervino k\u00f6nnen Sie Ihrer Garderobe einen Hauch von italienischer Raffinesse verleihen. Diese wundersch\u00f6ne, brandneue Hose mit Etikett ist ein Beweis f\u00fcr die Anziehungskraft schlichter, aber modischer Schneiderkunst. In Italien hergestellt, verk\u00f6rpert sie die Essenz von hochwertiger Handwerkskunst und Design.<\/p>\n<ul>\n<li>V\u00e4ri: Musta<\/li>\n<li>Modell: Schmale Passform<\/li>\n<li>Materiaali: 100% puuvilla<\/li>\n<li>Alkuper\u00e4maa: IT<\/li>\n<\/ul>","protected":false},"excerpt":{"rendered":"<p>Mit dieser umwerfenden Hose von Ermanno Scervino k\u00f6nnen Sie Ihrer Garderobe einen Hauch von italienischer Raffinesse verleihen. Diese wundersch\u00f6ne, brandneue Hose mit Etikett ist ein Beweis f\u00fcr die Anziehungskraft schlichter, aber modischer Schneiderkunst. In Italien hergestellt, verk\u00f6rpert sie die Essenz von hochwertiger Handwerkskunst und Design. Farbe: Schwarz Modell: Schmale Passform Material: 100% Baumwolle Herkunftsland: IT<\/p>","protected":false},"featured_media":136580,"template":"","meta":[],"product_brand":[1831],"product_cat":[1637,1686,1623],"product_tag":[],"class_list":{"0":"post-136587","1":"product","2":"type-product","3":"status-publish","4":"has-post-thumbnail","6":"product_brand-ermanno-scervino","7":"product_cat-frauen-kleidung","8":"product_cat-jeans-hosen-frauen-kleidung","9":"product_cat-kleidung","11":"first","12":"instock","13":"sale","14":"taxable","15":"shipping-taxable","16":"purchasable","17":"product-type-variable"},"_links":{"self":[{"href":"https:\/\/tpmadalina42.supserv.cozmoslabs.com\/fi\/wp-json\/wp\/v2\/product\/136587","targetHints":{"allow":["GET"]}}],"collection":[{"href":"https:\/\/tpmadalina42.supserv.cozmoslabs.com\/fi\/wp-json\/wp\/v2\/product"}],"about":[{"href":"https:\/\/tpmadalina42.supserv.cozmoslabs.com\/fi\/wp-json\/wp\/v2\/types\/product"}],"wp:featuredmedia":[{"embeddable":true,"href":"https:\/\/tpmadalina42.supserv.cozmoslabs.com\/fi\/wp-json\/wp\/v2\/media\/136580"}],"wp:attachment":[{"href":"https:\/\/tpmadalina42.supserv.cozmoslabs.com\/fi\/wp-json\/wp\/v2\/media?parent=136587"}],"wp:term":[{"taxonomy":"product_brand","embeddable":true,"href":"https:\/\/tpmadalina42.supserv.cozmoslabs.com\/fi\/wp-json\/wp\/v2\/product_brand?post=136587"},{"taxonomy":"product_cat","embeddable":true,"href":"https:\/\/tpmadalina42.supserv.cozmoslabs.com\/fi\/wp-json\/wp\/v2\/product_cat?post=136587"},{"taxonomy":"product_tag","embeddable":true,"href":"https:\/\/tpmadalina42.supserv.cozmoslabs.com\/fi\/wp-json\/wp\/v2\/product_tag?post=136587"}],"curies":[{"name":"wp","href":"https:\/\/api.w.org\/{rel}","templated":true}]}}