{"id":136614,"date":"2024-07-23T14:43:41","date_gmt":"2024-07-23T21:43:41","guid":{"rendered":"https:\/\/glandine.com\/product\/ermanno-scervino-schicke-braune-capri-hose-aus-baumwolle\/"},"modified":"2024-11-29T14:49:00","modified_gmt":"2024-11-29T13:49:00","slug":"ermanno-scervino-schicke-braune-capri-hose-aus-baumwolle","status":"publish","type":"product","link":"https:\/\/tpmadalina42.supserv.cozmoslabs.com\/fi\/tuote-2\/ermanno-scervino-schicke-braune-capri-hose-aus-baumwolle\/","title":{"rendered":"Ermanno Scervino Chic ruskeat puuvillaiset caprihousut"},"content":{"rendered":"<p>Entdecken Sie die Essenz von l\u00e4ssiger Eleganz mit dieser <strong>Ermanno Scervino<\/strong> Capri Cropped Pants. Mit einer stilvollen, modernen Silhouette pr\u00e4sentiert diese Hose die Mischung aus hochwertiger Handwerkskunst und modischem Denken, f\u00fcr die Ermanno Scervino bekannt ist. Perfekt f\u00fcr warmes Wetter und f\u00fcr den nahtlosen \u00dcbergang von Tages- zu Abendgarderobe, sind sie eine vielseitige Erg\u00e4nzung f\u00fcr jede Garderobe.<\/p>\n<ul>\n<li>V\u00e4ri: Ruskea<\/li>\n<li>Materiaali: 100% puuvilla<\/li>\n<li>Alkuper\u00e4maa: IT<\/li>\n<\/ul>","protected":false},"excerpt":{"rendered":"<p>Entdecken Sie die Essenz von l\u00e4ssiger Eleganz mit dieser Ermanno Scervino Capri Cropped Pants. Mit einer stilvollen, modernen Silhouette pr\u00e4sentiert diese Hose die Mischung aus hochwertiger Handwerkskunst und modischem Denken, f\u00fcr die Ermanno Scervino bekannt ist. Perfekt f\u00fcr warmes Wetter und f\u00fcr den nahtlosen \u00dcbergang von Tages- zu Abendgarderobe, sind sie eine vielseitige Erg\u00e4nzung f\u00fcr [&hellip;]<\/p>","protected":false},"featured_media":136606,"template":"","meta":[],"product_brand":[1831],"product_cat":[1637,1686,1623],"product_tag":[],"class_list":{"0":"post-136614","1":"product","2":"type-product","3":"status-publish","4":"has-post-thumbnail","6":"product_brand-ermanno-scervino","7":"product_cat-frauen-kleidung","8":"product_cat-jeans-hosen-frauen-kleidung","9":"product_cat-kleidung","11":"first","12":"instock","13":"sale","14":"taxable","15":"shipping-taxable","16":"purchasable","17":"product-type-variable"},"_links":{"self":[{"href":"https:\/\/tpmadalina42.supserv.cozmoslabs.com\/fi\/wp-json\/wp\/v2\/product\/136614","targetHints":{"allow":["GET"]}}],"collection":[{"href":"https:\/\/tpmadalina42.supserv.cozmoslabs.com\/fi\/wp-json\/wp\/v2\/product"}],"about":[{"href":"https:\/\/tpmadalina42.supserv.cozmoslabs.com\/fi\/wp-json\/wp\/v2\/types\/product"}],"wp:featuredmedia":[{"embeddable":true,"href":"https:\/\/tpmadalina42.supserv.cozmoslabs.com\/fi\/wp-json\/wp\/v2\/media\/136606"}],"wp:attachment":[{"href":"https:\/\/tpmadalina42.supserv.cozmoslabs.com\/fi\/wp-json\/wp\/v2\/media?parent=136614"}],"wp:term":[{"taxonomy":"product_brand","embeddable":true,"href":"https:\/\/tpmadalina42.supserv.cozmoslabs.com\/fi\/wp-json\/wp\/v2\/product_brand?post=136614"},{"taxonomy":"product_cat","embeddable":true,"href":"https:\/\/tpmadalina42.supserv.cozmoslabs.com\/fi\/wp-json\/wp\/v2\/product_cat?post=136614"},{"taxonomy":"product_tag","embeddable":true,"href":"https:\/\/tpmadalina42.supserv.cozmoslabs.com\/fi\/wp-json\/wp\/v2\/product_tag?post=136614"}],"curies":[{"name":"wp","href":"https:\/\/api.w.org\/{rel}","templated":true}]}}