{"id":136626,"date":"2024-07-23T14:44:02","date_gmt":"2024-07-23T21:44:02","guid":{"rendered":"https:\/\/glandine.com\/product\/ermanno-scervino-schicke-schwarze-slim-fit-cropped-pants\/"},"modified":"2024-11-29T14:49:06","modified_gmt":"2024-11-29T13:49:06","slug":"ermanno-scervino-schicke-schwarze-slim-fit-cropped-pants","status":"publish","type":"product","link":"https:\/\/tpmadalina42.supserv.cozmoslabs.com\/fi\/tuote-2\/ermanno-scervino-schicke-schwarze-slim-fit-cropped-pants\/","title":{"rendered":"Ermanno Scervino Chic mustat slim fit cropped housut"},"content":{"rendered":"<p>Raffinesse trifft auf Komfort mit dieser schicken, schwarzen, schmal geschnittenen Hose des renommierten Herstellers Ermanno Scervino. Die in Italien gefertigte Hose verbindet eine schlanke Silhouette mit luxuri\u00f6sen Materialien und ist damit eine unverzichtbare Erg\u00e4nzung f\u00fcr Ihre modische Garderobe. Mit ihrem vielseitigen schwarzen Farbton ist sie sowohl f\u00fcr legere als auch f\u00fcr formelle Anl\u00e4sse geeignet.<\/p>\n<ul>\n<li>V\u00e4ri: Musta<\/li>\n<li>Modell: Slim Fit, Gek\u00fcrzt<\/li>\n<li>Alkuper\u00e4maa: IT<\/li>\n<li>Materiaali: 77% viskoosi, 18% silkki, 5% elastaani.<\/li>\n<\/ul>","protected":false},"excerpt":{"rendered":"<p>Raffinesse trifft auf Komfort mit dieser schicken, schwarzen, schmal geschnittenen Hose des renommierten Herstellers Ermanno Scervino. Die in Italien gefertigte Hose verbindet eine schlanke Silhouette mit luxuri\u00f6sen Materialien und ist damit eine unverzichtbare Erg\u00e4nzung f\u00fcr Ihre modische Garderobe. Mit ihrem vielseitigen schwarzen Farbton ist sie sowohl f\u00fcr legere als auch f\u00fcr formelle Anl\u00e4sse geeignet. Farbe: [&hellip;]<\/p>","protected":false},"featured_media":136619,"template":"","meta":[],"product_brand":[1831],"product_cat":[1637,1686,1623],"product_tag":[],"class_list":{"0":"post-136626","1":"product","2":"type-product","3":"status-publish","4":"has-post-thumbnail","6":"product_brand-ermanno-scervino","7":"product_cat-frauen-kleidung","8":"product_cat-jeans-hosen-frauen-kleidung","9":"product_cat-kleidung","11":"first","12":"instock","13":"sale","14":"taxable","15":"shipping-taxable","16":"purchasable","17":"product-type-variable"},"_links":{"self":[{"href":"https:\/\/tpmadalina42.supserv.cozmoslabs.com\/fi\/wp-json\/wp\/v2\/product\/136626","targetHints":{"allow":["GET"]}}],"collection":[{"href":"https:\/\/tpmadalina42.supserv.cozmoslabs.com\/fi\/wp-json\/wp\/v2\/product"}],"about":[{"href":"https:\/\/tpmadalina42.supserv.cozmoslabs.com\/fi\/wp-json\/wp\/v2\/types\/product"}],"wp:featuredmedia":[{"embeddable":true,"href":"https:\/\/tpmadalina42.supserv.cozmoslabs.com\/fi\/wp-json\/wp\/v2\/media\/136619"}],"wp:attachment":[{"href":"https:\/\/tpmadalina42.supserv.cozmoslabs.com\/fi\/wp-json\/wp\/v2\/media?parent=136626"}],"wp:term":[{"taxonomy":"product_brand","embeddable":true,"href":"https:\/\/tpmadalina42.supserv.cozmoslabs.com\/fi\/wp-json\/wp\/v2\/product_brand?post=136626"},{"taxonomy":"product_cat","embeddable":true,"href":"https:\/\/tpmadalina42.supserv.cozmoslabs.com\/fi\/wp-json\/wp\/v2\/product_cat?post=136626"},{"taxonomy":"product_tag","embeddable":true,"href":"https:\/\/tpmadalina42.supserv.cozmoslabs.com\/fi\/wp-json\/wp\/v2\/product_tag?post=136626"}],"curies":[{"name":"wp","href":"https:\/\/api.w.org\/{rel}","templated":true}]}}