{"id":136784,"date":"2024-07-23T23:49:39","date_gmt":"2024-07-23T21:49:39","guid":{"rendered":"https:\/\/glandine.com\/product\/dolce-gabbana-elegante-beige-stroh-exotische-felle-pom-pom-tote\/"},"modified":"2024-12-05T19:07:32","modified_gmt":"2024-12-05T18:07:32","slug":"dolce-gabbana-elegante-beige-stroh-exotische-felle-pom-pom-tote","status":"publish","type":"product","link":"https:\/\/tpmadalina42.supserv.cozmoslabs.com\/fi\/tuote-2\/dolce-gabbana-elegante-beige-stroh-exotische-felle-pom-pom-tote\/","title":{"rendered":"Dolce &amp; Gabbana Elegante Beige Stroh &amp; exotische Felle Pom Pom Tote"},"content":{"rendered":"<p>Genie\u00dfen Sie den Luxus mit dieser exquisiten Dolce &amp; Gabbana AGNESE Eimertasche aus nat\u00fcrlichem beigem Stroh, das mit Schlangen- und Krokodillederverzierungen akzentuiert ist. Sie ist mit bunten Pom Poms und schillernden goldenen Metalldetails verziert, die Raffinesse mit einem k\u00fchnen, modischen Statement verbinden. Erg\u00e4nzt wird das auff\u00e4llige Ensemble durch eine abnehmbare iPhone6-H\u00fclle aus Eidechsenkrokodil, die mit funkelnden Kristalldetails verziert ist und sie nicht nur zu einer Tasche, sondern zu einem au\u00dfergew\u00f6hnlichen Accessoire macht. Die liebevoll in Italien gefertigte Tasche ist mit einem Innenfutter mit Carretto-Print und Metallbeschl\u00e4gen mit Logogravur ausgestattet und strahlt die kultige Eleganz der Marke aus.<\/p>\n<ul>\n<li>Material: 8% PC, 8% Wolle, 24% Fiber Vegetale, Stroh Legno, Schlangenhaut, Krokodil<\/li>\n<li>V\u00e4ri: Moniv\u00e4rinen<\/li>\n<li>Alkuper\u00e4maa: Valmistettu Italiassa<\/li>\n<li>Abmessungen: 20cm x 13cm x 18cm<\/li>\n<\/ul>","protected":false},"excerpt":{"rendered":"<p>Genie\u00dfen Sie den Luxus mit dieser exquisiten Dolce &amp; Gabbana AGNESE Eimertasche aus nat\u00fcrlichem beigem Stroh, das mit Schlangen- und Krokodillederverzierungen akzentuiert ist. Sie ist mit bunten Pom Poms und schillernden goldenen Metalldetails verziert, die Raffinesse mit einem k\u00fchnen, modischen Statement verbinden. Erg\u00e4nzt wird das auff\u00e4llige Ensemble durch eine abnehmbare iPhone6-H\u00fclle aus Eidechsenkrokodil, die mit [&hellip;]<\/p>","protected":false},"featured_media":136776,"template":"","meta":[],"product_brand":[1620],"product_cat":[1630,1715],"product_tag":[],"class_list":{"0":"post-136784","1":"product","2":"type-product","3":"status-publish","4":"has-post-thumbnail","6":"product_brand-dolce-gabbana","7":"product_cat-frauen","8":"product_cat-tragetaschen","10":"first","11":"instock","12":"sale","13":"taxable","14":"shipping-taxable","15":"purchasable","16":"product-type-simple"},"_links":{"self":[{"href":"https:\/\/tpmadalina42.supserv.cozmoslabs.com\/fi\/wp-json\/wp\/v2\/product\/136784","targetHints":{"allow":["GET"]}}],"collection":[{"href":"https:\/\/tpmadalina42.supserv.cozmoslabs.com\/fi\/wp-json\/wp\/v2\/product"}],"about":[{"href":"https:\/\/tpmadalina42.supserv.cozmoslabs.com\/fi\/wp-json\/wp\/v2\/types\/product"}],"wp:featuredmedia":[{"embeddable":true,"href":"https:\/\/tpmadalina42.supserv.cozmoslabs.com\/fi\/wp-json\/wp\/v2\/media\/136776"}],"wp:attachment":[{"href":"https:\/\/tpmadalina42.supserv.cozmoslabs.com\/fi\/wp-json\/wp\/v2\/media?parent=136784"}],"wp:term":[{"taxonomy":"product_brand","embeddable":true,"href":"https:\/\/tpmadalina42.supserv.cozmoslabs.com\/fi\/wp-json\/wp\/v2\/product_brand?post=136784"},{"taxonomy":"product_cat","embeddable":true,"href":"https:\/\/tpmadalina42.supserv.cozmoslabs.com\/fi\/wp-json\/wp\/v2\/product_cat?post=136784"},{"taxonomy":"product_tag","embeddable":true,"href":"https:\/\/tpmadalina42.supserv.cozmoslabs.com\/fi\/wp-json\/wp\/v2\/product_tag?post=136784"}],"curies":[{"name":"wp","href":"https:\/\/api.w.org\/{rel}","templated":true}]}}