{"id":136934,"date":"2024-07-23T23:54:48","date_gmt":"2024-07-23T21:54:48","guid":{"rendered":"https:\/\/glandine.com\/product\/dolce-gabbana-bezauberndes-midikleid-aus-wolle-mit-kristallbesatz\/"},"modified":"2024-11-29T14:53:03","modified_gmt":"2024-11-29T13:53:03","slug":"dolce-gabbana-bezauberndes-midikleid-aus-wolle-mit-kristallbesatz","status":"publish","type":"product","link":"https:\/\/tpmadalina42.supserv.cozmoslabs.com\/fi\/tuote-2\/dolce-gabbana-bezauberndes-midikleid-aus-wolle-mit-kristallbesatz\/","title":{"rendered":"Dolce &amp; Gabbana Suloinen kristallilla koristeltu villamidi-mekko"},"content":{"rendered":"<p><b>Verstr\u00f6men Sie Eleganz mit diesem bezaubernden Midikleid aus grauer Wolle von Dolce &amp; Gabbana, das mit einem skurrilen &#8222;Dreaming of My Prince&#8220;-Motiv und mehrfarbigen Kristallverzierungen verziert ist. Diese in Italien gefertigte Kreation f\u00fcr alle, die Luxus und unvergleichliche Handwerkskunst suchen, sorgt daf\u00fcr, dass Sie bei jedem edlen Anlass im Mittelpunkt der Aufmerksamkeit stehen. Perfekt, um einen Hauch von M\u00e4rchen in Ihre Garderobe zu bringen.<\/b><\/p>\n<ul>\n<li>Farbe: Grau mit mehrfarbiger Applique<\/li>\n<li>Materiaali: 100% villa<\/li>\n<li>Kristalle: Mehrfarbig<\/li>\n<li>Alkuper\u00e4maa: IT<\/li>\n<li>Rei\u00dfverschluss\u00f6ffnung auf der R\u00fcckseite<\/li>\n<li>Logon yksityiskohdat<\/li>\n<li>Valmistettu Italiassa<\/li>\n<\/ul>","protected":false},"excerpt":{"rendered":"<p>Verstr\u00f6men Sie Eleganz mit diesem bezaubernden Midikleid aus grauer Wolle von Dolce &amp; Gabbana, das mit einem skurrilen &#8222;Dreaming of My Prince&#8220;-Motiv und mehrfarbigen Kristallverzierungen verziert ist. Diese in Italien gefertigte Kreation f\u00fcr alle, die Luxus und unvergleichliche Handwerkskunst suchen, sorgt daf\u00fcr, dass Sie bei jedem edlen Anlass im Mittelpunkt der Aufmerksamkeit stehen. Perfekt, um [&hellip;]<\/p>","protected":false},"featured_media":136927,"template":"","meta":[],"product_brand":[1620],"product_cat":[1637,1659,1623],"product_tag":[],"class_list":{"0":"post-136934","1":"product","2":"type-product","3":"status-publish","4":"has-post-thumbnail","6":"product_brand-dolce-gabbana","7":"product_cat-frauen-kleidung","8":"product_cat-kleider","9":"product_cat-kleidung","11":"first","12":"instock","13":"sale","14":"taxable","15":"shipping-taxable","16":"purchasable","17":"product-type-variable"},"_links":{"self":[{"href":"https:\/\/tpmadalina42.supserv.cozmoslabs.com\/fi\/wp-json\/wp\/v2\/product\/136934","targetHints":{"allow":["GET"]}}],"collection":[{"href":"https:\/\/tpmadalina42.supserv.cozmoslabs.com\/fi\/wp-json\/wp\/v2\/product"}],"about":[{"href":"https:\/\/tpmadalina42.supserv.cozmoslabs.com\/fi\/wp-json\/wp\/v2\/types\/product"}],"wp:featuredmedia":[{"embeddable":true,"href":"https:\/\/tpmadalina42.supserv.cozmoslabs.com\/fi\/wp-json\/wp\/v2\/media\/136927"}],"wp:attachment":[{"href":"https:\/\/tpmadalina42.supserv.cozmoslabs.com\/fi\/wp-json\/wp\/v2\/media?parent=136934"}],"wp:term":[{"taxonomy":"product_brand","embeddable":true,"href":"https:\/\/tpmadalina42.supserv.cozmoslabs.com\/fi\/wp-json\/wp\/v2\/product_brand?post=136934"},{"taxonomy":"product_cat","embeddable":true,"href":"https:\/\/tpmadalina42.supserv.cozmoslabs.com\/fi\/wp-json\/wp\/v2\/product_cat?post=136934"},{"taxonomy":"product_tag","embeddable":true,"href":"https:\/\/tpmadalina42.supserv.cozmoslabs.com\/fi\/wp-json\/wp\/v2\/product_tag?post=136934"}],"curies":[{"name":"wp","href":"https:\/\/api.w.org\/{rel}","templated":true}]}}