{"id":137198,"date":"2024-07-24T00:04:07","date_gmt":"2024-07-23T22:04:07","guid":{"rendered":"https:\/\/glandine.com\/product\/marghi-lo-elegantes-kleid-aus-blauer-wolle-ueber-dem-knie\/"},"modified":"2024-11-29T14:57:19","modified_gmt":"2024-11-29T13:57:19","slug":"marghi-lo-elegantes-kleid-aus-blauer-wolle-ueber-dem-knie","status":"publish","type":"product","link":"https:\/\/tpmadalina42.supserv.cozmoslabs.com\/fi\/tuote-2\/marghi-lo-elegantes-kleid-aus-blauer-wolle-ueber-dem-knie\/","title":{"rendered":"MARGHI LO&#039; Tyylik\u00e4s sininen villamekko polven yl\u00e4puolella"},"content":{"rendered":"<p>Ajatonta eleganssia MARGHI LO:n upealla sinisell\u00e4 tuppimekolla, joka on valmistettu ylellisest\u00e4 100%iger-villasta. T\u00e4m\u00e4 vaate, joka on suunniteltu k\u00e4ytett\u00e4v\u00e4ksi polven yl\u00e4puolella, luo hienostuneen ja hienostuneen ilmeen kaikkiin tilaisuuksiin, ja se yhdist\u00e4\u00e4 saumattomasti klassisen tyylin moderneihin tunteisiin. MARGHI LO&#039; takaa sinulle muodikkaan ja laadukkaan lis\u00e4yksen vaatekaappiisi.<\/p>\n<ul>\n<li>V\u00e4ri: Sininen<\/li>\n<li>Materiaali: 100% villa<\/li>\n<li>Alkuper\u00e4maa: SE<\/li>\n<\/ul>","protected":false},"excerpt":{"rendered":"<p>Zeitlose Eleganz mit dem atemberaubenden blauen Etuikleid von MARGHI LO aus luxuri\u00f6ser 100%iger Wolle. Dieses Kleidungsst\u00fcck, das \u00fcber dem Knie getragen werden kann, sorgt f\u00fcr einen raffinierten und raffinierten Look f\u00fcr jeden Anlass und verbindet nahtlos den klassischen Stil mit moderner Sensibilit\u00e4t. MARGHI LO&#8216; garantiert Ihnen eine ebenso modische wie hochwertige Erg\u00e4nzung Ihrer Garderobe. Farbe: [&hellip;]<\/p>","protected":false},"featured_media":137190,"template":"","meta":[],"product_brand":[2047],"product_cat":[1637,1659,1623],"product_tag":[],"class_list":{"0":"post-137198","1":"product","2":"type-product","3":"status-publish","4":"has-post-thumbnail","6":"product_brand-marghi-lo","7":"product_cat-frauen-kleidung","8":"product_cat-kleider","9":"product_cat-kleidung","11":"first","12":"instock","13":"sale","14":"taxable","15":"shipping-taxable","16":"purchasable","17":"product-type-variable"},"_links":{"self":[{"href":"https:\/\/tpmadalina42.supserv.cozmoslabs.com\/fi\/wp-json\/wp\/v2\/product\/137198","targetHints":{"allow":["GET"]}}],"collection":[{"href":"https:\/\/tpmadalina42.supserv.cozmoslabs.com\/fi\/wp-json\/wp\/v2\/product"}],"about":[{"href":"https:\/\/tpmadalina42.supserv.cozmoslabs.com\/fi\/wp-json\/wp\/v2\/types\/product"}],"wp:featuredmedia":[{"embeddable":true,"href":"https:\/\/tpmadalina42.supserv.cozmoslabs.com\/fi\/wp-json\/wp\/v2\/media\/137190"}],"wp:attachment":[{"href":"https:\/\/tpmadalina42.supserv.cozmoslabs.com\/fi\/wp-json\/wp\/v2\/media?parent=137198"}],"wp:term":[{"taxonomy":"product_brand","embeddable":true,"href":"https:\/\/tpmadalina42.supserv.cozmoslabs.com\/fi\/wp-json\/wp\/v2\/product_brand?post=137198"},{"taxonomy":"product_cat","embeddable":true,"href":"https:\/\/tpmadalina42.supserv.cozmoslabs.com\/fi\/wp-json\/wp\/v2\/product_cat?post=137198"},{"taxonomy":"product_tag","embeddable":true,"href":"https:\/\/tpmadalina42.supserv.cozmoslabs.com\/fi\/wp-json\/wp\/v2\/product_tag?post=137198"}],"curies":[{"name":"wp","href":"https:\/\/api.w.org\/{rel}","templated":true}]}}