{"id":137221,"date":"2024-07-23T15:04:52","date_gmt":"2024-07-23T22:04:52","guid":{"rendered":"https:\/\/glandine.com\/product\/dolce-gabbana-eleganter-luxusguertel-mit-blumenmuster-fuer-maenner\/"},"modified":"2024-11-29T14:58:14","modified_gmt":"2024-11-29T13:58:14","slug":"dolce-gabbana-eleganter-luxusguertel-mit-blumenmuster-fuer-maenner","status":"publish","type":"product","link":"https:\/\/tpmadalina42.supserv.cozmoslabs.com\/fi\/tuote-2\/dolce-gabbana-eleganter-luxusguertel-mit-blumenmuster-fuer-maenner\/","title":{"rendered":"Dolce &amp; Gabbana Tyylik\u00e4s ylellinen kukkainen vy\u00f6 miehille"},"content":{"rendered":"<p>Korosta tyyli\u00e4si t\u00e4ll\u00e4 hienolla <strong>Miesten Dolce &amp; Gabbana -vy\u00f6<\/strong>. Vy\u00f6 on suunniteltu kiinnitt\u00e4m\u00e4ll\u00e4 huomiota yksityiskohtiin, ja siin\u00e4 on hienostunut musta muotoilu ja erottuva kukkakuvio. Irrotettava kultainen metallilukko lis\u00e4\u00e4 ylellisyytt\u00e4 ja monipuolisuutta lookiisi. T\u00e4ydellinen vaativalle herrasmiehelle, joka arvostaa perinteisen k\u00e4sity\u00f6taidon ja modernin eleganssin yhdistelm\u00e4\u00e4. Italiassa valmistettu lis\u00e4varuste lupaa olla ajaton lis\u00e4 asustekokoelmaasi.<\/p>\n<ul>\n<li>V\u00e4ri: Musta kukkakuviolla<\/li>\n<li>Lukko: Kullanv\u00e4rinen metalli, irrotettava<\/li>\n<li>Materiaali: 50% puuvilla, 10% Cayman-nahka, 40% pellava<\/li>\n<li>Leveys: 2,5 cm<\/li>\n<li>Alkuper\u00e4maa: Italia<\/li>\n<\/ul>","protected":false},"excerpt":{"rendered":"<p>Akzentuieren Sie Ihren Stil mit diesem exquisiten Dolce &amp; Gabbana Herreng\u00fcrtel. Der mit viel Liebe zum Detail gefertigte G\u00fcrtel zeichnet sich durch ein raffiniertes schwarzes Design mit einem unverwechselbaren Blumenmuster aus. Die abnehmbare goldene Metallschlie\u00dfe verleiht Ihrem Look einen Hauch von Luxus und Vielseitigkeit. Perfekt f\u00fcr den anspruchsvollen Gentleman, der die Mischung aus traditioneller Handwerkskunst [&hellip;]<\/p>","protected":false},"featured_media":137216,"template":"","meta":[],"product_brand":[1620],"product_cat":[1621,1631,1651],"product_tag":[],"class_list":{"0":"post-137221","1":"product","2":"type-product","3":"status-publish","4":"has-post-thumbnail","6":"product_brand-dolce-gabbana","7":"product_cat-accessoire","8":"product_cat-maenner-zubehoer","9":"product_cat-guertel","11":"first","12":"instock","13":"sale","14":"taxable","15":"shipping-taxable","16":"purchasable","17":"product-type-variable"},"_links":{"self":[{"href":"https:\/\/tpmadalina42.supserv.cozmoslabs.com\/fi\/wp-json\/wp\/v2\/product\/137221","targetHints":{"allow":["GET"]}}],"collection":[{"href":"https:\/\/tpmadalina42.supserv.cozmoslabs.com\/fi\/wp-json\/wp\/v2\/product"}],"about":[{"href":"https:\/\/tpmadalina42.supserv.cozmoslabs.com\/fi\/wp-json\/wp\/v2\/types\/product"}],"wp:featuredmedia":[{"embeddable":true,"href":"https:\/\/tpmadalina42.supserv.cozmoslabs.com\/fi\/wp-json\/wp\/v2\/media\/137216"}],"wp:attachment":[{"href":"https:\/\/tpmadalina42.supserv.cozmoslabs.com\/fi\/wp-json\/wp\/v2\/media?parent=137221"}],"wp:term":[{"taxonomy":"product_brand","embeddable":true,"href":"https:\/\/tpmadalina42.supserv.cozmoslabs.com\/fi\/wp-json\/wp\/v2\/product_brand?post=137221"},{"taxonomy":"product_cat","embeddable":true,"href":"https:\/\/tpmadalina42.supserv.cozmoslabs.com\/fi\/wp-json\/wp\/v2\/product_cat?post=137221"},{"taxonomy":"product_tag","embeddable":true,"href":"https:\/\/tpmadalina42.supserv.cozmoslabs.com\/fi\/wp-json\/wp\/v2\/product_tag?post=137221"}],"curies":[{"name":"wp","href":"https:\/\/api.w.org\/{rel}","templated":true}]}}