{"id":137467,"date":"2024-07-23T15:12:52","date_gmt":"2024-07-23T22:12:52","guid":{"rendered":"https:\/\/glandine.com\/product\/dolce-gabbana-eleganter-minirock-aus-floraler-spitze-in-a-linie\/"},"modified":"2024-11-29T15:00:38","modified_gmt":"2024-11-29T14:00:38","slug":"dolce-gabbana-eleganter-minirock-aus-floraler-spitze-in-a-linie","status":"publish","type":"product","link":"https:\/\/tpmadalina42.supserv.cozmoslabs.com\/fi\/tuote-2\/dolce-gabbana-eleganter-minirock-aus-floraler-spitze-in-a-linie\/","title":{"rendered":"Dolce &amp; Gabbana Eleganter Minirock aus floraler Spitze in A-Linie"},"content":{"rendered":"<p>G\u00f6nnen Sie sich die Essenz des italienischen Luxus mit diesem auff\u00e4lligen Minirock von <strong>Dolce &amp; Gabbana<\/strong> mit hoher Taille in A-Linie. Er wurde mit au\u00dfergew\u00f6hnlicher Liebe zum Detail gefertigt und zeichnet sich durch einen zarten Ausschnitt aus schwarzer Blumenspitze aus. Mit einem bequemen Stretch-Innenfutter aus Seide und einem eleganten Rei\u00dfverschluss in der hinteren Mitte ist dieser Rock sowohl modisch als auch praktisch. Perfekt f\u00fcr einen Abend oder eine elegante Veranstaltung, verk\u00f6rpert dieses St\u00fcck Eleganz und Stil.<\/p>\n<ul>\n<li>V\u00e4ri: Musta<\/li>\n<li>Material: 77% Baumwolle, 17% Viskose, 6% Polyamid<\/li>\n<li>Futter: 86% Seide, 8% Baumwolle, 2% Nylon, 4% Elastan<\/li>\n<li>Valmistettu Italiassa<\/li>\n<\/ul>","protected":false},"excerpt":{"rendered":"<p>G\u00f6nnen Sie sich die Essenz des italienischen Luxus mit diesem auff\u00e4lligen Minirock von Dolce &amp; Gabbana mit hoher Taille in A-Linie. Er wurde mit au\u00dfergew\u00f6hnlicher Liebe zum Detail gefertigt und zeichnet sich durch einen zarten Ausschnitt aus schwarzer Blumenspitze aus. Mit einem bequemen Stretch-Innenfutter aus Seide und einem eleganten Rei\u00dfverschluss in der hinteren Mitte ist [&hellip;]<\/p>","protected":false},"featured_media":137459,"template":"","meta":[],"product_brand":[1620],"product_cat":[1637,1623,1699],"product_tag":[],"class_list":{"0":"post-137467","1":"product","2":"type-product","3":"status-publish","4":"has-post-thumbnail","6":"product_brand-dolce-gabbana","7":"product_cat-frauen-kleidung","8":"product_cat-kleidung","9":"product_cat-roecke","11":"first","12":"instock","13":"sale","14":"taxable","15":"shipping-taxable","16":"purchasable","17":"product-type-variable"},"_links":{"self":[{"href":"https:\/\/tpmadalina42.supserv.cozmoslabs.com\/fi\/wp-json\/wp\/v2\/product\/137467","targetHints":{"allow":["GET"]}}],"collection":[{"href":"https:\/\/tpmadalina42.supserv.cozmoslabs.com\/fi\/wp-json\/wp\/v2\/product"}],"about":[{"href":"https:\/\/tpmadalina42.supserv.cozmoslabs.com\/fi\/wp-json\/wp\/v2\/types\/product"}],"wp:featuredmedia":[{"embeddable":true,"href":"https:\/\/tpmadalina42.supserv.cozmoslabs.com\/fi\/wp-json\/wp\/v2\/media\/137459"}],"wp:attachment":[{"href":"https:\/\/tpmadalina42.supserv.cozmoslabs.com\/fi\/wp-json\/wp\/v2\/media?parent=137467"}],"wp:term":[{"taxonomy":"product_brand","embeddable":true,"href":"https:\/\/tpmadalina42.supserv.cozmoslabs.com\/fi\/wp-json\/wp\/v2\/product_brand?post=137467"},{"taxonomy":"product_cat","embeddable":true,"href":"https:\/\/tpmadalina42.supserv.cozmoslabs.com\/fi\/wp-json\/wp\/v2\/product_cat?post=137467"},{"taxonomy":"product_tag","embeddable":true,"href":"https:\/\/tpmadalina42.supserv.cozmoslabs.com\/fi\/wp-json\/wp\/v2\/product_tag?post=137467"}],"curies":[{"name":"wp","href":"https:\/\/api.w.org\/{rel}","templated":true}]}}