{"id":137575,"date":"2024-07-23T15:16:47","date_gmt":"2024-07-23T22:16:47","guid":{"rendered":"https:\/\/glandine.com\/product\/dolce-gabbana-schicke-polka-dot-seidenbluse\/"},"modified":"2024-11-29T15:02:24","modified_gmt":"2024-11-29T14:02:24","slug":"dolce-gabbana-schicke-polka-dot-seidenbluse","status":"publish","type":"product","link":"https:\/\/tpmadalina42.supserv.cozmoslabs.com\/fi\/tuote-2\/dolce-gabbana-schicke-polka-dot-seidenbluse\/","title":{"rendered":"Dolce &amp; Gabbana Chic pilkullinen silkkipusero"},"content":{"rendered":"<p>G\u00f6nnen Sie sich die zeitlose Eleganz von Dolce &amp; Gabbana mit dieser umwerfenden Seidenbluse im klassischen Tupfen-Design. Die Bluse pr\u00e4sentiert sich mit kurzen \u00c4rmeln, perfekt f\u00fcr einen anmutigen und vielseitigen Look. Dieses in Italien gefertigte Oberteil ist der Inbegriff von Luxus und feiner Handwerkskunst.<\/p>\n<ul>\n<li>Materiaali: 100% silkki<\/li>\n<li>V\u00e4ri: musta\/valkoinen<\/li>\n<li>Alkuper\u00e4maa: IT<\/li>\n<li>Kollektion: SICILY<\/li>\n<\/ul>","protected":false},"excerpt":{"rendered":"<p>G\u00f6nnen Sie sich die zeitlose Eleganz von Dolce &amp; Gabbana mit dieser umwerfenden Seidenbluse im klassischen Tupfen-Design. Die Bluse pr\u00e4sentiert sich mit kurzen \u00c4rmeln, perfekt f\u00fcr einen anmutigen und vielseitigen Look. Dieses in Italien gefertigte Oberteil ist der Inbegriff von Luxus und feiner Handwerkskunst. Material: 100% Seide Farbe: Schwarz\/Wei\u00df Herkunftsland: IT Kollektion: SICILY<\/p>","protected":false},"featured_media":137567,"template":"","meta":[],"product_brand":[1620],"product_cat":[1637,1623,1714],"product_tag":[],"class_list":{"0":"post-137575","1":"product","2":"type-product","3":"status-publish","4":"has-post-thumbnail","6":"product_brand-dolce-gabbana","7":"product_cat-frauen-kleidung","8":"product_cat-kleidung","9":"product_cat-oberteile-t-shirts","11":"first","12":"instock","13":"sale","14":"taxable","15":"shipping-taxable","16":"purchasable","17":"product-type-variable"},"_links":{"self":[{"href":"https:\/\/tpmadalina42.supserv.cozmoslabs.com\/fi\/wp-json\/wp\/v2\/product\/137575","targetHints":{"allow":["GET"]}}],"collection":[{"href":"https:\/\/tpmadalina42.supserv.cozmoslabs.com\/fi\/wp-json\/wp\/v2\/product"}],"about":[{"href":"https:\/\/tpmadalina42.supserv.cozmoslabs.com\/fi\/wp-json\/wp\/v2\/types\/product"}],"wp:featuredmedia":[{"embeddable":true,"href":"https:\/\/tpmadalina42.supserv.cozmoslabs.com\/fi\/wp-json\/wp\/v2\/media\/137567"}],"wp:attachment":[{"href":"https:\/\/tpmadalina42.supserv.cozmoslabs.com\/fi\/wp-json\/wp\/v2\/media?parent=137575"}],"wp:term":[{"taxonomy":"product_brand","embeddable":true,"href":"https:\/\/tpmadalina42.supserv.cozmoslabs.com\/fi\/wp-json\/wp\/v2\/product_brand?post=137575"},{"taxonomy":"product_cat","embeddable":true,"href":"https:\/\/tpmadalina42.supserv.cozmoslabs.com\/fi\/wp-json\/wp\/v2\/product_cat?post=137575"},{"taxonomy":"product_tag","embeddable":true,"href":"https:\/\/tpmadalina42.supserv.cozmoslabs.com\/fi\/wp-json\/wp\/v2\/product_tag?post=137575"}],"curies":[{"name":"wp","href":"https:\/\/api.w.org\/{rel}","templated":true}]}}