{"id":137751,"date":"2024-07-23T15:22:56","date_gmt":"2024-07-23T22:22:56","guid":{"rendered":"https:\/\/glandine.com\/product\/dolce-gabbana-eleganter-a-linien-rock-mit-leopardenmuster\/"},"modified":"2024-11-29T15:04:36","modified_gmt":"2024-11-29T14:04:36","slug":"dolce-gabbana-eleganter-a-linien-rock-mit-leopardenmuster","status":"publish","type":"product","link":"https:\/\/tpmadalina42.supserv.cozmoslabs.com\/fi\/tuote-2\/dolce-gabbana-eleganter-a-linien-rock-mit-leopardenmuster\/","title":{"rendered":"Dolce &amp; Gabbana Eleganter A-Linien-Rock mit Leopardenmuster"},"content":{"rendered":"<p>G\u00f6nnen Sie sich den Inbegriff von italienischem Luxus und Stil mit diesem atemberaubenden A-Linien-Rock mit Leopardenmuster von <strong>Dolce &amp; Gabbana<\/strong>. Perfekt, um Ihrer Garderobe einen Hauch von Raffinesse zu verleihen. Das Modell verf\u00fcgt \u00fcber eine schmeichelhafte hohe Taille, die oberhalb des Knies sitzt und eine glamour\u00f6se Silhouette f\u00fcr jeden Anlass garantiert.<\/p>\n<ul>\n<li>Modell: \u00dcber dem Knie, hohe Taille, A-Linie<\/li>\n<li>Farbe: Brauner Leopardendruck<\/li>\n<li>Vetoketju takana<\/li>\n<li>Innenfutter: Schwarzes Seidenstretch-Innenfutter<\/li>\n<li>Valmistettu Italiassa<\/li>\n<li>Material: 50% Seide, 50% Viskose<\/li>\n<li>Futter Material: 94% Seide, 6% Elastan<\/li>\n<\/ul>","protected":false},"excerpt":{"rendered":"<p>G\u00f6nnen Sie sich den Inbegriff von italienischem Luxus und Stil mit diesem atemberaubenden A-Linien-Rock mit Leopardenmuster von Dolce &amp; Gabbana. Perfekt, um Ihrer Garderobe einen Hauch von Raffinesse zu verleihen. Das Modell verf\u00fcgt \u00fcber eine schmeichelhafte hohe Taille, die oberhalb des Knies sitzt und eine glamour\u00f6se Silhouette f\u00fcr jeden Anlass garantiert. Modell: \u00dcber dem Knie, [&hellip;]<\/p>","protected":false},"featured_media":137745,"template":"","meta":[],"product_brand":[1620],"product_cat":[1637,1623,1699],"product_tag":[],"class_list":{"0":"post-137751","1":"product","2":"type-product","3":"status-publish","4":"has-post-thumbnail","6":"product_brand-dolce-gabbana","7":"product_cat-frauen-kleidung","8":"product_cat-kleidung","9":"product_cat-roecke","11":"first","12":"instock","13":"sale","14":"taxable","15":"shipping-taxable","16":"purchasable","17":"product-type-variable"},"_links":{"self":[{"href":"https:\/\/tpmadalina42.supserv.cozmoslabs.com\/fi\/wp-json\/wp\/v2\/product\/137751","targetHints":{"allow":["GET"]}}],"collection":[{"href":"https:\/\/tpmadalina42.supserv.cozmoslabs.com\/fi\/wp-json\/wp\/v2\/product"}],"about":[{"href":"https:\/\/tpmadalina42.supserv.cozmoslabs.com\/fi\/wp-json\/wp\/v2\/types\/product"}],"wp:featuredmedia":[{"embeddable":true,"href":"https:\/\/tpmadalina42.supserv.cozmoslabs.com\/fi\/wp-json\/wp\/v2\/media\/137745"}],"wp:attachment":[{"href":"https:\/\/tpmadalina42.supserv.cozmoslabs.com\/fi\/wp-json\/wp\/v2\/media?parent=137751"}],"wp:term":[{"taxonomy":"product_brand","embeddable":true,"href":"https:\/\/tpmadalina42.supserv.cozmoslabs.com\/fi\/wp-json\/wp\/v2\/product_brand?post=137751"},{"taxonomy":"product_cat","embeddable":true,"href":"https:\/\/tpmadalina42.supserv.cozmoslabs.com\/fi\/wp-json\/wp\/v2\/product_cat?post=137751"},{"taxonomy":"product_tag","embeddable":true,"href":"https:\/\/tpmadalina42.supserv.cozmoslabs.com\/fi\/wp-json\/wp\/v2\/product_tag?post=137751"}],"curies":[{"name":"wp","href":"https:\/\/api.w.org\/{rel}","templated":true}]}}