{"id":137764,"date":"2024-07-23T15:23:26","date_gmt":"2024-07-23T22:23:26","guid":{"rendered":"https:\/\/glandine.com\/product\/dolce-gabbana-schwarz-weiss-floral-barock-kristall-bleistiftrock\/"},"modified":"2024-11-29T15:04:43","modified_gmt":"2024-11-29T14:04:43","slug":"dolce-gabbana-schwarz-weiss-floral-barock-kristall-bleistiftrock","status":"publish","type":"product","link":"https:\/\/tpmadalina42.supserv.cozmoslabs.com\/fi\/tuote-2\/dolce-gabbana-schwarz-weiss-floral-barock-kristall-bleistiftrock\/","title":{"rendered":"Dolce &amp; Gabbana Schwarz Wei\u00df Floral Barock Kristall Bleistiftrock"},"content":{"rendered":"<p>Enth\u00fcllen Sie den Inbegriff von Eleganz mit diesem exquisit gearbeiteten Bleistiftrock <strong>Kirjailija: Dolce &amp; Gabbana<\/strong>. Er ist mit einem raffinierten schwarz-wei\u00dfen floralen Barockmuster verziert und verk\u00f6rpert Luxus mit einem Hauch von Opulenz dank der Kristallverzierungen. Der hochgeschnittene Rock ist bis knapp \u00fcber die Knie geschneidert und bietet eine ebenso schicke wie verf\u00fchrerische Silhouette. Dieses in Italien gefertigte St\u00fcck verspricht Exklusivit\u00e4t und unvergleichliche Handwerkskunst.<\/p>\n<ul>\n<li>V\u00e4ri: musta\/valkoinen<\/li>\n<li>Material: 90% Wolle, 8% Nylon, 2% Elastan<\/li>\n<li>Futter: 94% Seide, 6% Elastan<\/li>\n<li>Alkuper\u00e4maa: IT<\/li>\n<li>Vetoketju takana<\/li>\n<li>Innenfutter aus Seidenstretch f\u00fcr h\u00f6chsten Tragekomfort<\/li>\n<\/ul>","protected":false},"excerpt":{"rendered":"<p>Enth\u00fcllen Sie den Inbegriff von Eleganz mit diesem exquisit gearbeiteten Bleistiftrock von Dolce &amp; Gabbana. Er ist mit einem raffinierten schwarz-wei\u00dfen floralen Barockmuster verziert und verk\u00f6rpert Luxus mit einem Hauch von Opulenz dank der Kristallverzierungen. Der hochgeschnittene Rock ist bis knapp \u00fcber die Knie geschneidert und bietet eine ebenso schicke wie verf\u00fchrerische Silhouette. Dieses in [&hellip;]<\/p>","protected":false},"featured_media":137756,"template":"","meta":[],"product_brand":[1620],"product_cat":[1637,1623,1699],"product_tag":[],"class_list":{"0":"post-137764","1":"product","2":"type-product","3":"status-publish","4":"has-post-thumbnail","6":"product_brand-dolce-gabbana","7":"product_cat-frauen-kleidung","8":"product_cat-kleidung","9":"product_cat-roecke","11":"first","12":"instock","13":"sale","14":"taxable","15":"shipping-taxable","16":"purchasable","17":"product-type-variable"},"_links":{"self":[{"href":"https:\/\/tpmadalina42.supserv.cozmoslabs.com\/fi\/wp-json\/wp\/v2\/product\/137764","targetHints":{"allow":["GET"]}}],"collection":[{"href":"https:\/\/tpmadalina42.supserv.cozmoslabs.com\/fi\/wp-json\/wp\/v2\/product"}],"about":[{"href":"https:\/\/tpmadalina42.supserv.cozmoslabs.com\/fi\/wp-json\/wp\/v2\/types\/product"}],"wp:featuredmedia":[{"embeddable":true,"href":"https:\/\/tpmadalina42.supserv.cozmoslabs.com\/fi\/wp-json\/wp\/v2\/media\/137756"}],"wp:attachment":[{"href":"https:\/\/tpmadalina42.supserv.cozmoslabs.com\/fi\/wp-json\/wp\/v2\/media?parent=137764"}],"wp:term":[{"taxonomy":"product_brand","embeddable":true,"href":"https:\/\/tpmadalina42.supserv.cozmoslabs.com\/fi\/wp-json\/wp\/v2\/product_brand?post=137764"},{"taxonomy":"product_cat","embeddable":true,"href":"https:\/\/tpmadalina42.supserv.cozmoslabs.com\/fi\/wp-json\/wp\/v2\/product_cat?post=137764"},{"taxonomy":"product_tag","embeddable":true,"href":"https:\/\/tpmadalina42.supserv.cozmoslabs.com\/fi\/wp-json\/wp\/v2\/product_tag?post=137764"}],"curies":[{"name":"wp","href":"https:\/\/api.w.org\/{rel}","templated":true}]}}