{"id":137836,"date":"2024-07-23T15:26:03","date_gmt":"2024-07-23T22:26:03","guid":{"rendered":"https:\/\/glandine.com\/product\/billionaire-italian-couture-eleganter-grauer-baumwoll-sweatdress-mit-kapuze\/"},"modified":"2024-11-29T15:05:37","modified_gmt":"2024-11-29T14:05:37","slug":"billionaire-italian-couture-eleganter-grauer-baumwoll-sweatdress-mit-kapuze","status":"publish","type":"product","link":"https:\/\/tpmadalina42.supserv.cozmoslabs.com\/fi\/tuote-2\/billionaire-italian-couture-eleganter-grauer-baumwoll-sweatdress-mit-kapuze\/","title":{"rendered":"Billionaire Italian Couture Elegant harmaa puuvillainen huppari"},"content":{"rendered":"<p>Hemmottele itse\u00e4si italialaisen ylellisyyden ruumiillistuksella t\u00e4ll\u00e4 upealla Billionaire Italian Couture-verkossa. T\u00e4m\u00e4 upouusi merkitty vaate on valmistettu 100 % korkealaatuisesta % puuvillasta sek\u00e4 muodin ett\u00e4 mukavuuden vuoksi. Hienostunut harmaas\u00e4vy edustaa vaivatonta tyyli\u00e4, kun taas yksityiskohtiin kiinnitt\u00e4minen logotiloissa ja merkkikorosteissa puhuu ainutlaatuisesta suunnittelusta. Etsitp\u00e4 sitten rentoa eleganssia tai rentoa hienostuneisuutta, t\u00e4m\u00e4 italialainen collegepuku on t\u00e4ydellinen valinta.<\/p>\n<ul>\n<li>Materiaali: 100% puuvilla<\/li>\n<li>V\u00e4ri: Harmaa<\/li>\n<li>Alkuper\u00e4maa: IT<\/li>\n<li>Mallikoodi: BLBM7000055B<\/li>\n<li>Ominaisuudet: Hupullinen p\u00e4\u00e4ntie, t\u00e4ysi vetoketju, pitk\u00e4t hihat, s\u00e4\u00e4dett\u00e4v\u00e4 huppu, resorihihansuut ja helma, kuviollinen vuori<\/li>\n<li>Housut: Joustava ja s\u00e4\u00e4dett\u00e4v\u00e4 vy\u00f6t\u00e4r\u00f6nauha, 2 halkiotaskua, sauma edess\u00e4<\/li>\n<li>Logoyksityiskohdat rinnassa, taskut, kiristysny\u00f6rien p\u00e4\u00e4t ja vetoketjun vetokielekkeet<\/li>\n<li>Valmistettu Italiassa<\/li>\n<\/ul>","protected":false},"excerpt":{"rendered":"<p>G\u00f6nnen Sie sich den Inbegriff von italienischem Luxus mit diesem atemberaubenden Billionaire Italian Couture Sweatsuit. Dieses brandneue, mit dem Etikett versehene Kleidungsst\u00fcck ist aus 100 % hochwertiger Baumwolle gefertigt und bietet sowohl Mode als auch Komfort. Der raffinierte graue Farbton steht f\u00fcr m\u00fchelosen Stil, w\u00e4hrend die Liebe zum Detail bei den Logopatches und Markenakzenten f\u00fcr [&hellip;]<\/p>","protected":false},"featured_media":137828,"template":"","meta":[],"product_brand":[1948],"product_cat":[1633,1707,1623],"product_tag":[],"class_list":{"0":"post-137836","1":"product","2":"type-product","3":"status-publish","4":"has-post-thumbnail","6":"product_brand-billionaire-italian-couture","7":"product_cat-maenner-kleidung","8":"product_cat-jogginganzuege","9":"product_cat-kleidung","11":"first","12":"instock","13":"sale","14":"taxable","15":"shipping-taxable","16":"purchasable","17":"product-type-variable"},"_links":{"self":[{"href":"https:\/\/tpmadalina42.supserv.cozmoslabs.com\/fi\/wp-json\/wp\/v2\/product\/137836","targetHints":{"allow":["GET"]}}],"collection":[{"href":"https:\/\/tpmadalina42.supserv.cozmoslabs.com\/fi\/wp-json\/wp\/v2\/product"}],"about":[{"href":"https:\/\/tpmadalina42.supserv.cozmoslabs.com\/fi\/wp-json\/wp\/v2\/types\/product"}],"wp:featuredmedia":[{"embeddable":true,"href":"https:\/\/tpmadalina42.supserv.cozmoslabs.com\/fi\/wp-json\/wp\/v2\/media\/137828"}],"wp:attachment":[{"href":"https:\/\/tpmadalina42.supserv.cozmoslabs.com\/fi\/wp-json\/wp\/v2\/media?parent=137836"}],"wp:term":[{"taxonomy":"product_brand","embeddable":true,"href":"https:\/\/tpmadalina42.supserv.cozmoslabs.com\/fi\/wp-json\/wp\/v2\/product_brand?post=137836"},{"taxonomy":"product_cat","embeddable":true,"href":"https:\/\/tpmadalina42.supserv.cozmoslabs.com\/fi\/wp-json\/wp\/v2\/product_cat?post=137836"},{"taxonomy":"product_tag","embeddable":true,"href":"https:\/\/tpmadalina42.supserv.cozmoslabs.com\/fi\/wp-json\/wp\/v2\/product_tag?post=137836"}],"curies":[{"name":"wp","href":"https:\/\/api.w.org\/{rel}","templated":true}]}}