{"id":138052,"date":"2024-07-23T15:33:06","date_gmt":"2024-07-23T22:33:06","guid":{"rendered":"https:\/\/glandine.com\/product\/dolce-gabbana-orange-makramee-spitzen-bleistiftrock\/"},"modified":"2024-11-29T15:07:49","modified_gmt":"2024-11-29T14:07:49","slug":"dolce-gabbana-orange-makramee-spitzen-bleistiftrock","status":"publish","type":"product","link":"https:\/\/tpmadalina42.supserv.cozmoslabs.com\/fi\/tuote-2\/dolce-gabbana-orange-makramee-spitzen-bleistiftrock\/","title":{"rendered":"Dolce &amp; Gabbana Orange Makramee-Spitzen-Bleistiftrock"},"content":{"rendered":"<p>Dieser exquisite Makramee-Spitzenrock <strong>Kirjailija: Dolce &amp; Gabbana<\/strong> verleiht Ihrer Garderobe einen Hauch von Eleganz. Der leuchtende Orangeton wird durch ein raffiniertes, \u00fcber dem Knie liegendes Bleistiftdesign erg\u00e4nzt, das f\u00fcr eine schicke Silhouette sorgt. Der mit viel Liebe zum Detail in Italien gefertigte Rock verf\u00fcgt \u00fcber ein Innenfutter aus Seidenstretch f\u00fcr ultimativen Komfort und eine nahtlose Passform. Mit dem kultigen Logo verziert, ist er ein Beweis f\u00fcr Luxus und Stil.<\/p>\n<ul>\n<li>Modell: \u00dcber den Knien Bleistift<\/li>\n<li>V\u00e4ri: Oranssi<\/li>\n<li>Material: 46% Baumwolle, 43% Viskose, 11% Nylon<\/li>\n<li>Futter: 86% Seide, 4% Elastan, 6% Baumwolle, 2% Nylon<\/li>\n<li>Alkuper\u00e4maa: IT<\/li>\n<li>Vetoketjukiinnitys<\/li>\n<li>Valmistettu Italiassa<\/li>\n<\/ul>","protected":false},"excerpt":{"rendered":"<p>Dieser exquisite Makramee-Spitzenrock von Dolce &amp; Gabbana verleiht Ihrer Garderobe einen Hauch von Eleganz. Der leuchtende Orangeton wird durch ein raffiniertes, \u00fcber dem Knie liegendes Bleistiftdesign erg\u00e4nzt, das f\u00fcr eine schicke Silhouette sorgt. Der mit viel Liebe zum Detail in Italien gefertigte Rock verf\u00fcgt \u00fcber ein Innenfutter aus Seidenstretch f\u00fcr ultimativen Komfort und eine nahtlose [&hellip;]<\/p>","protected":false},"featured_media":138044,"template":"","meta":[],"product_brand":[1620],"product_cat":[1637,1623,1699],"product_tag":[],"class_list":{"0":"post-138052","1":"product","2":"type-product","3":"status-publish","4":"has-post-thumbnail","6":"product_brand-dolce-gabbana","7":"product_cat-frauen-kleidung","8":"product_cat-kleidung","9":"product_cat-roecke","11":"first","12":"instock","13":"sale","14":"taxable","15":"shipping-taxable","16":"purchasable","17":"product-type-variable"},"_links":{"self":[{"href":"https:\/\/tpmadalina42.supserv.cozmoslabs.com\/fi\/wp-json\/wp\/v2\/product\/138052","targetHints":{"allow":["GET"]}}],"collection":[{"href":"https:\/\/tpmadalina42.supserv.cozmoslabs.com\/fi\/wp-json\/wp\/v2\/product"}],"about":[{"href":"https:\/\/tpmadalina42.supserv.cozmoslabs.com\/fi\/wp-json\/wp\/v2\/types\/product"}],"wp:featuredmedia":[{"embeddable":true,"href":"https:\/\/tpmadalina42.supserv.cozmoslabs.com\/fi\/wp-json\/wp\/v2\/media\/138044"}],"wp:attachment":[{"href":"https:\/\/tpmadalina42.supserv.cozmoslabs.com\/fi\/wp-json\/wp\/v2\/media?parent=138052"}],"wp:term":[{"taxonomy":"product_brand","embeddable":true,"href":"https:\/\/tpmadalina42.supserv.cozmoslabs.com\/fi\/wp-json\/wp\/v2\/product_brand?post=138052"},{"taxonomy":"product_cat","embeddable":true,"href":"https:\/\/tpmadalina42.supserv.cozmoslabs.com\/fi\/wp-json\/wp\/v2\/product_cat?post=138052"},{"taxonomy":"product_tag","embeddable":true,"href":"https:\/\/tpmadalina42.supserv.cozmoslabs.com\/fi\/wp-json\/wp\/v2\/product_tag?post=138052"}],"curies":[{"name":"wp","href":"https:\/\/api.w.org\/{rel}","templated":true}]}}