{"id":138176,"date":"2024-07-23T15:37:21","date_gmt":"2024-07-23T22:37:21","guid":{"rendered":"https:\/\/glandine.com\/product\/dolce-gabbana-schickes-aermelloses-kleid-aus-gepunkteter-wolle\/"},"modified":"2024-11-29T15:09:17","modified_gmt":"2024-11-29T14:09:17","slug":"dolce-gabbana-schickes-aermelloses-kleid-aus-gepunkteter-wolle","status":"publish","type":"product","link":"https:\/\/tpmadalina42.supserv.cozmoslabs.com\/fi\/tuote-2\/dolce-gabbana-schickes-aermelloses-kleid-aus-gepunkteter-wolle\/","title":{"rendered":"Dolce &amp; Gabbana Schickes \u00e4rmelloses Kleid aus gepunkteter Wolle"},"content":{"rendered":"<p>Mit diesem aufsehenerregenden \u00e4rmellosen Kleid von <strong>Dolce &amp; Gabbana<\/strong> setzen Sie auf Eleganz. Perfekt f\u00fcr jeden Anlass, pr\u00e4sentiert sich dieses \u00fcberknielange St\u00fcck mit einem zeitlosen grauen Tupfenmuster. Das Kleid verf\u00fcgt \u00fcber ein Sicily-Motiv, einen durchgehenden Rei\u00dfverschluss f\u00fcr eine makellose Passform und ein Stretch-Innenfutter, das f\u00fcr Komfort sorgt, ohne auf Stil zu verzichten. Dieses luxuri\u00f6se Wollkleid wird in Italien fachm\u00e4nnisch gefertigt und ist ein Beweis f\u00fcr exklusive und sorgf\u00e4ltige Handwerkskunst.<\/p>\n<ul>\n<li>V\u00e4ri: Harmaa<\/li>\n<li>Materiaali: 100% villa<\/li>\n<li>Futter: 95% Cupro, 5% Elastan Stretch<\/li>\n<li>Alkuper\u00e4maa: IT<\/li>\n<li>Motiv: SICILY<\/li>\n<li>T\u00e4yspitk\u00e4 vetoketju<\/li>\n<li>Stretch-Innenfutter<\/li>\n<li>Logon yksityiskohdat<\/li>\n<\/ul>","protected":false},"excerpt":{"rendered":"<p>Mit diesem aufsehenerregenden \u00e4rmellosen Kleid von Dolce &amp; Gabbana setzen Sie auf Eleganz. Perfekt f\u00fcr jeden Anlass, pr\u00e4sentiert sich dieses \u00fcberknielange St\u00fcck mit einem zeitlosen grauen Tupfenmuster. Das Kleid verf\u00fcgt \u00fcber ein Sicily-Motiv, einen durchgehenden Rei\u00dfverschluss f\u00fcr eine makellose Passform und ein Stretch-Innenfutter, das f\u00fcr Komfort sorgt, ohne auf Stil zu verzichten. Dieses luxuri\u00f6se Wollkleid [&hellip;]<\/p>","protected":false},"featured_media":138169,"template":"","meta":[],"product_brand":[1620],"product_cat":[1637,1659,1623],"product_tag":[],"class_list":{"0":"post-138176","1":"product","2":"type-product","3":"status-publish","4":"has-post-thumbnail","6":"product_brand-dolce-gabbana","7":"product_cat-frauen-kleidung","8":"product_cat-kleider","9":"product_cat-kleidung","11":"first","12":"instock","13":"sale","14":"taxable","15":"shipping-taxable","16":"purchasable","17":"product-type-variable"},"_links":{"self":[{"href":"https:\/\/tpmadalina42.supserv.cozmoslabs.com\/fi\/wp-json\/wp\/v2\/product\/138176","targetHints":{"allow":["GET"]}}],"collection":[{"href":"https:\/\/tpmadalina42.supserv.cozmoslabs.com\/fi\/wp-json\/wp\/v2\/product"}],"about":[{"href":"https:\/\/tpmadalina42.supserv.cozmoslabs.com\/fi\/wp-json\/wp\/v2\/types\/product"}],"wp:featuredmedia":[{"embeddable":true,"href":"https:\/\/tpmadalina42.supserv.cozmoslabs.com\/fi\/wp-json\/wp\/v2\/media\/138169"}],"wp:attachment":[{"href":"https:\/\/tpmadalina42.supserv.cozmoslabs.com\/fi\/wp-json\/wp\/v2\/media?parent=138176"}],"wp:term":[{"taxonomy":"product_brand","embeddable":true,"href":"https:\/\/tpmadalina42.supserv.cozmoslabs.com\/fi\/wp-json\/wp\/v2\/product_brand?post=138176"},{"taxonomy":"product_cat","embeddable":true,"href":"https:\/\/tpmadalina42.supserv.cozmoslabs.com\/fi\/wp-json\/wp\/v2\/product_cat?post=138176"},{"taxonomy":"product_tag","embeddable":true,"href":"https:\/\/tpmadalina42.supserv.cozmoslabs.com\/fi\/wp-json\/wp\/v2\/product_tag?post=138176"}],"curies":[{"name":"wp","href":"https:\/\/api.w.org\/{rel}","templated":true}]}}