{"id":138483,"date":"2024-07-23T15:49:20","date_gmt":"2024-07-23T22:49:20","guid":{"rendered":"https:\/\/glandine.com\/product\/dolce-gabbana-eleganter-spitzenminirock-mit-kristalldetails\/"},"modified":"2024-11-29T15:12:46","modified_gmt":"2024-11-29T14:12:46","slug":"dolce-gabbana-eleganter-spitzenminirock-mit-kristalldetails","status":"publish","type":"product","link":"https:\/\/tpmadalina42.supserv.cozmoslabs.com\/fi\/tuote-2\/dolce-gabbana-eleganter-spitzenminirock-mit-kristalldetails\/","title":{"rendered":"Dolce &amp; Gabbana Eleganter Spitzenminirock mit Kristalldetails"},"content":{"rendered":"<p>G\u00f6nnen Sie sich den Inbegriff von italienischem Luxus mit diesem exquisiten Minirock <strong>Kirjailija: Dolce &amp; Gabbana<\/strong>. Der perfekt f\u00fcr einen raffinierten Look gefertigte Rock zeigt ein elegantes florales Spitzendesign in einer klassischen Schwarz-Wei\u00df-Farbpalette, das durch schillernde Gold- und Kristallakzente f\u00fcr einen edlen Touch aufgewertet wird. Das durchdachte Design verf\u00fcgt \u00fcber einen praktischen Rei\u00dfverschluss und einen Doppelknopfverschluss am R\u00fccken, der f\u00fcr einen sicheren und schmeichelhaften Sitz sorgt. Das Innenfutter aus Seidenstretch verspricht h\u00f6chsten Komfort und einen Hauch von Stretch, der die Bewegungsfreiheit verbessert. Dieses Meisterwerk ist ein wahrer Beweis f\u00fcr die Liebe zum Detail und die Hingabe zu handwerklicher Kunstfertigkeit von Dolce &amp; Gabbana und damit ein Must-Have f\u00fcr jeden Modekenner.<\/p>\n<ul>\n<li>V\u00e4ri: Moniv\u00e4rinen<\/li>\n<li>Material: 30% Lurex, 30% Polyester, 30% Nylon, 10% Baumwolle<\/li>\n<li>Futter: 86% Seide, 4% Elastan, 6% Baumwolle, 2% Nylon<\/li>\n<li>Alkuper\u00e4maa: Italia<\/li>\n<\/ul>","protected":false},"excerpt":{"rendered":"<p>G\u00f6nnen Sie sich den Inbegriff von italienischem Luxus mit diesem exquisiten Minirock von Dolce &amp; Gabbana. Der perfekt f\u00fcr einen raffinierten Look gefertigte Rock zeigt ein elegantes florales Spitzendesign in einer klassischen Schwarz-Wei\u00df-Farbpalette, das durch schillernde Gold- und Kristallakzente f\u00fcr einen edlen Touch aufgewertet wird. Das durchdachte Design verf\u00fcgt \u00fcber einen praktischen Rei\u00dfverschluss und einen [&hellip;]<\/p>","protected":false},"featured_media":138475,"template":"","meta":[],"product_brand":[1620],"product_cat":[1637,1623,1699],"product_tag":[],"class_list":{"0":"post-138483","1":"product","2":"type-product","3":"status-publish","4":"has-post-thumbnail","6":"product_brand-dolce-gabbana","7":"product_cat-frauen-kleidung","8":"product_cat-kleidung","9":"product_cat-roecke","11":"first","12":"instock","13":"sale","14":"taxable","15":"shipping-taxable","16":"purchasable","17":"product-type-variable"},"_links":{"self":[{"href":"https:\/\/tpmadalina42.supserv.cozmoslabs.com\/fi\/wp-json\/wp\/v2\/product\/138483","targetHints":{"allow":["GET"]}}],"collection":[{"href":"https:\/\/tpmadalina42.supserv.cozmoslabs.com\/fi\/wp-json\/wp\/v2\/product"}],"about":[{"href":"https:\/\/tpmadalina42.supserv.cozmoslabs.com\/fi\/wp-json\/wp\/v2\/types\/product"}],"wp:featuredmedia":[{"embeddable":true,"href":"https:\/\/tpmadalina42.supserv.cozmoslabs.com\/fi\/wp-json\/wp\/v2\/media\/138475"}],"wp:attachment":[{"href":"https:\/\/tpmadalina42.supserv.cozmoslabs.com\/fi\/wp-json\/wp\/v2\/media?parent=138483"}],"wp:term":[{"taxonomy":"product_brand","embeddable":true,"href":"https:\/\/tpmadalina42.supserv.cozmoslabs.com\/fi\/wp-json\/wp\/v2\/product_brand?post=138483"},{"taxonomy":"product_cat","embeddable":true,"href":"https:\/\/tpmadalina42.supserv.cozmoslabs.com\/fi\/wp-json\/wp\/v2\/product_cat?post=138483"},{"taxonomy":"product_tag","embeddable":true,"href":"https:\/\/tpmadalina42.supserv.cozmoslabs.com\/fi\/wp-json\/wp\/v2\/product_tag?post=138483"}],"curies":[{"name":"wp","href":"https:\/\/api.w.org\/{rel}","templated":true}]}}