{"id":138675,"date":"2024-07-24T00:56:22","date_gmt":"2024-07-23T22:56:22","guid":{"rendered":"https:\/\/glandine.com\/product\/dolce-gabbana-elegante-gestreifte-graue-weste\/"},"modified":"2024-11-29T15:14:44","modified_gmt":"2024-11-29T14:14:44","slug":"dolce-gabbana-elegante-gestreifte-graue-weste","status":"publish","type":"product","link":"https:\/\/tpmadalina42.supserv.cozmoslabs.com\/fi\/tuote-2\/dolce-gabbana-elegante-gestreifte-graue-weste\/","title":{"rendered":"Dolce &amp; Gabbana Elegante gestreifte graue Weste"},"content":{"rendered":"<p>Entdecken Sie zeitlose Raffinesse mit dieser auff\u00e4lligen grauen gestreiften Weste, einer perfekten Mischung aus klassischem Stil und moderner Eleganz. Diese einreihige Weste wurde von Dolce &amp; Gabbana geschneidert und wertet jedes Ensemble mit einem Hauch italienischer Handwerkskunst auf. Mit einer durchgehenden Knopfleiste und einem verstellbaren Taillengurt auf der R\u00fcckseite sorgt sie f\u00fcr einen perfekten Sitz bei jeder Gelegenheit. Die Weste ist mit dezenten Logodetails versehen, die ihre Authentizit\u00e4t und luxuri\u00f6se Abstammung unterstreichen. Sie ist aus einem bequemen Baumwoll-Viskose-Mix gefertigt, der sowohl strapazierf\u00e4hig ist als auch ein weiches Gef\u00fchl auf der Haut vermittelt. Elegant gef\u00fcttert f\u00fcr zus\u00e4tzlichen Komfort, ist diese Weste der Inbegriff von Dolce &amp; Gabbana&#8217;s Engagement f\u00fcr Exzellenz.<\/p>\n<ul>\n<li>Material: 80% Baumwolle, 20% Viskose<\/li>\n<li>Innenfutter: 63% Viskose, 37% Messing<\/li>\n<li>Farbe: Grau, gestreift<\/li>\n<li>Valmistettu Italiassa<\/li>\n<\/ul>","protected":false},"excerpt":{"rendered":"<p>Entdecken Sie zeitlose Raffinesse mit dieser auff\u00e4lligen grauen gestreiften Weste, einer perfekten Mischung aus klassischem Stil und moderner Eleganz. Diese einreihige Weste wurde von Dolce &amp; Gabbana geschneidert und wertet jedes Ensemble mit einem Hauch italienischer Handwerkskunst auf. Mit einer durchgehenden Knopfleiste und einem verstellbaren Taillengurt auf der R\u00fcckseite sorgt sie f\u00fcr einen perfekten Sitz [&hellip;]<\/p>","protected":false},"featured_media":138667,"template":"","meta":[],"product_brand":[1620],"product_cat":[1633,1623,1720],"product_tag":[],"class_list":{"0":"post-138675","1":"product","2":"type-product","3":"status-publish","4":"has-post-thumbnail","6":"product_brand-dolce-gabbana","7":"product_cat-maenner-kleidung","8":"product_cat-kleidung","9":"product_cat-schutzwesten-maenner-kleidung","11":"first","12":"instock","13":"sale","14":"taxable","15":"shipping-taxable","16":"purchasable","17":"product-type-variable"},"_links":{"self":[{"href":"https:\/\/tpmadalina42.supserv.cozmoslabs.com\/fi\/wp-json\/wp\/v2\/product\/138675","targetHints":{"allow":["GET"]}}],"collection":[{"href":"https:\/\/tpmadalina42.supserv.cozmoslabs.com\/fi\/wp-json\/wp\/v2\/product"}],"about":[{"href":"https:\/\/tpmadalina42.supserv.cozmoslabs.com\/fi\/wp-json\/wp\/v2\/types\/product"}],"wp:featuredmedia":[{"embeddable":true,"href":"https:\/\/tpmadalina42.supserv.cozmoslabs.com\/fi\/wp-json\/wp\/v2\/media\/138667"}],"wp:attachment":[{"href":"https:\/\/tpmadalina42.supserv.cozmoslabs.com\/fi\/wp-json\/wp\/v2\/media?parent=138675"}],"wp:term":[{"taxonomy":"product_brand","embeddable":true,"href":"https:\/\/tpmadalina42.supserv.cozmoslabs.com\/fi\/wp-json\/wp\/v2\/product_brand?post=138675"},{"taxonomy":"product_cat","embeddable":true,"href":"https:\/\/tpmadalina42.supserv.cozmoslabs.com\/fi\/wp-json\/wp\/v2\/product_cat?post=138675"},{"taxonomy":"product_tag","embeddable":true,"href":"https:\/\/tpmadalina42.supserv.cozmoslabs.com\/fi\/wp-json\/wp\/v2\/product_tag?post=138675"}],"curies":[{"name":"wp","href":"https:\/\/api.w.org\/{rel}","templated":true}]}}