{"id":138760,"date":"2024-07-24T00:59:34","date_gmt":"2024-07-23T22:59:34","guid":{"rendered":"https:\/\/glandine.com\/product\/dolce-gabbana-elegante-hose-mit-polka-dot-verzierung\/"},"modified":"2024-11-29T15:16:38","modified_gmt":"2024-11-29T14:16:38","slug":"dolce-gabbana-elegante-hose-mit-polka-dot-verzierung","status":"publish","type":"product","link":"https:\/\/tpmadalina42.supserv.cozmoslabs.com\/fi\/tuote-2\/dolce-gabbana-elegante-hose-mit-polka-dot-verzierung\/","title":{"rendered":"Dolce &amp; Gabbana Elegante Hose mit Polka-Dot-Verzierung"},"content":{"rendered":"<p>Uppoudu ylellisyyteen <b>Dolce &amp; Gabbana<\/b> mit dieser exquisit geschneiderten Hose, die Ihrer Garderobe einen Hauch italienischer Eleganz verleiht. Die Hose aus einer gl\u00e4nzenden Viskose-Baumwoll-Mischung besticht durch ein schickes schwarz-wei\u00dfes Polka-Dot-Design, das durch eine Symphonie aus bunten Kristallen und Pailletten aufgewertet wird. Das verschlungene &#8222;SICILY&#8220;-Motiv und die zarten Instrumental- und Blumenstickereien unterstreichen das Engagement der Marke f\u00fcr h\u00f6chste Handwerkskunst. Mit zwei Vordertaschen und den ikonischen Logodetails ist diese Hose ein Beweis f\u00fcr den Ruf von Dolce &amp; Gabbana f\u00fcr Exklusivit\u00e4t und hohe Handwerkskunst. Die in Italien gefertigte Hose ist ein zeitloses St\u00fcck, das jedes Ensemble aufwertet.<\/p>\n<ul>\n<li>Material: 64% Rayon, 36% Baumwolle<\/li>\n<li>V\u00e4ri: musta\/valkoinen<\/li>\n<li>Alkuper\u00e4maa: IT<\/li>\n<li>Viilto: vetoketju ja nappikiinnitys<\/li>\n<li>Kristall: Mehrfarbige Kristalle und Pailletten<\/li>\n<li>Motiv: SICILY<\/li>\n<\/ul>","protected":false},"excerpt":{"rendered":"<p>Tauchen Sie ein in den Luxus von Dolce &amp; Gabbana mit dieser exquisit geschneiderten Hose, die Ihrer Garderobe einen Hauch italienischer Eleganz verleiht. Die Hose aus einer gl\u00e4nzenden Viskose-Baumwoll-Mischung besticht durch ein schickes schwarz-wei\u00dfes Polka-Dot-Design, das durch eine Symphonie aus bunten Kristallen und Pailletten aufgewertet wird. Das verschlungene &#8222;SICILY&#8220;-Motiv und die zarten Instrumental- und Blumenstickereien [&hellip;]<\/p>","protected":false},"featured_media":138752,"template":"","meta":[],"product_brand":[1620],"product_cat":[1637,1686,1623],"product_tag":[],"class_list":{"0":"post-138760","1":"product","2":"type-product","3":"status-publish","4":"has-post-thumbnail","6":"product_brand-dolce-gabbana","7":"product_cat-frauen-kleidung","8":"product_cat-jeans-hosen-frauen-kleidung","9":"product_cat-kleidung","11":"first","12":"instock","13":"sale","14":"taxable","15":"shipping-taxable","16":"purchasable","17":"product-type-variable"},"_links":{"self":[{"href":"https:\/\/tpmadalina42.supserv.cozmoslabs.com\/fi\/wp-json\/wp\/v2\/product\/138760","targetHints":{"allow":["GET"]}}],"collection":[{"href":"https:\/\/tpmadalina42.supserv.cozmoslabs.com\/fi\/wp-json\/wp\/v2\/product"}],"about":[{"href":"https:\/\/tpmadalina42.supserv.cozmoslabs.com\/fi\/wp-json\/wp\/v2\/types\/product"}],"wp:featuredmedia":[{"embeddable":true,"href":"https:\/\/tpmadalina42.supserv.cozmoslabs.com\/fi\/wp-json\/wp\/v2\/media\/138752"}],"wp:attachment":[{"href":"https:\/\/tpmadalina42.supserv.cozmoslabs.com\/fi\/wp-json\/wp\/v2\/media?parent=138760"}],"wp:term":[{"taxonomy":"product_brand","embeddable":true,"href":"https:\/\/tpmadalina42.supserv.cozmoslabs.com\/fi\/wp-json\/wp\/v2\/product_brand?post=138760"},{"taxonomy":"product_cat","embeddable":true,"href":"https:\/\/tpmadalina42.supserv.cozmoslabs.com\/fi\/wp-json\/wp\/v2\/product_cat?post=138760"},{"taxonomy":"product_tag","embeddable":true,"href":"https:\/\/tpmadalina42.supserv.cozmoslabs.com\/fi\/wp-json\/wp\/v2\/product_tag?post=138760"}],"curies":[{"name":"wp","href":"https:\/\/api.w.org\/{rel}","templated":true}]}}