{"id":138780,"date":"2024-07-23T16:00:17","date_gmt":"2024-07-23T23:00:17","guid":{"rendered":"https:\/\/glandine.com\/product\/dolce-gabbana-elegante-weisse-caprihose-baumwoll-seiden-mischung\/"},"modified":"2024-11-29T15:17:12","modified_gmt":"2024-11-29T14:17:12","slug":"dolce-gabbana-elegante-weisse-caprihose-baumwoll-seiden-mischung","status":"publish","type":"product","link":"https:\/\/tpmadalina42.supserv.cozmoslabs.com\/fi\/tuote-2\/dolce-gabbana-elegante-weisse-caprihose-baumwoll-seiden-mischung\/","title":{"rendered":"Dolce &amp; Gabbana Elegante wei\u00dfe Caprihose &#8211; Baumwoll-Seiden-Mischung"},"content":{"rendered":"<p>Entdecken Sie Raffinesse mit diesen 100% authentischen Dolce &amp; Gabbana Mid Waist 3\/4 Length Capri Pants. Diese Hose ist der Inbegriff von Luxus mit ihrem eleganten Design und der hochwertigen Stoffmischung, perfekt f\u00fcr ein raffiniertes und schickes Ensemble. Die in Italien gefertigte Hose ist in schlichtem Wei\u00df gehalten und passt zu jedem Oberteil f\u00fcr einen raffinierten Look.<\/p>\n<ul>\n<li>Material: 74% Baumwolle, 26% Seide<\/li>\n<li>V\u00e4ri: Valkoinen<\/li>\n<li>Viilto: vetoketju ja nappikiinnitys<\/li>\n<li>Zwei Fronttaschen<\/li>\n<li>Logon yksityiskohdat<\/li>\n<li>Alkuper\u00e4maa: IT<\/li>\n<\/ul>","protected":false},"excerpt":{"rendered":"<p>Entdecken Sie Raffinesse mit diesen 100% authentischen Dolce &amp; Gabbana Mid Waist 3\/4 Length Capri Pants. Diese Hose ist der Inbegriff von Luxus mit ihrem eleganten Design und der hochwertigen Stoffmischung, perfekt f\u00fcr ein raffiniertes und schickes Ensemble. Die in Italien gefertigte Hose ist in schlichtem Wei\u00df gehalten und passt zu jedem Oberteil f\u00fcr einen [&hellip;]<\/p>","protected":false},"featured_media":138773,"template":"","meta":[],"product_brand":[1620],"product_cat":[1637,1686,1623],"product_tag":[],"class_list":{"0":"post-138780","1":"product","2":"type-product","3":"status-publish","4":"has-post-thumbnail","6":"product_brand-dolce-gabbana","7":"product_cat-frauen-kleidung","8":"product_cat-jeans-hosen-frauen-kleidung","9":"product_cat-kleidung","11":"first","12":"instock","13":"sale","14":"taxable","15":"shipping-taxable","16":"purchasable","17":"product-type-variable"},"_links":{"self":[{"href":"https:\/\/tpmadalina42.supserv.cozmoslabs.com\/fi\/wp-json\/wp\/v2\/product\/138780","targetHints":{"allow":["GET"]}}],"collection":[{"href":"https:\/\/tpmadalina42.supserv.cozmoslabs.com\/fi\/wp-json\/wp\/v2\/product"}],"about":[{"href":"https:\/\/tpmadalina42.supserv.cozmoslabs.com\/fi\/wp-json\/wp\/v2\/types\/product"}],"wp:featuredmedia":[{"embeddable":true,"href":"https:\/\/tpmadalina42.supserv.cozmoslabs.com\/fi\/wp-json\/wp\/v2\/media\/138773"}],"wp:attachment":[{"href":"https:\/\/tpmadalina42.supserv.cozmoslabs.com\/fi\/wp-json\/wp\/v2\/media?parent=138780"}],"wp:term":[{"taxonomy":"product_brand","embeddable":true,"href":"https:\/\/tpmadalina42.supserv.cozmoslabs.com\/fi\/wp-json\/wp\/v2\/product_brand?post=138780"},{"taxonomy":"product_cat","embeddable":true,"href":"https:\/\/tpmadalina42.supserv.cozmoslabs.com\/fi\/wp-json\/wp\/v2\/product_cat?post=138780"},{"taxonomy":"product_tag","embeddable":true,"href":"https:\/\/tpmadalina42.supserv.cozmoslabs.com\/fi\/wp-json\/wp\/v2\/product_tag?post=138780"}],"curies":[{"name":"wp","href":"https:\/\/api.w.org\/{rel}","templated":true}]}}