{"id":139135,"date":"2024-07-23T16:13:01","date_gmt":"2024-07-23T23:13:01","guid":{"rendered":"https:\/\/glandine.com\/product\/dolce-gabbana-elegant-gestreifte-weste-aus-grauer-wollmischung\/"},"modified":"2024-11-29T15:22:03","modified_gmt":"2024-11-29T14:22:03","slug":"dolce-gabbana-elegant-gestreifte-weste-aus-grauer-wollmischung","status":"publish","type":"product","link":"https:\/\/tpmadalina42.supserv.cozmoslabs.com\/fi\/tuote-2\/dolce-gabbana-elegant-gestreifte-weste-aus-grauer-wollmischung\/","title":{"rendered":"Dolce &amp; Gabbana Elegant gestreifte Weste aus grauer Wollmischung"},"content":{"rendered":"<p>Verbessern Sie Ihre formelle Kleidung mit der zeitlosen Raffinesse der eleganten grau gestreiften Weste von Dolce &amp; Gabbana. Als perfekte Mischung aus klassischem Stil und moderner Schneiderkunst ist diese einreihige Weste ein Must-have f\u00fcr den modebewussten Gentleman. Sie wird vorne durchgehend gekn\u00f6pft, hat einen verstellbaren Taillengurt f\u00fcr eine ideale Passform und dezente Logodetails, die ihre Authentizit\u00e4t unterstreichen. Die exquisite italienische Handwerkskunst ist in jeder Naht sichtbar und garantiert ein Kleidungsst\u00fcck von unvergleichlicher Qualit\u00e4t.<\/p>\n<ul>\n<li>Farbe: Grau gestreift<\/li>\n<li>Material: 97% Wolle, 3% Elastan<\/li>\n<li>Vuori: 100% viskoosi<\/li>\n<li>Alkuper\u00e4maa: IT<\/li>\n<\/ul>","protected":false},"excerpt":{"rendered":"<p>Verbessern Sie Ihre formelle Kleidung mit der zeitlosen Raffinesse der eleganten grau gestreiften Weste von Dolce &amp; Gabbana. Als perfekte Mischung aus klassischem Stil und moderner Schneiderkunst ist diese einreihige Weste ein Must-have f\u00fcr den modebewussten Gentleman. Sie wird vorne durchgehend gekn\u00f6pft, hat einen verstellbaren Taillengurt f\u00fcr eine ideale Passform und dezente Logodetails, die ihre [&hellip;]<\/p>","protected":false},"featured_media":139127,"template":"","meta":[],"product_brand":[1620],"product_cat":[1633,1623,1720],"product_tag":[],"class_list":{"0":"post-139135","1":"product","2":"type-product","3":"status-publish","4":"has-post-thumbnail","6":"product_brand-dolce-gabbana","7":"product_cat-maenner-kleidung","8":"product_cat-kleidung","9":"product_cat-schutzwesten-maenner-kleidung","11":"first","12":"instock","13":"sale","14":"taxable","15":"shipping-taxable","16":"purchasable","17":"product-type-variable"},"_links":{"self":[{"href":"https:\/\/tpmadalina42.supserv.cozmoslabs.com\/fi\/wp-json\/wp\/v2\/product\/139135","targetHints":{"allow":["GET"]}}],"collection":[{"href":"https:\/\/tpmadalina42.supserv.cozmoslabs.com\/fi\/wp-json\/wp\/v2\/product"}],"about":[{"href":"https:\/\/tpmadalina42.supserv.cozmoslabs.com\/fi\/wp-json\/wp\/v2\/types\/product"}],"wp:featuredmedia":[{"embeddable":true,"href":"https:\/\/tpmadalina42.supserv.cozmoslabs.com\/fi\/wp-json\/wp\/v2\/media\/139127"}],"wp:attachment":[{"href":"https:\/\/tpmadalina42.supserv.cozmoslabs.com\/fi\/wp-json\/wp\/v2\/media?parent=139135"}],"wp:term":[{"taxonomy":"product_brand","embeddable":true,"href":"https:\/\/tpmadalina42.supserv.cozmoslabs.com\/fi\/wp-json\/wp\/v2\/product_brand?post=139135"},{"taxonomy":"product_cat","embeddable":true,"href":"https:\/\/tpmadalina42.supserv.cozmoslabs.com\/fi\/wp-json\/wp\/v2\/product_cat?post=139135"},{"taxonomy":"product_tag","embeddable":true,"href":"https:\/\/tpmadalina42.supserv.cozmoslabs.com\/fi\/wp-json\/wp\/v2\/product_tag?post=139135"}],"curies":[{"name":"wp","href":"https:\/\/api.w.org\/{rel}","templated":true}]}}