{"id":139145,"date":"2024-07-23T16:13:22","date_gmt":"2024-07-23T23:13:22","guid":{"rendered":"https:\/\/glandine.com\/product\/dolce-gabbana-elegante-blau-gestreifte-weste\/"},"modified":"2024-11-29T15:22:13","modified_gmt":"2024-11-29T14:22:13","slug":"dolce-gabbana-elegante-blau-gestreifte-weste","status":"publish","type":"product","link":"https:\/\/tpmadalina42.supserv.cozmoslabs.com\/fi\/tuote-2\/dolce-gabbana-elegante-blau-gestreifte-weste\/","title":{"rendered":"Dolce &amp; Gabbana Elegante blau gestreifte Weste"},"content":{"rendered":"<p>Verstr\u00f6men Sie Raffinesse mit dieser atemberaubenden Weste von <strong>Dolce &amp; Gabbana<\/strong>. Diese einreihige Weste wurde f\u00fcr M\u00e4nner mit anspruchsvollem Geschmack gefertigt und verf\u00fcgt \u00fcber ein klassisches blaues Streifendesign mit einem durchgehenden Knopfverschluss vorne und einem verstellbaren Taillengurt hinten, der perfekt f\u00fcr eine ma\u00dfgeschneiderte Passform ist. Die luxuri\u00f6se Mischung aus Wolle und Elastan bietet sowohl Komfort als auch eine schlanke Silhouette und macht sie zu einer zeitlosen Erg\u00e4nzung Ihrer Garderobe. Das mit Stolz in Italien gefertigte St\u00fcck ist ein Zeugnis f\u00fcr tadellose Handwerkskunst und Stil. Die Innenausstattung ist ebenso exquisit und mit glattem Rayon gef\u00fcttert, was f\u00fcr zus\u00e4tzlichen Luxus sorgt.<\/p>\n<ul>\n<li>Material: 97% Wolle, 3% Elastan<\/li>\n<li>V\u00e4ri: Sininen<\/li>\n<li>Vuori: 100% viskoosi<\/li>\n<li>Alkuper\u00e4maa: IT<\/li>\n<\/ul>","protected":false},"excerpt":{"rendered":"<p>Verstr\u00f6men Sie Raffinesse mit dieser atemberaubenden Weste von Dolce &amp; Gabbana. Diese einreihige Weste wurde f\u00fcr M\u00e4nner mit anspruchsvollem Geschmack gefertigt und verf\u00fcgt \u00fcber ein klassisches blaues Streifendesign mit einem durchgehenden Knopfverschluss vorne und einem verstellbaren Taillengurt hinten, der perfekt f\u00fcr eine ma\u00dfgeschneiderte Passform ist. Die luxuri\u00f6se Mischung aus Wolle und Elastan bietet sowohl Komfort [&hellip;]<\/p>","protected":false},"featured_media":139138,"template":"","meta":[],"product_brand":[1620],"product_cat":[1633,1623,1720],"product_tag":[],"class_list":{"0":"post-139145","1":"product","2":"type-product","3":"status-publish","4":"has-post-thumbnail","6":"product_brand-dolce-gabbana","7":"product_cat-maenner-kleidung","8":"product_cat-kleidung","9":"product_cat-schutzwesten-maenner-kleidung","11":"first","12":"instock","13":"sale","14":"taxable","15":"shipping-taxable","16":"purchasable","17":"product-type-variable"},"_links":{"self":[{"href":"https:\/\/tpmadalina42.supserv.cozmoslabs.com\/fi\/wp-json\/wp\/v2\/product\/139145","targetHints":{"allow":["GET"]}}],"collection":[{"href":"https:\/\/tpmadalina42.supserv.cozmoslabs.com\/fi\/wp-json\/wp\/v2\/product"}],"about":[{"href":"https:\/\/tpmadalina42.supserv.cozmoslabs.com\/fi\/wp-json\/wp\/v2\/types\/product"}],"wp:featuredmedia":[{"embeddable":true,"href":"https:\/\/tpmadalina42.supserv.cozmoslabs.com\/fi\/wp-json\/wp\/v2\/media\/139138"}],"wp:attachment":[{"href":"https:\/\/tpmadalina42.supserv.cozmoslabs.com\/fi\/wp-json\/wp\/v2\/media?parent=139145"}],"wp:term":[{"taxonomy":"product_brand","embeddable":true,"href":"https:\/\/tpmadalina42.supserv.cozmoslabs.com\/fi\/wp-json\/wp\/v2\/product_brand?post=139145"},{"taxonomy":"product_cat","embeddable":true,"href":"https:\/\/tpmadalina42.supserv.cozmoslabs.com\/fi\/wp-json\/wp\/v2\/product_cat?post=139145"},{"taxonomy":"product_tag","embeddable":true,"href":"https:\/\/tpmadalina42.supserv.cozmoslabs.com\/fi\/wp-json\/wp\/v2\/product_tag?post=139145"}],"curies":[{"name":"wp","href":"https:\/\/api.w.org\/{rel}","templated":true}]}}