{"id":139220,"date":"2024-07-23T16:15:56","date_gmt":"2024-07-23T23:15:56","guid":{"rendered":"https:\/\/glandine.com\/product\/dolce-gabbana-elegante-hochtaillierte-wollstrumpfhose-in-dunkelgrau\/"},"modified":"2024-11-29T15:23:12","modified_gmt":"2024-11-29T14:23:12","slug":"dolce-gabbana-elegante-hochtaillierte-wollstrumpfhose-in-dunkelgrau","status":"publish","type":"product","link":"https:\/\/tpmadalina42.supserv.cozmoslabs.com\/fi\/tuote-2\/dolce-gabbana-elegante-hochtaillierte-wollstrumpfhose-in-dunkelgrau\/","title":{"rendered":"Dolce &amp; Gabbana Tyylikk\u00e4\u00e4t korkeavy\u00f6t\u00e4r\u00f6iset villasukkahousut tummanharmaana"},"content":{"rendered":"<p>Entdecken Sie den Inbegriff italienischer Handwerkskunst mit dieser High-Waist-Stretch-Strumpfhose von <strong>Dolce &amp; Gabbana<\/strong>. Sie bietet eine perfekte Mischung aus Stil und Komfort und ist eine luxuri\u00f6se Erg\u00e4nzung f\u00fcr Ihre Garderobe. Der exquisite dunkelgraue Wollstoff sorgt f\u00fcr W\u00e4rme und Eleganz bei jeder Gelegenheit.<\/p>\n<ul>\n<li>V\u00e4ri: Tummanharmaa<\/li>\n<li>Materiaali: 100% villa<\/li>\n<li>Alkuper\u00e4maa: IT<\/li>\n<\/ul>","protected":false},"excerpt":{"rendered":"<p>Entdecken Sie den Inbegriff italienischer Handwerkskunst mit dieser High-Waist-Stretch-Strumpfhose von Dolce &amp; Gabbana. Sie bietet eine perfekte Mischung aus Stil und Komfort und ist eine luxuri\u00f6se Erg\u00e4nzung f\u00fcr Ihre Garderobe. Der exquisite dunkelgraue Wollstoff sorgt f\u00fcr W\u00e4rme und Eleganz bei jeder Gelegenheit. Farbe: Dunkelgrau Material: 100% Wolle Herkunftsland: IT<\/p>","protected":false},"featured_media":139215,"template":"","meta":[],"product_brand":[1620],"product_cat":[1637,1623,1713],"product_tag":[],"class_list":{"0":"post-139220","1":"product","2":"type-product","3":"status-publish","4":"has-post-thumbnail","6":"product_brand-dolce-gabbana","7":"product_cat-frauen-kleidung","8":"product_cat-kleidung","9":"product_cat-strumpfhosen-socken","11":"first","12":"instock","13":"sale","14":"taxable","15":"shipping-taxable","16":"purchasable","17":"product-type-variable"},"_links":{"self":[{"href":"https:\/\/tpmadalina42.supserv.cozmoslabs.com\/fi\/wp-json\/wp\/v2\/product\/139220","targetHints":{"allow":["GET"]}}],"collection":[{"href":"https:\/\/tpmadalina42.supserv.cozmoslabs.com\/fi\/wp-json\/wp\/v2\/product"}],"about":[{"href":"https:\/\/tpmadalina42.supserv.cozmoslabs.com\/fi\/wp-json\/wp\/v2\/types\/product"}],"wp:featuredmedia":[{"embeddable":true,"href":"https:\/\/tpmadalina42.supserv.cozmoslabs.com\/fi\/wp-json\/wp\/v2\/media\/139215"}],"wp:attachment":[{"href":"https:\/\/tpmadalina42.supserv.cozmoslabs.com\/fi\/wp-json\/wp\/v2\/media?parent=139220"}],"wp:term":[{"taxonomy":"product_brand","embeddable":true,"href":"https:\/\/tpmadalina42.supserv.cozmoslabs.com\/fi\/wp-json\/wp\/v2\/product_brand?post=139220"},{"taxonomy":"product_cat","embeddable":true,"href":"https:\/\/tpmadalina42.supserv.cozmoslabs.com\/fi\/wp-json\/wp\/v2\/product_cat?post=139220"},{"taxonomy":"product_tag","embeddable":true,"href":"https:\/\/tpmadalina42.supserv.cozmoslabs.com\/fi\/wp-json\/wp\/v2\/product_tag?post=139220"}],"curies":[{"name":"wp","href":"https:\/\/api.w.org\/{rel}","templated":true}]}}