{"id":139337,"date":"2024-07-23T16:28:38","date_gmt":"2024-07-23T23:28:38","guid":{"rendered":"https:\/\/glandine.com\/product\/dolce-gabbana-elegante-braune-pelz-und-lederhandschuhe-in-ellbogenlaenge\/"},"modified":"2024-11-29T16:11:20","modified_gmt":"2024-11-29T15:11:20","slug":"dolce-gabbana-elegante-braune-pelz-und-lederhandschuhe-in-ellbogenlaenge","status":"publish","type":"product","link":"https:\/\/tpmadalina42.supserv.cozmoslabs.com\/fi\/tuote-2\/dolce-gabbana-elegante-braune-pelz-und-lederhandschuhe-in-ellbogenlaenge\/","title":{"rendered":"Dolce &amp; Gabbana Elegante braune Pelz- und Lederhandschuhe in Ellbogenl\u00e4nge"},"content":{"rendered":"<p>Erh\u00f6hen Sie Ihren Stil mit diesen luxuri\u00f6sen, ellbogenlangen, fingerlosen Handschuhen des gesch\u00e4tzten Modehauses <strong>Dolce &amp; Gabbana<\/strong>. Die in Italien gefertigten Handschuhe sind ein seltener Fund und zeichnen sich durch exquisite Handwerkskunst aus. Die pr\u00e4chtige Kombination aus Pelz und Leder sorgt f\u00fcr W\u00e4rme und Raffinesse und macht sie zu einem perfekten Accessoire f\u00fcr Ihre Wintergarderobe. Ihr einzigartiges Design mit den ikonischen Logodetails der Marke sorgt f\u00fcr einen zus\u00e4tzlichen Hauch von Eleganz.<\/p>\n<p>V\u00e4ri: Ruskea<br \/>Material: Pelz und Leder<br \/>Ursprungsland: IT<\/p>","protected":false},"excerpt":{"rendered":"<p>Erh\u00f6hen Sie Ihren Stil mit diesen luxuri\u00f6sen, ellbogenlangen, fingerlosen Handschuhen des gesch\u00e4tzten Modehauses Dolce &amp; Gabbana. Die in Italien gefertigten Handschuhe sind ein seltener Fund und zeichnen sich durch exquisite Handwerkskunst aus. Die pr\u00e4chtige Kombination aus Pelz und Leder sorgt f\u00fcr W\u00e4rme und Raffinesse und macht sie zu einem perfekten Accessoire f\u00fcr Ihre Wintergarderobe. Ihr [&hellip;]<\/p>","protected":false},"featured_media":139333,"template":"","meta":[],"product_brand":[1620],"product_cat":[1621,1632,1663],"product_tag":[],"class_list":{"0":"post-139337","1":"product","2":"type-product","3":"status-publish","4":"has-post-thumbnail","6":"product_brand-dolce-gabbana","7":"product_cat-accessoire","8":"product_cat-frauen-zubehoer","9":"product_cat-handschuhe-frauen-zubehoer","11":"first","12":"instock","13":"sale","14":"taxable","15":"shipping-taxable","16":"purchasable","17":"product-type-variable"},"_links":{"self":[{"href":"https:\/\/tpmadalina42.supserv.cozmoslabs.com\/fi\/wp-json\/wp\/v2\/product\/139337","targetHints":{"allow":["GET"]}}],"collection":[{"href":"https:\/\/tpmadalina42.supserv.cozmoslabs.com\/fi\/wp-json\/wp\/v2\/product"}],"about":[{"href":"https:\/\/tpmadalina42.supserv.cozmoslabs.com\/fi\/wp-json\/wp\/v2\/types\/product"}],"wp:featuredmedia":[{"embeddable":true,"href":"https:\/\/tpmadalina42.supserv.cozmoslabs.com\/fi\/wp-json\/wp\/v2\/media\/139333"}],"wp:attachment":[{"href":"https:\/\/tpmadalina42.supserv.cozmoslabs.com\/fi\/wp-json\/wp\/v2\/media?parent=139337"}],"wp:term":[{"taxonomy":"product_brand","embeddable":true,"href":"https:\/\/tpmadalina42.supserv.cozmoslabs.com\/fi\/wp-json\/wp\/v2\/product_brand?post=139337"},{"taxonomy":"product_cat","embeddable":true,"href":"https:\/\/tpmadalina42.supserv.cozmoslabs.com\/fi\/wp-json\/wp\/v2\/product_cat?post=139337"},{"taxonomy":"product_tag","embeddable":true,"href":"https:\/\/tpmadalina42.supserv.cozmoslabs.com\/fi\/wp-json\/wp\/v2\/product_tag?post=139337"}],"curies":[{"name":"wp","href":"https:\/\/api.w.org\/{rel}","templated":true}]}}