{"id":139616,"date":"2024-07-23T16:40:07","date_gmt":"2024-07-23T23:40:07","guid":{"rendered":"https:\/\/glandine.com\/product\/dolce-gabbana-eleganter-schwarzer-rock-mit-hoher-taille-und-pailletten\/"},"modified":"2024-11-29T16:15:18","modified_gmt":"2024-11-29T15:15:18","slug":"dolce-gabbana-eleganter-schwarzer-rock-mit-hoher-taille-und-pailletten","status":"publish","type":"product","link":"https:\/\/tpmadalina42.supserv.cozmoslabs.com\/fi\/tuote-2\/dolce-gabbana-eleganter-schwarzer-rock-mit-hoher-taille-und-pailletten\/","title":{"rendered":"Dolce &amp; Gabbana Eleganter Schwarzer Rock mit hoher Taille und Pailletten"},"content":{"rendered":"<p>Verleihen Sie Ihrer Garderobe den Inbegriff von italienischem Luxus mit diesem atemberaubenden Paillettenrock mit hoher Taille von Dolce &amp; Gabbana. Dieser schwarze Rock aus einer kostbaren Seidenmischung betont Ihre Figur und gl\u00e4nzt mit Raffinesse und detaillierter Paillettenarbeit, die Glamour verk\u00f6rpert. Perfekt f\u00fcr hochkar\u00e4tige Veranstaltungen oder einen gehobenen Tageslook. Kombinieren Sie ihn mit einer taillierten Bluse und hohen Schuhen, um einen unvergesslichen Eindruck zu hinterlassen, wo auch immer Sie hingehen. Exquisite Handwerkskunst und Liebe zum Detail stehen f\u00fcr das Qualit\u00e4ts- und Stilversprechen von Dolce &amp; Gabbana. Dieser in Italien gefertigte Rock ist ein Beweis f\u00fcr zeitlose Mode. <\/p>\n<p>V\u00e4ri: Musta<br \/>\nMaterial: 84% Seide, 10% Polyester, 6% Elasthan<br \/>\nAlkuper\u00e4maa: IT<\/p>","protected":false},"excerpt":{"rendered":"<p>Verleihen Sie Ihrer Garderobe den Inbegriff von italienischem Luxus mit diesem atemberaubenden Paillettenrock mit hoher Taille von Dolce &amp; Gabbana. Dieser schwarze Rock aus einer kostbaren Seidenmischung betont Ihre Figur und gl\u00e4nzt mit Raffinesse und detaillierter Paillettenarbeit, die Glamour verk\u00f6rpert. Perfekt f\u00fcr hochkar\u00e4tige Veranstaltungen oder einen gehobenen Tageslook. Kombinieren Sie ihn mit einer taillierten Bluse [&hellip;]<\/p>","protected":false},"featured_media":139611,"template":"","meta":[],"product_brand":[1620],"product_cat":[1637,1623,1699],"product_tag":[],"class_list":{"0":"post-139616","1":"product","2":"type-product","3":"status-publish","4":"has-post-thumbnail","6":"product_brand-dolce-gabbana","7":"product_cat-frauen-kleidung","8":"product_cat-kleidung","9":"product_cat-roecke","11":"first","12":"instock","13":"sale","14":"taxable","15":"shipping-taxable","16":"purchasable","17":"product-type-variable"},"_links":{"self":[{"href":"https:\/\/tpmadalina42.supserv.cozmoslabs.com\/fi\/wp-json\/wp\/v2\/product\/139616","targetHints":{"allow":["GET"]}}],"collection":[{"href":"https:\/\/tpmadalina42.supserv.cozmoslabs.com\/fi\/wp-json\/wp\/v2\/product"}],"about":[{"href":"https:\/\/tpmadalina42.supserv.cozmoslabs.com\/fi\/wp-json\/wp\/v2\/types\/product"}],"wp:featuredmedia":[{"embeddable":true,"href":"https:\/\/tpmadalina42.supserv.cozmoslabs.com\/fi\/wp-json\/wp\/v2\/media\/139611"}],"wp:attachment":[{"href":"https:\/\/tpmadalina42.supserv.cozmoslabs.com\/fi\/wp-json\/wp\/v2\/media?parent=139616"}],"wp:term":[{"taxonomy":"product_brand","embeddable":true,"href":"https:\/\/tpmadalina42.supserv.cozmoslabs.com\/fi\/wp-json\/wp\/v2\/product_brand?post=139616"},{"taxonomy":"product_cat","embeddable":true,"href":"https:\/\/tpmadalina42.supserv.cozmoslabs.com\/fi\/wp-json\/wp\/v2\/product_cat?post=139616"},{"taxonomy":"product_tag","embeddable":true,"href":"https:\/\/tpmadalina42.supserv.cozmoslabs.com\/fi\/wp-json\/wp\/v2\/product_tag?post=139616"}],"curies":[{"name":"wp","href":"https:\/\/api.w.org\/{rel}","templated":true}]}}