{"id":139624,"date":"2024-07-23T16:40:29","date_gmt":"2024-07-23T23:40:29","guid":{"rendered":"https:\/\/glandine.com\/product\/dolce-gabbana-eleganter-roter-rock-mit-hoher-taille-aus-schurwolle\/"},"modified":"2024-11-29T16:15:26","modified_gmt":"2024-11-29T15:15:26","slug":"dolce-gabbana-eleganter-roter-rock-mit-hoher-taille-aus-schurwolle","status":"publish","type":"product","link":"https:\/\/tpmadalina42.supserv.cozmoslabs.com\/fi\/tuote-2\/dolce-gabbana-eleganter-roter-rock-mit-hoher-taille-aus-schurwolle\/","title":{"rendered":"Dolce &amp; Gabbana Eleganter roter Rock mit hoher Taille aus Schurwolle"},"content":{"rendered":"<p>Gehen Sie stilvoll aus mit diesem atemberaubenden Rock <strong>Kirjailija: Dolce &amp; Gabbana<\/strong>, neu mit Etikett. Er strahlt Eleganz und High-Fashion aus und ist so geschnitten, dass er Ihre Kurven mit seinem knieumspielenden Design mit hoher Taille und dem auff\u00e4lligen roten Farbton umschmeichelt. Kombinieren Sie ihn mit einer eleganten Bluse f\u00fcr einen tadellosen Look im B\u00fcro oder mit einem glitzernden Oberteil f\u00fcr einen Abend beim Ausgehen. Der Rei\u00dfverschluss auf der R\u00fcckseite sorgt f\u00fcr eine perfekte Passform, w\u00e4hrend die dezenten Logodetails von der Designerqualit\u00e4t zeugen. Das in Italien gefertigte Modell besteht aus einer Mischung aus 98 % Schurwolle und 2 % Elastan, die sowohl W\u00e4rme als auch einen Hauch von Stretch f\u00fcr Komfort bietet. Kreieren Sie Ihren eigenen Look mit diesem luxuri\u00f6sen Kleidungsst\u00fcck.<\/p>\n<ul>\n<li>Materiaali: 98% neitseellinen villa, 2% elastaani.<\/li>\n<li>V\u00e4ri: punainen<\/li>\n<li>Alkuper\u00e4maa: Italia<\/li>\n<\/ul>","protected":false},"excerpt":{"rendered":"<p>Gehen Sie stilvoll aus mit diesem atemberaubenden Rock von Dolce &amp; Gabbana, neu mit Etikett. Er strahlt Eleganz und High-Fashion aus und ist so geschnitten, dass er Ihre Kurven mit seinem knieumspielenden Design mit hoher Taille und dem auff\u00e4lligen roten Farbton umschmeichelt. Kombinieren Sie ihn mit einer eleganten Bluse f\u00fcr einen tadellosen Look im B\u00fcro [&hellip;]<\/p>","protected":false},"featured_media":139619,"template":"","meta":[],"product_brand":[1620],"product_cat":[1637,1623,1699],"product_tag":[],"class_list":{"0":"post-139624","1":"product","2":"type-product","3":"status-publish","4":"has-post-thumbnail","6":"product_brand-dolce-gabbana","7":"product_cat-frauen-kleidung","8":"product_cat-kleidung","9":"product_cat-roecke","11":"first","12":"instock","13":"sale","14":"taxable","15":"shipping-taxable","16":"purchasable","17":"product-type-variable"},"_links":{"self":[{"href":"https:\/\/tpmadalina42.supserv.cozmoslabs.com\/fi\/wp-json\/wp\/v2\/product\/139624","targetHints":{"allow":["GET"]}}],"collection":[{"href":"https:\/\/tpmadalina42.supserv.cozmoslabs.com\/fi\/wp-json\/wp\/v2\/product"}],"about":[{"href":"https:\/\/tpmadalina42.supserv.cozmoslabs.com\/fi\/wp-json\/wp\/v2\/types\/product"}],"wp:featuredmedia":[{"embeddable":true,"href":"https:\/\/tpmadalina42.supserv.cozmoslabs.com\/fi\/wp-json\/wp\/v2\/media\/139619"}],"wp:attachment":[{"href":"https:\/\/tpmadalina42.supserv.cozmoslabs.com\/fi\/wp-json\/wp\/v2\/media?parent=139624"}],"wp:term":[{"taxonomy":"product_brand","embeddable":true,"href":"https:\/\/tpmadalina42.supserv.cozmoslabs.com\/fi\/wp-json\/wp\/v2\/product_brand?post=139624"},{"taxonomy":"product_cat","embeddable":true,"href":"https:\/\/tpmadalina42.supserv.cozmoslabs.com\/fi\/wp-json\/wp\/v2\/product_cat?post=139624"},{"taxonomy":"product_tag","embeddable":true,"href":"https:\/\/tpmadalina42.supserv.cozmoslabs.com\/fi\/wp-json\/wp\/v2\/product_tag?post=139624"}],"curies":[{"name":"wp","href":"https:\/\/api.w.org\/{rel}","templated":true}]}}