{"id":139798,"date":"2024-07-23T16:48:54","date_gmt":"2024-07-23T23:48:54","guid":{"rendered":"https:\/\/glandine.com\/product\/dolce-gabbana-aermellose-weste-aus-buntem-brokat-mit-blumenmuster\/"},"modified":"2024-11-29T16:19:50","modified_gmt":"2024-11-29T15:19:50","slug":"dolce-gabbana-aermellose-weste-aus-buntem-brokat-mit-blumenmuster","status":"publish","type":"product","link":"https:\/\/tpmadalina42.supserv.cozmoslabs.com\/fi\/tuote-2\/dolce-gabbana-aermellose-weste-aus-buntem-brokat-mit-blumenmuster\/","title":{"rendered":"Dolce &amp; Gabbana hihaton liivi v\u00e4rikk\u00e4\u00e4st\u00e4 kukkabrokaadista"},"content":{"rendered":"<p>Mit dieser exquisiten \u00e4rmellosen Weste von Dolce &amp; Gabbana, die jedes Ensemble aufwertet, verk\u00f6rpern Sie die Essenz des italienischen Luxus. Dieses Oberteil zeigt ein lebhaftes, mehrfarbiges Blumenmuster auf einem hochwertigen Brokatstoff, der in Italien sorgf\u00e4ltig verarbeitet wurde. Es ist ein authentisches, brandneues St\u00fcck, das einen Hauch von Glamour und Raffinesse in Ihre Garderobe bringt.<\/p>\n<ul>\n<li>Material: 50% Baumwolle, 49% Viskose, 1% Elasthan<\/li>\n<li>Farbe: Multicolor mit Blumenmuster<\/li>\n<li>Valmistettu Italiassa<\/li>\n<li>Logon yksityiskohdat<\/li>\n<\/ul>","protected":false},"excerpt":{"rendered":"<p>Mit dieser exquisiten \u00e4rmellosen Weste von Dolce &amp; Gabbana, die jedes Ensemble aufwertet, verk\u00f6rpern Sie die Essenz des italienischen Luxus. Dieses Oberteil zeigt ein lebhaftes, mehrfarbiges Blumenmuster auf einem hochwertigen Brokatstoff, der in Italien sorgf\u00e4ltig verarbeitet wurde. Es ist ein authentisches, brandneues St\u00fcck, das einen Hauch von Glamour und Raffinesse in Ihre Garderobe bringt. Material: [&hellip;]<\/p>","protected":false},"featured_media":139793,"template":"","meta":[],"product_brand":[1620],"product_cat":[1637,1623,1719],"product_tag":[],"class_list":{"0":"post-139798","1":"product","2":"type-product","3":"status-publish","4":"has-post-thumbnail","6":"product_brand-dolce-gabbana","7":"product_cat-frauen-kleidung","8":"product_cat-kleidung","9":"product_cat-schutzwesten","11":"first","12":"instock","13":"sale","14":"taxable","15":"shipping-taxable","16":"purchasable","17":"product-type-variable"},"_links":{"self":[{"href":"https:\/\/tpmadalina42.supserv.cozmoslabs.com\/fi\/wp-json\/wp\/v2\/product\/139798","targetHints":{"allow":["GET"]}}],"collection":[{"href":"https:\/\/tpmadalina42.supserv.cozmoslabs.com\/fi\/wp-json\/wp\/v2\/product"}],"about":[{"href":"https:\/\/tpmadalina42.supserv.cozmoslabs.com\/fi\/wp-json\/wp\/v2\/types\/product"}],"wp:featuredmedia":[{"embeddable":true,"href":"https:\/\/tpmadalina42.supserv.cozmoslabs.com\/fi\/wp-json\/wp\/v2\/media\/139793"}],"wp:attachment":[{"href":"https:\/\/tpmadalina42.supserv.cozmoslabs.com\/fi\/wp-json\/wp\/v2\/media?parent=139798"}],"wp:term":[{"taxonomy":"product_brand","embeddable":true,"href":"https:\/\/tpmadalina42.supserv.cozmoslabs.com\/fi\/wp-json\/wp\/v2\/product_brand?post=139798"},{"taxonomy":"product_cat","embeddable":true,"href":"https:\/\/tpmadalina42.supserv.cozmoslabs.com\/fi\/wp-json\/wp\/v2\/product_cat?post=139798"},{"taxonomy":"product_tag","embeddable":true,"href":"https:\/\/tpmadalina42.supserv.cozmoslabs.com\/fi\/wp-json\/wp\/v2\/product_tag?post=139798"}],"curies":[{"name":"wp","href":"https:\/\/api.w.org\/{rel}","templated":true}]}}