{"id":139873,"date":"2024-07-23T16:52:04","date_gmt":"2024-07-23T23:52:04","guid":{"rendered":"https:\/\/glandine.com\/product\/dolce-gabbana-elegantes-gebluemtes-mini-shiftkleid\/"},"modified":"2024-11-29T16:21:22","modified_gmt":"2024-11-29T15:21:22","slug":"dolce-gabbana-elegantes-gebluemtes-mini-shiftkleid","status":"publish","type":"product","link":"https:\/\/tpmadalina42.supserv.cozmoslabs.com\/fi\/tuote-2\/dolce-gabbana-elegantes-gebluemtes-mini-shiftkleid\/","title":{"rendered":"Dolce &amp; Gabbana Elegantes gebl\u00fcmtes Mini-Shiftkleid"},"content":{"rendered":"<p>Genie\u00dfen Sie die Essenz des Fr\u00fchlings mit diesem atemberaubenden <strong>Dolce &amp; Gabbana<\/strong> Floral Mini Shift Dress. Das Kleid ist perfekt f\u00fcr jeden Anlass geeignet und besticht durch seinen leuchtenden schwarzen und gr\u00fcn\/blauen Blumenprint, der Sie mit Eleganz auszeichnet. Es wurde in hervorragender italienischer Schneiderkunst gefertigt und zeichnet sich durch eine feminine Silhouette und ein luxuri\u00f6ses Tragegef\u00fchl aus. Das Innenfutter mit Blumendruck verleiht ihm einen zus\u00e4tzlichen Hauch von Eleganz, w\u00e4hrend der Rei\u00dfverschluss am R\u00fccken f\u00fcr eine gute Passform sorgt. Das Kleid ist mit dem kultigen Dolce &amp; Gabbana-Logo verziert und strahlt Markenprestige und High-End-Handwerkskunst aus.<\/p>\n<ul>\n<li>V\u00e4ri: Moniv\u00e4rinen<\/li>\n<li>Material: 83% Polyester, 17% Nylon<\/li>\n<li>Futter: 100% Polyester<\/li>\n<li>Alkuper\u00e4maa: IT<\/li>\n<\/ul>","protected":false},"excerpt":{"rendered":"<p>Genie\u00dfen Sie die Essenz des Fr\u00fchlings mit diesem atemberaubenden Dolce &amp; Gabbana Floral Mini Shift Dress. Das Kleid ist perfekt f\u00fcr jeden Anlass geeignet und besticht durch seinen leuchtenden schwarzen und gr\u00fcn\/blauen Blumenprint, der Sie mit Eleganz auszeichnet. Es wurde in hervorragender italienischer Schneiderkunst gefertigt und zeichnet sich durch eine feminine Silhouette und ein luxuri\u00f6ses [&hellip;]<\/p>","protected":false},"featured_media":139867,"template":"","meta":[],"product_brand":[1620],"product_cat":[1637,1659,1623],"product_tag":[],"class_list":{"0":"post-139873","1":"product","2":"type-product","3":"status-publish","4":"has-post-thumbnail","6":"product_brand-dolce-gabbana","7":"product_cat-frauen-kleidung","8":"product_cat-kleider","9":"product_cat-kleidung","11":"first","12":"instock","13":"sale","14":"taxable","15":"shipping-taxable","16":"purchasable","17":"product-type-variable"},"_links":{"self":[{"href":"https:\/\/tpmadalina42.supserv.cozmoslabs.com\/fi\/wp-json\/wp\/v2\/product\/139873","targetHints":{"allow":["GET"]}}],"collection":[{"href":"https:\/\/tpmadalina42.supserv.cozmoslabs.com\/fi\/wp-json\/wp\/v2\/product"}],"about":[{"href":"https:\/\/tpmadalina42.supserv.cozmoslabs.com\/fi\/wp-json\/wp\/v2\/types\/product"}],"wp:featuredmedia":[{"embeddable":true,"href":"https:\/\/tpmadalina42.supserv.cozmoslabs.com\/fi\/wp-json\/wp\/v2\/media\/139867"}],"wp:attachment":[{"href":"https:\/\/tpmadalina42.supserv.cozmoslabs.com\/fi\/wp-json\/wp\/v2\/media?parent=139873"}],"wp:term":[{"taxonomy":"product_brand","embeddable":true,"href":"https:\/\/tpmadalina42.supserv.cozmoslabs.com\/fi\/wp-json\/wp\/v2\/product_brand?post=139873"},{"taxonomy":"product_cat","embeddable":true,"href":"https:\/\/tpmadalina42.supserv.cozmoslabs.com\/fi\/wp-json\/wp\/v2\/product_cat?post=139873"},{"taxonomy":"product_tag","embeddable":true,"href":"https:\/\/tpmadalina42.supserv.cozmoslabs.com\/fi\/wp-json\/wp\/v2\/product_tag?post=139873"}],"curies":[{"name":"wp","href":"https:\/\/api.w.org\/{rel}","templated":true}]}}