{"id":139895,"date":"2024-07-23T16:53:05","date_gmt":"2024-07-23T23:53:05","guid":{"rendered":"https:\/\/glandine.com\/product\/dolce-gabbana-rosa-sicily-cupcake-shift-minikleid\/"},"modified":"2024-11-29T16:21:40","modified_gmt":"2024-11-29T15:21:40","slug":"dolce-gabbana-rosa-sicily-cupcake-shift-minikleid","status":"publish","type":"product","link":"https:\/\/tpmadalina42.supserv.cozmoslabs.com\/fi\/tuote-2\/dolce-gabbana-rosa-sicily-cupcake-shift-minikleid\/","title":{"rendered":"Dolce &amp; Gabbana Rosa Sicily Cupcake Shift-Minikleid"},"content":{"rendered":"<p>G\u00f6nnen Sie sich den s\u00fc\u00dfen Luxus von Dolce &amp; Gabbana mit diesem pr\u00e4chtigen Pink Sicily Cupcake Shift Mini Dress. Das wundersch\u00f6ne, brandneue Kleid wird mit Etikett geliefert und bietet ein authentisches High-Fashion-Erlebnis. Das in Italien gefertigte Kleid besticht durch seinen sizilianischen Charme und den entz\u00fcckenden B\u00e4ckereiaufdruck, der die Essenz des Kleides einf\u00e4ngt. Das Kleid hat eine bequeme Minil\u00e4nge, die durch kurze \u00c4rmel und einen eleganten Rei\u00dfverschluss auf der R\u00fcckseite f\u00fcr einen sicheren Sitz erg\u00e4nzt wird. Das rosafarbene Stretch-Innenfutter aus Seide sorgt f\u00fcr ein angenehmes Gef\u00fchl auf der Haut. Ein Kleid, das nicht nur eine Augenweide ist, sondern auch ein Zeugnis f\u00fcr au\u00dfergew\u00f6hnliche Handwerkskunst.<\/p>\n<ul>\n<li>V\u00e4ri: Pinkki<\/li>\n<li>Materiaali: 94% silkki, 6% elastaani<\/li>\n<li>Sis\u00e4vuori: 94% silkki, 6% elastaani<\/li>\n<li>Alkuper\u00e4maa: IT<\/li>\n<\/ul>","protected":false},"excerpt":{"rendered":"<p>G\u00f6nnen Sie sich den s\u00fc\u00dfen Luxus von Dolce &amp; Gabbana mit diesem pr\u00e4chtigen Pink Sicily Cupcake Shift Mini Dress. Das wundersch\u00f6ne, brandneue Kleid wird mit Etikett geliefert und bietet ein authentisches High-Fashion-Erlebnis. Das in Italien gefertigte Kleid besticht durch seinen sizilianischen Charme und den entz\u00fcckenden B\u00e4ckereiaufdruck, der die Essenz des Kleides einf\u00e4ngt. Das Kleid hat [&hellip;]<\/p>","protected":false},"featured_media":139889,"template":"","meta":[],"product_brand":[1620],"product_cat":[1637,1659,1623],"product_tag":[],"class_list":{"0":"post-139895","1":"product","2":"type-product","3":"status-publish","4":"has-post-thumbnail","6":"product_brand-dolce-gabbana","7":"product_cat-frauen-kleidung","8":"product_cat-kleider","9":"product_cat-kleidung","11":"first","12":"instock","13":"sale","14":"taxable","15":"shipping-taxable","16":"purchasable","17":"product-type-variable"},"_links":{"self":[{"href":"https:\/\/tpmadalina42.supserv.cozmoslabs.com\/fi\/wp-json\/wp\/v2\/product\/139895","targetHints":{"allow":["GET"]}}],"collection":[{"href":"https:\/\/tpmadalina42.supserv.cozmoslabs.com\/fi\/wp-json\/wp\/v2\/product"}],"about":[{"href":"https:\/\/tpmadalina42.supserv.cozmoslabs.com\/fi\/wp-json\/wp\/v2\/types\/product"}],"wp:featuredmedia":[{"embeddable":true,"href":"https:\/\/tpmadalina42.supserv.cozmoslabs.com\/fi\/wp-json\/wp\/v2\/media\/139889"}],"wp:attachment":[{"href":"https:\/\/tpmadalina42.supserv.cozmoslabs.com\/fi\/wp-json\/wp\/v2\/media?parent=139895"}],"wp:term":[{"taxonomy":"product_brand","embeddable":true,"href":"https:\/\/tpmadalina42.supserv.cozmoslabs.com\/fi\/wp-json\/wp\/v2\/product_brand?post=139895"},{"taxonomy":"product_cat","embeddable":true,"href":"https:\/\/tpmadalina42.supserv.cozmoslabs.com\/fi\/wp-json\/wp\/v2\/product_cat?post=139895"},{"taxonomy":"product_tag","embeddable":true,"href":"https:\/\/tpmadalina42.supserv.cozmoslabs.com\/fi\/wp-json\/wp\/v2\/product_tag?post=139895"}],"curies":[{"name":"wp","href":"https:\/\/api.w.org\/{rel}","templated":true}]}}