{"id":139919,"date":"2024-07-24T01:54:11","date_gmt":"2024-07-23T23:54:11","guid":{"rendered":"https:\/\/glandine.com\/product\/dolce-gabbana-elegante-schwarze-bomberjacke-mit-abnehmbarer-ausstattung\/"},"modified":"2024-11-29T16:22:02","modified_gmt":"2024-11-29T15:22:02","slug":"dolce-gabbana-elegante-schwarze-bomberjacke-mit-abnehmbarer-ausstattung","status":"publish","type":"product","link":"https:\/\/tpmadalina42.supserv.cozmoslabs.com\/fi\/tuote-2\/dolce-gabbana-elegante-schwarze-bomberjacke-mit-abnehmbarer-ausstattung\/","title":{"rendered":"Dolce &amp; Gabbana Elegantti musta bomber-takki, jossa on irrotettava somiste"},"content":{"rendered":"<p>Diese elegante und vielseitige Bomberjacke <strong>Kirjailija: Dolce &amp; Gabbana<\/strong> ist ein Statement-St\u00fcck, das Luxus und Funktionalit\u00e4t miteinander verbindet. Sie verf\u00fcgt \u00fcber ein raffiniertes &#8222;Queen DG Forever&#8220;-Motiv, das durch abnehmbare Arme und einen abnehmbaren Kunstpelzkragen f\u00fcr vielf\u00e4ltige Stylingm\u00f6glichkeiten sorgt. Das auff\u00e4llige gelbe Innenfutter der Jacke bildet einen sch\u00f6nen Kontrast zu ihrem klassischen schwarzen \u00c4u\u00dferen, und der durchgehende Knopfverschluss in Kombination mit mehreren Taschen verbindet Form und Nutzen. Dieses in Italien gefertigte Kleidungsst\u00fcck ist ein Beispiel f\u00fcr die exquisite Handwerkskunst der Marke. Eine perfekte Mischung aus High Fashion und Alltagskleidung.<\/p>\n<ul>\n<li>V\u00e4ri: Musta<\/li>\n<li>Materiaali: 100% nylon<\/li>\n<li>Futter: 100% Polyester<\/li>\n<li>Pelz: Kunstpelz 85% Acryl, 15% Polyester<\/li>\n<li>Alkuper\u00e4maa: IT<\/li>\n<\/ul>","protected":false},"excerpt":{"rendered":"<p>Diese elegante und vielseitige Bomberjacke von Dolce &amp; Gabbana ist ein Statement-St\u00fcck, das Luxus und Funktionalit\u00e4t miteinander verbindet. Sie verf\u00fcgt \u00fcber ein raffiniertes &#8222;Queen DG Forever&#8220;-Motiv, das durch abnehmbare Arme und einen abnehmbaren Kunstpelzkragen f\u00fcr vielf\u00e4ltige Stylingm\u00f6glichkeiten sorgt. Das auff\u00e4llige gelbe Innenfutter der Jacke bildet einen sch\u00f6nen Kontrast zu ihrem klassischen schwarzen \u00c4u\u00dferen, und der [&hellip;]<\/p>","protected":false},"featured_media":139911,"template":"","meta":[],"product_brand":[1620],"product_cat":[1637,1670,1623],"product_tag":[],"class_list":{"0":"post-139919","1":"product","2":"type-product","3":"status-publish","4":"has-post-thumbnail","6":"product_brand-dolce-gabbana","7":"product_cat-frauen-kleidung","8":"product_cat-jacken-maentel","9":"product_cat-kleidung","11":"first","12":"instock","13":"sale","14":"taxable","15":"shipping-taxable","16":"purchasable","17":"product-type-variable"},"_links":{"self":[{"href":"https:\/\/tpmadalina42.supserv.cozmoslabs.com\/fi\/wp-json\/wp\/v2\/product\/139919","targetHints":{"allow":["GET"]}}],"collection":[{"href":"https:\/\/tpmadalina42.supserv.cozmoslabs.com\/fi\/wp-json\/wp\/v2\/product"}],"about":[{"href":"https:\/\/tpmadalina42.supserv.cozmoslabs.com\/fi\/wp-json\/wp\/v2\/types\/product"}],"wp:featuredmedia":[{"embeddable":true,"href":"https:\/\/tpmadalina42.supserv.cozmoslabs.com\/fi\/wp-json\/wp\/v2\/media\/139911"}],"wp:attachment":[{"href":"https:\/\/tpmadalina42.supserv.cozmoslabs.com\/fi\/wp-json\/wp\/v2\/media?parent=139919"}],"wp:term":[{"taxonomy":"product_brand","embeddable":true,"href":"https:\/\/tpmadalina42.supserv.cozmoslabs.com\/fi\/wp-json\/wp\/v2\/product_brand?post=139919"},{"taxonomy":"product_cat","embeddable":true,"href":"https:\/\/tpmadalina42.supserv.cozmoslabs.com\/fi\/wp-json\/wp\/v2\/product_cat?post=139919"},{"taxonomy":"product_tag","embeddable":true,"href":"https:\/\/tpmadalina42.supserv.cozmoslabs.com\/fi\/wp-json\/wp\/v2\/product_tag?post=139919"}],"curies":[{"name":"wp","href":"https:\/\/api.w.org\/{rel}","templated":true}]}}