{"id":139928,"date":"2024-07-23T16:54:46","date_gmt":"2024-07-23T23:54:46","guid":{"rendered":"https:\/\/glandine.com\/product\/dolce-gabbana-eleganter-trenchcoat-aus-brokat-mit-blumenmuster-in-gold\/"},"modified":"2024-11-29T16:22:37","modified_gmt":"2024-11-29T15:22:37","slug":"dolce-gabbana-eleganter-trenchcoat-aus-brokat-mit-blumenmuster-in-gold","status":"publish","type":"product","link":"https:\/\/tpmadalina42.supserv.cozmoslabs.com\/fi\/tuote-2\/dolce-gabbana-eleganter-trenchcoat-aus-brokat-mit-blumenmuster-in-gold\/","title":{"rendered":"Dolce &amp; Gabbana Elegantti brokattitakki, jossa on kukkakuvio kullanv\u00e4rinen trenssi"},"content":{"rendered":"<p>Entdecken Sie den Inbegriff von Luxus und Stil mit diesem exquisiten Trenchcoat von Dolce &amp; Gabbana. Dieses atemberaubende St\u00fcck, brandneu mit Anh\u00e4ngern, pr\u00e4sentiert ein strahlend rotes und goldenes Blumenbrokat-Design, perfekt erg\u00e4nzt durch ein luxuri\u00f6ses Seiden-Innenfutter f\u00fcr einen zus\u00e4tzlichen Hauch von Opulenz. Mit einem eleganten Druckknopfverschluss und sorgf\u00e4ltigen Logodetails ist sie ein Zeugnis f\u00fcr das Engagement der Marke f\u00fcr hohe Handwerkskunst direkt aus dem Modeherz Italiens. Machen Sie ihn zu Ihrem und verk\u00f6rpern Sie Eleganz mit jedem Schritt.<\/p>\n<ul>\n<li>V\u00e4ri: Kulta<\/li>\n<li>Material: 49% Polyester, 33% Acetat, 10% Metall, 8% Seide<\/li>\n<li>Alkuper\u00e4maa: IT<\/li>\n<\/ul>","protected":false},"excerpt":{"rendered":"<p>Entdecken Sie den Inbegriff von Luxus und Stil mit diesem exquisiten Trenchcoat von Dolce &amp; Gabbana. Dieses atemberaubende St\u00fcck, brandneu mit Anh\u00e4ngern, pr\u00e4sentiert ein strahlend rotes und goldenes Blumenbrokat-Design, perfekt erg\u00e4nzt durch ein luxuri\u00f6ses Seiden-Innenfutter f\u00fcr einen zus\u00e4tzlichen Hauch von Opulenz. Mit einem eleganten Druckknopfverschluss und sorgf\u00e4ltigen Logodetails ist sie ein Zeugnis f\u00fcr das Engagement [&hellip;]<\/p>","protected":false},"featured_media":139922,"template":"","meta":[],"product_brand":[1620],"product_cat":[1637,1670,1623],"product_tag":[],"class_list":{"0":"post-139928","1":"product","2":"type-product","3":"status-publish","4":"has-post-thumbnail","6":"product_brand-dolce-gabbana","7":"product_cat-frauen-kleidung","8":"product_cat-jacken-maentel","9":"product_cat-kleidung","11":"first","12":"instock","13":"sale","14":"taxable","15":"shipping-taxable","16":"purchasable","17":"product-type-variable"},"_links":{"self":[{"href":"https:\/\/tpmadalina42.supserv.cozmoslabs.com\/fi\/wp-json\/wp\/v2\/product\/139928","targetHints":{"allow":["GET"]}}],"collection":[{"href":"https:\/\/tpmadalina42.supserv.cozmoslabs.com\/fi\/wp-json\/wp\/v2\/product"}],"about":[{"href":"https:\/\/tpmadalina42.supserv.cozmoslabs.com\/fi\/wp-json\/wp\/v2\/types\/product"}],"wp:featuredmedia":[{"embeddable":true,"href":"https:\/\/tpmadalina42.supserv.cozmoslabs.com\/fi\/wp-json\/wp\/v2\/media\/139922"}],"wp:attachment":[{"href":"https:\/\/tpmadalina42.supserv.cozmoslabs.com\/fi\/wp-json\/wp\/v2\/media?parent=139928"}],"wp:term":[{"taxonomy":"product_brand","embeddable":true,"href":"https:\/\/tpmadalina42.supserv.cozmoslabs.com\/fi\/wp-json\/wp\/v2\/product_brand?post=139928"},{"taxonomy":"product_cat","embeddable":true,"href":"https:\/\/tpmadalina42.supserv.cozmoslabs.com\/fi\/wp-json\/wp\/v2\/product_cat?post=139928"},{"taxonomy":"product_tag","embeddable":true,"href":"https:\/\/tpmadalina42.supserv.cozmoslabs.com\/fi\/wp-json\/wp\/v2\/product_tag?post=139928"}],"curies":[{"name":"wp","href":"https:\/\/api.w.org\/{rel}","templated":true}]}}