{"id":139939,"date":"2024-07-23T16:55:25","date_gmt":"2024-07-23T23:55:25","guid":{"rendered":"https:\/\/glandine.com\/product\/dolce-gabbana-elegante-mehrfarbig-karierte-knielange-jacke-mantel\/"},"modified":"2024-11-29T16:22:49","modified_gmt":"2024-11-29T15:22:49","slug":"dolce-gabbana-elegante-mehrfarbig-karierte-knielange-jacke-mantel","status":"publish","type":"product","link":"https:\/\/tpmadalina42.supserv.cozmoslabs.com\/fi\/tuote-2\/dolce-gabbana-elegante-mehrfarbig-karierte-knielange-jacke-mantel\/","title":{"rendered":"Dolce &amp; Gabbana tyylik\u00e4s moniv\u00e4rinen ruudullinen polvipituinen takki takki"},"content":{"rendered":"<p>Verleihen Sie Ihrer Garderobe einen Hauch von italienischer Eleganz mit diesem lebhaften knielangen Mantel von Dolce &amp; Gabbana. Mit seinem schicken rot-schwarz-wei\u00dfen Karomuster und dem luxuri\u00f6sen roten Innenfutter ist dieser Mantel ein Beispiel f\u00fcr das Engagement der Marke f\u00fcr hohe Handwerkskunst. Ein klassischer Drei-Knopf-Verschluss und dezente Logodetails verleihen ihm einen Hauch von Raffinesse. Perfekt verarbeitet, um jedes Ensemble aufzuwerten, ist er der Inbegriff von exklusiver Mode made in Italy.<\/p>\n<ul>\n<li>V\u00e4ri: Moniv\u00e4rinen<\/li>\n<li>Material: 55% Baumwolle, 25% Wolle, 10% Nylon, 5% Polyacryl, 5% PL<\/li>\n<li>Alkuper\u00e4maa: IT<\/li>\n<\/ul>","protected":false},"excerpt":{"rendered":"<p>Verleihen Sie Ihrer Garderobe einen Hauch von italienischer Eleganz mit diesem lebhaften knielangen Mantel von Dolce &amp; Gabbana. Mit seinem schicken rot-schwarz-wei\u00dfen Karomuster und dem luxuri\u00f6sen roten Innenfutter ist dieser Mantel ein Beispiel f\u00fcr das Engagement der Marke f\u00fcr hohe Handwerkskunst. Ein klassischer Drei-Knopf-Verschluss und dezente Logodetails verleihen ihm einen Hauch von Raffinesse. Perfekt verarbeitet, [&hellip;]<\/p>","protected":false},"featured_media":139933,"template":"","meta":[],"product_brand":[1620],"product_cat":[1637,1670,1623],"product_tag":[],"class_list":{"0":"post-139939","1":"product","2":"type-product","3":"status-publish","4":"has-post-thumbnail","6":"product_brand-dolce-gabbana","7":"product_cat-frauen-kleidung","8":"product_cat-jacken-maentel","9":"product_cat-kleidung","11":"first","12":"instock","13":"sale","14":"taxable","15":"shipping-taxable","16":"purchasable","17":"product-type-variable"},"_links":{"self":[{"href":"https:\/\/tpmadalina42.supserv.cozmoslabs.com\/fi\/wp-json\/wp\/v2\/product\/139939","targetHints":{"allow":["GET"]}}],"collection":[{"href":"https:\/\/tpmadalina42.supserv.cozmoslabs.com\/fi\/wp-json\/wp\/v2\/product"}],"about":[{"href":"https:\/\/tpmadalina42.supserv.cozmoslabs.com\/fi\/wp-json\/wp\/v2\/types\/product"}],"wp:featuredmedia":[{"embeddable":true,"href":"https:\/\/tpmadalina42.supserv.cozmoslabs.com\/fi\/wp-json\/wp\/v2\/media\/139933"}],"wp:attachment":[{"href":"https:\/\/tpmadalina42.supserv.cozmoslabs.com\/fi\/wp-json\/wp\/v2\/media?parent=139939"}],"wp:term":[{"taxonomy":"product_brand","embeddable":true,"href":"https:\/\/tpmadalina42.supserv.cozmoslabs.com\/fi\/wp-json\/wp\/v2\/product_brand?post=139939"},{"taxonomy":"product_cat","embeddable":true,"href":"https:\/\/tpmadalina42.supserv.cozmoslabs.com\/fi\/wp-json\/wp\/v2\/product_cat?post=139939"},{"taxonomy":"product_tag","embeddable":true,"href":"https:\/\/tpmadalina42.supserv.cozmoslabs.com\/fi\/wp-json\/wp\/v2\/product_tag?post=139939"}],"curies":[{"name":"wp","href":"https:\/\/api.w.org\/{rel}","templated":true}]}}