{"id":139988,"date":"2024-07-23T16:57:35","date_gmt":"2024-07-23T23:57:35","guid":{"rendered":"https:\/\/glandine.com\/product\/dolce-gabbana-erhoehen-sie-ihre-garderobe-mit-unserem-exquisiten-goldrock\/"},"modified":"2024-11-29T16:23:36","modified_gmt":"2024-11-29T15:23:36","slug":"dolce-gabbana-erhoehen-sie-ihre-garderobe-mit-unserem-exquisiten-goldrock","status":"publish","type":"product","link":"https:\/\/tpmadalina42.supserv.cozmoslabs.com\/fi\/tuote-2\/dolce-gabbana-erhoehen-sie-ihre-garderobe-mit-unserem-exquisiten-goldrock\/","title":{"rendered":"Dolce &amp; Gabbana Erh\u00f6hen Sie Ihre Garderobe mit unserem exquisiten Goldrock"},"content":{"rendered":"<p>Mit dem luxuri\u00f6sen Rock mit hoher Taille von Dolce &amp; Gabbana setzen Sie auf jeder Veranstaltung ein glanzvolles Statement. Die auff\u00e4llige Kombination aus Gold und Blau f\u00e4ngt die Essenz der High Fashion ein, erg\u00e4nzt durch ein \u00fcppiges blaues Seidenfutter, das daf\u00fcr sorgt, dass Sie absolut extravagant aussehen und sich auch so f\u00fchlen. Das sorgf\u00e4ltige Design mit dem verdeckten Rei\u00dfverschluss sorgt f\u00fcr eine schmeichelhafte Passform, w\u00e4hrend die authentischen Logodetails den prestigetr\u00e4chtigen Stammbaum der Marke subtil unterstreichen. Dieser in Italien handgefertigte Rock ist ein Beispiel f\u00fcr die Mischung aus innovativem Design und traditioneller Handwerkskunst, f\u00fcr die Dolce &amp; Gabbana bekannt ist.<\/p>\n<ul>\n<li>V\u00e4ri: Kulta<\/li>\n<li>Material: 38% Polyester, 21% Acetat, 20% Seide, 12% Metallfaser, 5% Baumwolle, 3% Viskose, 1% Polyamid<\/li>\n<li>Futter: 100% Seide<\/li>\n<li>Alkuper\u00e4maa: IT<\/li>\n<\/ul>","protected":false},"excerpt":{"rendered":"<p>Mit dem luxuri\u00f6sen Rock mit hoher Taille von Dolce &amp; Gabbana setzen Sie auf jeder Veranstaltung ein glanzvolles Statement. Die auff\u00e4llige Kombination aus Gold und Blau f\u00e4ngt die Essenz der High Fashion ein, erg\u00e4nzt durch ein \u00fcppiges blaues Seidenfutter, das daf\u00fcr sorgt, dass Sie absolut extravagant aussehen und sich auch so f\u00fchlen. Das sorgf\u00e4ltige Design [&hellip;]<\/p>","protected":false},"featured_media":139983,"template":"","meta":[],"product_brand":[1620],"product_cat":[1637,1623,1699],"product_tag":[],"class_list":{"0":"post-139988","1":"product","2":"type-product","3":"status-publish","4":"has-post-thumbnail","6":"product_brand-dolce-gabbana","7":"product_cat-frauen-kleidung","8":"product_cat-kleidung","9":"product_cat-roecke","11":"first","12":"instock","13":"sale","14":"taxable","15":"shipping-taxable","16":"purchasable","17":"product-type-variable"},"_links":{"self":[{"href":"https:\/\/tpmadalina42.supserv.cozmoslabs.com\/fi\/wp-json\/wp\/v2\/product\/139988","targetHints":{"allow":["GET"]}}],"collection":[{"href":"https:\/\/tpmadalina42.supserv.cozmoslabs.com\/fi\/wp-json\/wp\/v2\/product"}],"about":[{"href":"https:\/\/tpmadalina42.supserv.cozmoslabs.com\/fi\/wp-json\/wp\/v2\/types\/product"}],"wp:featuredmedia":[{"embeddable":true,"href":"https:\/\/tpmadalina42.supserv.cozmoslabs.com\/fi\/wp-json\/wp\/v2\/media\/139983"}],"wp:attachment":[{"href":"https:\/\/tpmadalina42.supserv.cozmoslabs.com\/fi\/wp-json\/wp\/v2\/media?parent=139988"}],"wp:term":[{"taxonomy":"product_brand","embeddable":true,"href":"https:\/\/tpmadalina42.supserv.cozmoslabs.com\/fi\/wp-json\/wp\/v2\/product_brand?post=139988"},{"taxonomy":"product_cat","embeddable":true,"href":"https:\/\/tpmadalina42.supserv.cozmoslabs.com\/fi\/wp-json\/wp\/v2\/product_cat?post=139988"},{"taxonomy":"product_tag","embeddable":true,"href":"https:\/\/tpmadalina42.supserv.cozmoslabs.com\/fi\/wp-json\/wp\/v2\/product_tag?post=139988"}],"curies":[{"name":"wp","href":"https:\/\/api.w.org\/{rel}","templated":true}]}}