{"id":139996,"date":"2024-07-23T16:58:04","date_gmt":"2024-07-23T23:58:04","guid":{"rendered":"https:\/\/glandine.com\/product\/dolce-gabbana-eleganter-rock-mit-geometrischem-druck-und-hoher-taille\/"},"modified":"2024-11-29T16:23:47","modified_gmt":"2024-11-29T15:23:47","slug":"dolce-gabbana-eleganter-rock-mit-geometrischem-druck-und-hoher-taille","status":"publish","type":"product","link":"https:\/\/tpmadalina42.supserv.cozmoslabs.com\/fi\/tuote-2\/dolce-gabbana-eleganter-rock-mit-geometrischem-druck-und-hoher-taille\/","title":{"rendered":"Dolce &amp; Gabbana Eleganter Rock mit geometrischem Druck und hoher Taille"},"content":{"rendered":"<p>Dieser atemberaubende Rock von Dolce &amp; Gabbana ist der Inbegriff von Luxus. Perfekt, um Ihrer Garderobe einen Farbtupfer zu verleihen. Der hochtaillierte, bis unter die Knie reichende Rock verf\u00fcgt \u00fcber einen lebhaften, mehrfarbigen, geometrischen Druck, der daf\u00fcr sorgt, dass Sie bei jeder Veranstaltung mit Eleganz auffallen. Der Rock ist wundersch\u00f6n mit Seidenstretch gef\u00fcttert, um neben dem Stil auch Komfort zu bieten, und zeigt mit seinen subtilen Logo-Akzenten stolz die Liebe zum Detail der Marke. Das in Italien aus den besten Materialien gefertigte Modell ist ein Beweis f\u00fcr hohe Mode und hochwertige Verarbeitung.<\/p>\n<ul>\n<li>V\u00e4ri: Moniv\u00e4rinen<\/li>\n<li>Material: 45% Seide, 35% Viskose, 20% Nylon<\/li>\n<li>Futter: 86% Seide, 8% Baumwolle, 4% Elasthan, 2% Nylon<\/li>\n<li>Alkuper\u00e4maa: Italia<\/li>\n<\/ul>","protected":false},"excerpt":{"rendered":"<p>Dieser atemberaubende Rock von Dolce &amp; Gabbana ist der Inbegriff von Luxus. Perfekt, um Ihrer Garderobe einen Farbtupfer zu verleihen. Der hochtaillierte, bis unter die Knie reichende Rock verf\u00fcgt \u00fcber einen lebhaften, mehrfarbigen, geometrischen Druck, der daf\u00fcr sorgt, dass Sie bei jeder Veranstaltung mit Eleganz auffallen. Der Rock ist wundersch\u00f6n mit Seidenstretch gef\u00fcttert, um neben [&hellip;]<\/p>","protected":false},"featured_media":139991,"template":"","meta":[],"product_brand":[1620],"product_cat":[1637,1623,1699],"product_tag":[],"class_list":{"0":"post-139996","1":"product","2":"type-product","3":"status-publish","4":"has-post-thumbnail","6":"product_brand-dolce-gabbana","7":"product_cat-frauen-kleidung","8":"product_cat-kleidung","9":"product_cat-roecke","11":"first","12":"instock","13":"sale","14":"taxable","15":"shipping-taxable","16":"purchasable","17":"product-type-variable"},"_links":{"self":[{"href":"https:\/\/tpmadalina42.supserv.cozmoslabs.com\/fi\/wp-json\/wp\/v2\/product\/139996","targetHints":{"allow":["GET"]}}],"collection":[{"href":"https:\/\/tpmadalina42.supserv.cozmoslabs.com\/fi\/wp-json\/wp\/v2\/product"}],"about":[{"href":"https:\/\/tpmadalina42.supserv.cozmoslabs.com\/fi\/wp-json\/wp\/v2\/types\/product"}],"wp:featuredmedia":[{"embeddable":true,"href":"https:\/\/tpmadalina42.supserv.cozmoslabs.com\/fi\/wp-json\/wp\/v2\/media\/139991"}],"wp:attachment":[{"href":"https:\/\/tpmadalina42.supserv.cozmoslabs.com\/fi\/wp-json\/wp\/v2\/media?parent=139996"}],"wp:term":[{"taxonomy":"product_brand","embeddable":true,"href":"https:\/\/tpmadalina42.supserv.cozmoslabs.com\/fi\/wp-json\/wp\/v2\/product_brand?post=139996"},{"taxonomy":"product_cat","embeddable":true,"href":"https:\/\/tpmadalina42.supserv.cozmoslabs.com\/fi\/wp-json\/wp\/v2\/product_cat?post=139996"},{"taxonomy":"product_tag","embeddable":true,"href":"https:\/\/tpmadalina42.supserv.cozmoslabs.com\/fi\/wp-json\/wp\/v2\/product_tag?post=139996"}],"curies":[{"name":"wp","href":"https:\/\/api.w.org\/{rel}","templated":true}]}}