{"id":140141,"date":"2024-07-23T17:05:04","date_gmt":"2024-07-24T00:05:04","guid":{"rendered":"https:\/\/glandine.com\/product\/dolce-gabbana-eleganter-floraler-brokat-blazer-mantel-jacke\/"},"modified":"2024-11-29T16:26:44","modified_gmt":"2024-11-29T15:26:44","slug":"dolce-gabbana-eleganter-floraler-brokat-blazer-mantel-jacke","status":"publish","type":"product","link":"https:\/\/tpmadalina42.supserv.cozmoslabs.com\/fi\/tuote-2\/dolce-gabbana-eleganter-floraler-brokat-blazer-mantel-jacke\/","title":{"rendered":"Dolce &amp; Gabbana Elegantti kukka brokadi bleiseri takki takki takki"},"content":{"rendered":"<p>Gehen Sie stilvoll aus mit dem exquisiten Dolce &amp; Gabbana Blazer Mantel Jacke. Dieses luxuri\u00f6se St\u00fcck r\u00fchmt sich eines lebendigen mehrfarbigen Blumenbrokats, perfekt f\u00fcr diejenigen, die ein Statement setzen wollen. Die Jacke verf\u00fcgt \u00fcber den ikonischen DG-Knopfverschluss und subtile Logodetails, die die hohe Handwerkskunst der renommierten italienischen Marke unterstreichen. Diese Jacke f\u00fcr die modebewusste Frau verbindet Haute Couture Design mit Funktionalit\u00e4t und sorgt daf\u00fcr, dass Sie bei jeder Veranstaltung einen unvergesslichen Eindruck hinterlassen.<\/p>\n<ul>\n<li>Material: 83% Polyester, 17% Nylon<\/li>\n<li>Sis\u00e4vuori: 100% polyesteri<\/li>\n<li>V\u00e4ri: Musta<\/li>\n<li>Alkuper\u00e4maa: IT<\/li>\n<\/ul>","protected":false},"excerpt":{"rendered":"<p>Gehen Sie stilvoll aus mit dem exquisiten Dolce &amp; Gabbana Blazer Mantel Jacke. Dieses luxuri\u00f6se St\u00fcck r\u00fchmt sich eines lebendigen mehrfarbigen Blumenbrokats, perfekt f\u00fcr diejenigen, die ein Statement setzen wollen. Die Jacke verf\u00fcgt \u00fcber den ikonischen DG-Knopfverschluss und subtile Logodetails, die die hohe Handwerkskunst der renommierten italienischen Marke unterstreichen. Diese Jacke f\u00fcr die modebewusste Frau [&hellip;]<\/p>","protected":false},"featured_media":140136,"template":"","meta":[],"product_brand":[1620],"product_cat":[1637,1670,1623],"product_tag":[],"class_list":{"0":"post-140141","1":"product","2":"type-product","3":"status-publish","4":"has-post-thumbnail","6":"product_brand-dolce-gabbana","7":"product_cat-frauen-kleidung","8":"product_cat-jacken-maentel","9":"product_cat-kleidung","11":"first","12":"instock","13":"sale","14":"taxable","15":"shipping-taxable","16":"purchasable","17":"product-type-variable"},"_links":{"self":[{"href":"https:\/\/tpmadalina42.supserv.cozmoslabs.com\/fi\/wp-json\/wp\/v2\/product\/140141","targetHints":{"allow":["GET"]}}],"collection":[{"href":"https:\/\/tpmadalina42.supserv.cozmoslabs.com\/fi\/wp-json\/wp\/v2\/product"}],"about":[{"href":"https:\/\/tpmadalina42.supserv.cozmoslabs.com\/fi\/wp-json\/wp\/v2\/types\/product"}],"wp:featuredmedia":[{"embeddable":true,"href":"https:\/\/tpmadalina42.supserv.cozmoslabs.com\/fi\/wp-json\/wp\/v2\/media\/140136"}],"wp:attachment":[{"href":"https:\/\/tpmadalina42.supserv.cozmoslabs.com\/fi\/wp-json\/wp\/v2\/media?parent=140141"}],"wp:term":[{"taxonomy":"product_brand","embeddable":true,"href":"https:\/\/tpmadalina42.supserv.cozmoslabs.com\/fi\/wp-json\/wp\/v2\/product_brand?post=140141"},{"taxonomy":"product_cat","embeddable":true,"href":"https:\/\/tpmadalina42.supserv.cozmoslabs.com\/fi\/wp-json\/wp\/v2\/product_cat?post=140141"},{"taxonomy":"product_tag","embeddable":true,"href":"https:\/\/tpmadalina42.supserv.cozmoslabs.com\/fi\/wp-json\/wp\/v2\/product_tag?post=140141"}],"curies":[{"name":"wp","href":"https:\/\/api.w.org\/{rel}","templated":true}]}}