{"id":140157,"date":"2024-07-23T17:05:56","date_gmt":"2024-07-24T00:05:56","guid":{"rendered":"https:\/\/glandine.com\/product\/dolce-gabbana-elegante-florale-cape-jacke-mit-pelzdetails\/"},"modified":"2024-11-29T16:27:00","modified_gmt":"2024-11-29T15:27:00","slug":"dolce-gabbana-elegante-florale-cape-jacke-mit-pelzdetails","status":"publish","type":"product","link":"https:\/\/tpmadalina42.supserv.cozmoslabs.com\/fi\/tuote-2\/dolce-gabbana-elegante-florale-cape-jacke-mit-pelzdetails\/","title":{"rendered":"Dolce &amp; Gabbana Elegantti kukkakuvioinen viittatakki turkisyksityiskohdilla"},"content":{"rendered":"<p>Mit dieser bezaubernden Cape-Jacke von <strong>Dolce &amp; Gabbana<\/strong> k\u00f6nnen Sie den Fr\u00fchling in vollen Z\u00fcgen genie\u00dfen. Das brandneue, mit Anh\u00e4ngern versehene Modell ist in einem strahlenden Wei\u00df gehalten und mit mehrfarbigen Blumenrosen und exquisiten Pelzdetails verziert. Es wurde mit \u00e4u\u00dferster Pr\u00e4zision gefertigt und verf\u00fcgt \u00fcber ein Stretch-Futter aus Seide, das f\u00fcr luxuri\u00f6sen Komfort sorgt. Logo-Akzente und hochwertige Verarbeitung machen dieses St\u00fcck zu einem Zeugnis italienischer Handwerkskunst &#8211; eine wahrhaft exklusive Erg\u00e4nzung Ihrer Garderobe.<\/p>\n<ul>\n<li>V\u00e4ri: Valkoinen<\/li>\n<li>Material: 64% Viskose, 36% Baumwolle<\/li>\n<li>Innenfutter: 91% Seide, 9% Elastan<\/li>\n<li>Alkuper\u00e4maa: IT<\/li>\n<\/ul>","protected":false},"excerpt":{"rendered":"<p>Mit dieser bezaubernden Cape-Jacke von Dolce &amp; Gabbana k\u00f6nnen Sie den Fr\u00fchling in vollen Z\u00fcgen genie\u00dfen. Das brandneue, mit Anh\u00e4ngern versehene Modell ist in einem strahlenden Wei\u00df gehalten und mit mehrfarbigen Blumenrosen und exquisiten Pelzdetails verziert. Es wurde mit \u00e4u\u00dferster Pr\u00e4zision gefertigt und verf\u00fcgt \u00fcber ein Stretch-Futter aus Seide, das f\u00fcr luxuri\u00f6sen Komfort sorgt. Logo-Akzente [&hellip;]<\/p>","protected":false},"featured_media":140152,"template":"","meta":[],"product_brand":[1620],"product_cat":[1637,1670,1623],"product_tag":[],"class_list":{"0":"post-140157","1":"product","2":"type-product","3":"status-publish","4":"has-post-thumbnail","6":"product_brand-dolce-gabbana","7":"product_cat-frauen-kleidung","8":"product_cat-jacken-maentel","9":"product_cat-kleidung","11":"first","12":"instock","13":"sale","14":"taxable","15":"shipping-taxable","16":"purchasable","17":"product-type-variable"},"_links":{"self":[{"href":"https:\/\/tpmadalina42.supserv.cozmoslabs.com\/fi\/wp-json\/wp\/v2\/product\/140157","targetHints":{"allow":["GET"]}}],"collection":[{"href":"https:\/\/tpmadalina42.supserv.cozmoslabs.com\/fi\/wp-json\/wp\/v2\/product"}],"about":[{"href":"https:\/\/tpmadalina42.supserv.cozmoslabs.com\/fi\/wp-json\/wp\/v2\/types\/product"}],"wp:featuredmedia":[{"embeddable":true,"href":"https:\/\/tpmadalina42.supserv.cozmoslabs.com\/fi\/wp-json\/wp\/v2\/media\/140152"}],"wp:attachment":[{"href":"https:\/\/tpmadalina42.supserv.cozmoslabs.com\/fi\/wp-json\/wp\/v2\/media?parent=140157"}],"wp:term":[{"taxonomy":"product_brand","embeddable":true,"href":"https:\/\/tpmadalina42.supserv.cozmoslabs.com\/fi\/wp-json\/wp\/v2\/product_brand?post=140157"},{"taxonomy":"product_cat","embeddable":true,"href":"https:\/\/tpmadalina42.supserv.cozmoslabs.com\/fi\/wp-json\/wp\/v2\/product_cat?post=140157"},{"taxonomy":"product_tag","embeddable":true,"href":"https:\/\/tpmadalina42.supserv.cozmoslabs.com\/fi\/wp-json\/wp\/v2\/product_tag?post=140157"}],"curies":[{"name":"wp","href":"https:\/\/api.w.org\/{rel}","templated":true}]}}