{"id":140174,"date":"2024-07-23T17:06:49","date_gmt":"2024-07-24T00:06:49","guid":{"rendered":"https:\/\/glandine.com\/product\/dolce-gabbana-exquisites-midikleid-aus-roter-seide-mit-schlagseite\/"},"modified":"2024-11-29T16:27:17","modified_gmt":"2024-11-29T15:27:17","slug":"dolce-gabbana-exquisites-midikleid-aus-roter-seide-mit-schlagseite","status":"publish","type":"product","link":"https:\/\/tpmadalina42.supserv.cozmoslabs.com\/fi\/tuote-2\/dolce-gabbana-exquisites-midikleid-aus-roter-seide-mit-schlagseite\/","title":{"rendered":"Dolce &amp; Gabbana Exquisites Midikleid aus roter Seide mit Schlagseite"},"content":{"rendered":"<p>Umarmen Sie den Inbegriff italienischer Eleganz mit diesem luxuri\u00f6sen <strong>Dolce &amp; Gabbana<\/strong> Mermaid Fit and Flare Midikleid. Mit seinem ger\u00fcschten Mieder, das Ihre Kurven umschmeichelt und akzentuiert, ist dieses wundersch\u00f6ne Kleid perfekt, um eine atemberaubende Silhouette zu kreieren. Der satte rote Farbton setzt einen kr\u00e4ftigen Akzent, w\u00e4hrend das Stretch-Innenfutter aus Seide f\u00fcr maximalen Komfort sorgt. Dieses mit viel Liebe zum Detail und hoher Handwerkskunst gefertigte Kleid ist nicht einfach nur ein Kleid, sondern ein Kunstwerk, das bei jeder hochwertigen Veranstaltung im Mittelpunkt stehen sollte.<\/p>\n<ul>\n<li>V\u00e4ri: punainen<\/li>\n<li>Material: 96% Seide, 4% Elastan<\/li>\n<li>Innenfutter: 66% Seide, 11% Elastan, 15% Baumwolle, 9% Nylon<\/li>\n<li>Alkuper\u00e4maa: Italia<\/li>\n<li>Vetoketju takana<\/li>\n<li>Logon yksityiskohdat<\/li>\n<\/ul>","protected":false},"excerpt":{"rendered":"<p>Umarmen Sie den Inbegriff italienischer Eleganz mit diesem luxuri\u00f6sen Dolce &amp; Gabbana Mermaid Fit and Flare Midikleid. Mit seinem ger\u00fcschten Mieder, das Ihre Kurven umschmeichelt und akzentuiert, ist dieses wundersch\u00f6ne Kleid perfekt, um eine atemberaubende Silhouette zu kreieren. Der satte rote Farbton setzt einen kr\u00e4ftigen Akzent, w\u00e4hrend das Stretch-Innenfutter aus Seide f\u00fcr maximalen Komfort sorgt. [&hellip;]<\/p>","protected":false},"featured_media":140168,"template":"","meta":[],"product_brand":[1620],"product_cat":[1637,1659,1623],"product_tag":[],"class_list":{"0":"post-140174","1":"product","2":"type-product","3":"status-publish","4":"has-post-thumbnail","6":"product_brand-dolce-gabbana","7":"product_cat-frauen-kleidung","8":"product_cat-kleider","9":"product_cat-kleidung","11":"first","12":"instock","13":"sale","14":"taxable","15":"shipping-taxable","16":"purchasable","17":"product-type-variable"},"_links":{"self":[{"href":"https:\/\/tpmadalina42.supserv.cozmoslabs.com\/fi\/wp-json\/wp\/v2\/product\/140174","targetHints":{"allow":["GET"]}}],"collection":[{"href":"https:\/\/tpmadalina42.supserv.cozmoslabs.com\/fi\/wp-json\/wp\/v2\/product"}],"about":[{"href":"https:\/\/tpmadalina42.supserv.cozmoslabs.com\/fi\/wp-json\/wp\/v2\/types\/product"}],"wp:featuredmedia":[{"embeddable":true,"href":"https:\/\/tpmadalina42.supserv.cozmoslabs.com\/fi\/wp-json\/wp\/v2\/media\/140168"}],"wp:attachment":[{"href":"https:\/\/tpmadalina42.supserv.cozmoslabs.com\/fi\/wp-json\/wp\/v2\/media?parent=140174"}],"wp:term":[{"taxonomy":"product_brand","embeddable":true,"href":"https:\/\/tpmadalina42.supserv.cozmoslabs.com\/fi\/wp-json\/wp\/v2\/product_brand?post=140174"},{"taxonomy":"product_cat","embeddable":true,"href":"https:\/\/tpmadalina42.supserv.cozmoslabs.com\/fi\/wp-json\/wp\/v2\/product_cat?post=140174"},{"taxonomy":"product_tag","embeddable":true,"href":"https:\/\/tpmadalina42.supserv.cozmoslabs.com\/fi\/wp-json\/wp\/v2\/product_tag?post=140174"}],"curies":[{"name":"wp","href":"https:\/\/api.w.org\/{rel}","templated":true}]}}