{"id":140182,"date":"2024-07-23T17:07:11","date_gmt":"2024-07-24T00:07:11","guid":{"rendered":"https:\/\/glandine.com\/product\/dolce-gabbana-elegantes-etuikleid-mini-leopard\/"},"modified":"2024-11-29T16:27:25","modified_gmt":"2024-11-29T15:27:25","slug":"dolce-gabbana-elegantes-etuikleid-mini-leopard","status":"publish","type":"product","link":"https:\/\/tpmadalina42.supserv.cozmoslabs.com\/fi\/tuote-2\/dolce-gabbana-elegantes-etuikleid-mini-leopard\/","title":{"rendered":"Dolce &amp; Gabbana Elegantes Etuikleid Mini Leopard"},"content":{"rendered":"<p>Das atemberaubende Etuikleid von Dolce &amp; Gabbana ist der Inbegriff von High Fashion. Es besticht durch einen auff\u00e4lligen Leopardenprint in Schwarz und Gold, eine raffinierte Silhouette und ein luxuri\u00f6ses, glattes Futter aus schwarzer Seide f\u00fcr ultimativen Komfort. Das in Italien mit viel Liebe zum Detail gefertigte Kleid ist eine perfekte Mischung aus Eleganz und topaktuellem Stil, mit der Sie bei jeder Veranstaltung einen glanzvollen Eindruck hinterlassen.<\/p>\n<p>V\u00e4ri: Musta<br \/>Materiaali: 100% polyesteri<br \/>Futter: 100% Seide<br \/>Alkuper\u00e4maa: Italia<br \/>Vetoketju takana<br \/>Logon yksityiskohdat<\/p>","protected":false},"excerpt":{"rendered":"<p>Das atemberaubende Etuikleid von Dolce &amp; Gabbana ist der Inbegriff von High Fashion. Es besticht durch einen auff\u00e4lligen Leopardenprint in Schwarz und Gold, eine raffinierte Silhouette und ein luxuri\u00f6ses, glattes Futter aus schwarzer Seide f\u00fcr ultimativen Komfort. Das in Italien mit viel Liebe zum Detail gefertigte Kleid ist eine perfekte Mischung aus Eleganz und topaktuellem [&hellip;]<\/p>","protected":false},"featured_media":140177,"template":"","meta":[],"product_brand":[1620],"product_cat":[1637,1659,1623],"product_tag":[],"class_list":{"0":"post-140182","1":"product","2":"type-product","3":"status-publish","4":"has-post-thumbnail","6":"product_brand-dolce-gabbana","7":"product_cat-frauen-kleidung","8":"product_cat-kleider","9":"product_cat-kleidung","11":"first","12":"instock","13":"sale","14":"taxable","15":"shipping-taxable","16":"purchasable","17":"product-type-variable"},"_links":{"self":[{"href":"https:\/\/tpmadalina42.supserv.cozmoslabs.com\/fi\/wp-json\/wp\/v2\/product\/140182","targetHints":{"allow":["GET"]}}],"collection":[{"href":"https:\/\/tpmadalina42.supserv.cozmoslabs.com\/fi\/wp-json\/wp\/v2\/product"}],"about":[{"href":"https:\/\/tpmadalina42.supserv.cozmoslabs.com\/fi\/wp-json\/wp\/v2\/types\/product"}],"wp:featuredmedia":[{"embeddable":true,"href":"https:\/\/tpmadalina42.supserv.cozmoslabs.com\/fi\/wp-json\/wp\/v2\/media\/140177"}],"wp:attachment":[{"href":"https:\/\/tpmadalina42.supserv.cozmoslabs.com\/fi\/wp-json\/wp\/v2\/media?parent=140182"}],"wp:term":[{"taxonomy":"product_brand","embeddable":true,"href":"https:\/\/tpmadalina42.supserv.cozmoslabs.com\/fi\/wp-json\/wp\/v2\/product_brand?post=140182"},{"taxonomy":"product_cat","embeddable":true,"href":"https:\/\/tpmadalina42.supserv.cozmoslabs.com\/fi\/wp-json\/wp\/v2\/product_cat?post=140182"},{"taxonomy":"product_tag","embeddable":true,"href":"https:\/\/tpmadalina42.supserv.cozmoslabs.com\/fi\/wp-json\/wp\/v2\/product_tag?post=140182"}],"curies":[{"name":"wp","href":"https:\/\/api.w.org\/{rel}","templated":true}]}}