{"id":140265,"date":"2024-07-23T17:11:16","date_gmt":"2024-07-24T00:11:16","guid":{"rendered":"https:\/\/glandine.com\/product\/dolce-gabbana-elegantes-gepunktetes-knielanges-kleid-in-a-linie\/"},"modified":"2024-11-29T16:28:46","modified_gmt":"2024-11-29T15:28:46","slug":"dolce-gabbana-elegantes-gepunktetes-knielanges-kleid-in-a-linie","status":"publish","type":"product","link":"https:\/\/tpmadalina42.supserv.cozmoslabs.com\/fi\/tuote-2\/dolce-gabbana-elegantes-gepunktetes-knielanges-kleid-in-a-linie\/","title":{"rendered":"Dolce &amp; Gabbana Elegantes gepunktetes knielanges Kleid in A-Linie"},"content":{"rendered":"<p>T\u00e4m\u00e4 mekko alkaen <strong>Dolce &amp; Gabbana<\/strong> steht f\u00fcr zeitlose Eleganz und eignet sich perfekt, um ein schickes Statement abzugeben. Es ist mit einem verspielten rosafarbenen und schwarzen Tupfenmuster verziert und verf\u00fcgt \u00fcber einen plissierten A-Linien-Schnitt, der bis zum Knie reicht und eine schmeichelhafte Silhouette garantiert. Das in Italien gefertigte Kleid zeichnet sich durch seine au\u00dfergew\u00f6hnliche Qualit\u00e4t und die Liebe zum Detail aus, darunter ein praktischer Rei\u00dfverschluss auf der R\u00fcckseite und dezente Logo-Verzierungen. Die Mischung aus Polyester und Seide und das luxuri\u00f6se Futter sorgen daf\u00fcr, dass dieses exklusive Kleid nicht nur bequem, sondern auch stilvoll ist.<\/p>\n<ul>\n<li>Farbe: Rosa mit schwarzen Tupfen<\/li>\n<li>Material: 50% Polyester, 50% Seide<\/li>\n<li>Futter: 92% Cupro, 5% Nylon, 2% Elastan, 1% Rayon<\/li>\n<li>Alkuper\u00e4maa: IT<\/li>\n<\/ul>","protected":false},"excerpt":{"rendered":"<p>Dieses Kleid von Dolce &amp; Gabbana steht f\u00fcr zeitlose Eleganz und eignet sich perfekt, um ein schickes Statement abzugeben. Es ist mit einem verspielten rosafarbenen und schwarzen Tupfenmuster verziert und verf\u00fcgt \u00fcber einen plissierten A-Linien-Schnitt, der bis zum Knie reicht und eine schmeichelhafte Silhouette garantiert. Das in Italien gefertigte Kleid zeichnet sich durch seine au\u00dfergew\u00f6hnliche [&hellip;]<\/p>","protected":false},"featured_media":140259,"template":"","meta":[],"product_brand":[1620],"product_cat":[1637,1659,1623],"product_tag":[],"class_list":{"0":"post-140265","1":"product","2":"type-product","3":"status-publish","4":"has-post-thumbnail","6":"product_brand-dolce-gabbana","7":"product_cat-frauen-kleidung","8":"product_cat-kleider","9":"product_cat-kleidung","11":"first","12":"instock","13":"sale","14":"taxable","15":"shipping-taxable","16":"purchasable","17":"product-type-variable"},"_links":{"self":[{"href":"https:\/\/tpmadalina42.supserv.cozmoslabs.com\/fi\/wp-json\/wp\/v2\/product\/140265","targetHints":{"allow":["GET"]}}],"collection":[{"href":"https:\/\/tpmadalina42.supserv.cozmoslabs.com\/fi\/wp-json\/wp\/v2\/product"}],"about":[{"href":"https:\/\/tpmadalina42.supserv.cozmoslabs.com\/fi\/wp-json\/wp\/v2\/types\/product"}],"wp:featuredmedia":[{"embeddable":true,"href":"https:\/\/tpmadalina42.supserv.cozmoslabs.com\/fi\/wp-json\/wp\/v2\/media\/140259"}],"wp:attachment":[{"href":"https:\/\/tpmadalina42.supserv.cozmoslabs.com\/fi\/wp-json\/wp\/v2\/media?parent=140265"}],"wp:term":[{"taxonomy":"product_brand","embeddable":true,"href":"https:\/\/tpmadalina42.supserv.cozmoslabs.com\/fi\/wp-json\/wp\/v2\/product_brand?post=140265"},{"taxonomy":"product_cat","embeddable":true,"href":"https:\/\/tpmadalina42.supserv.cozmoslabs.com\/fi\/wp-json\/wp\/v2\/product_cat?post=140265"},{"taxonomy":"product_tag","embeddable":true,"href":"https:\/\/tpmadalina42.supserv.cozmoslabs.com\/fi\/wp-json\/wp\/v2\/product_tag?post=140265"}],"curies":[{"name":"wp","href":"https:\/\/api.w.org\/{rel}","templated":true}]}}